{"id":89,"date":"2017-11-14T10:18:20","date_gmt":"2017-11-14T10:18:20","guid":{"rendered":"https:\/\/yachtprojects.net\/?page_id=89"},"modified":"2023-08-01T14:31:51","modified_gmt":"2023-08-01T14:31:51","slug":"european-headhunter-service","status":"publish","type":"page","link":"https:\/\/yachtprojects.net\/es\/european-headhunter-service\/","title":{"rendered":"Servicio Headhunter Europeo"},"content":{"rendered":"<div id=\"fws_69da3810229ea\"  data-midnight=\"dark\" data-bg-mobile-hidden=\"\" class=\"wpb_row vc_row-fluid vc_row standard_section\"  style=\"padding-top: 0px; padding-bottom: 0px; \"><div class=\"row-bg-wrap\"><div class=\"inner-wrap\"> <div class=\"row-bg\"  style=\"\" data-color_overlay=\"\" data-color_overlay_2=\"\" data-gradient_direction=\"\" data-overlay_strength=\"0.3\" data-enable_gradient=\"false\"><\/div><\/div> <\/div><div class=\"col span_12 dark left\">\n\t<div  class=\"vc_col-sm-3 wpb_column column_container vc_column_container col no-extra-padding\"  data-shadow=\"none\" data-border-animation=\"\" data-border-animation-delay=\"\" data-border-width=\"none\" data-border-style=\"solid\" data-border-color=\"\" data-bg-cover=\"\" data-padding-pos=\"all\" data-has-bg-color=\"false\" data-bg-color=\"\" data-bg-opacity=\"1\" data-hover-bg=\"\" data-hover-bg-opacity=\"1\" data-animation=\"\" data-delay=\"0\">\n\t\t<div class=\"vc_column-inner\">\n\t\t\t<div class=\"wpb_wrapper\">\n\t\t\t\t\r\n\t<div class=\"wpb_text_column wpb_content_element\" >\r\n\t\t<div class=\"wpb_wrapper\">\r\n\t\t\t<h4 class=\"dark-blue\">Servicios<\/h4>\n<div class=\"ypmenu\"><ul id=\"menu-services\" class=\"menu\"><li id=\"menu-item-1576\" class=\"menu-item menu-item-type-post_type menu-item-object-page menu-item-1576\"><a href=\"https:\/\/yachtprojects.net\/es\/european-headhunter-service\/\">Servicio Headhunter Europeo<\/a><\/li>\n<li id=\"menu-item-13691\" class=\"menu-item menu-item-type-post_type menu-item-object-page menu-item-13691\"><a href=\"https:\/\/yachtprojects.net\/es\/fci-watermakers\/\">Watermakers<\/a><\/li>\n<li id=\"menu-item-1575\" class=\"menu-item menu-item-type-post_type menu-item-object-page menu-item-1575\"><a href=\"https:\/\/yachtprojects.net\/es\/consultancy\/\">Consultor\u00eda<\/a><\/li>\n<\/ul><\/div>\n<p><a class=\"nectar-button small regular extra-color-1 regular-button\" style=\"visibility: visible;\" href=\"https:\/\/yachtprojects.net\/es\/contact\/\" data-color-override=\"false\" data-hover-color-override=\"false\" data-hover-text-color-override=\"#fff\">Hacer consulta<\/a><\/p>\n\r\n\t\t<\/div>\r\n\t<\/div>\r\n\n\t\t\t<\/div> \n\t\t<\/div>\n\t<\/div> \n\n\t<div style=\"\" class=\"vc_col-sm-9 wpb_column column_container vc_column_container col no-extra-padding\" data-using-bg=\"true\" data-shadow=\"none\" data-border-animation=\"\" data-border-animation-delay=\"\" data-border-width=\"none\" data-border-style=\"solid\" data-border-color=\"\" data-bg-cover=\"\" data-padding-pos=\"all\" data-has-bg-color=\"true\" data-bg-color=\"#eef8fc\" data-bg-opacity=\"1\" data-hover-bg=\"\" data-hover-bg-opacity=\"1\" data-animation=\"\" data-delay=\"0\">\n\t\t<div class=\"vc_column-inner\">\n\t\t\t<div class=\"wpb_wrapper\">\n\t\t\t\t\r\n\t<div class=\"wpb_text_column wpb_content_element  vc_custom_1690900308112\" >\r\n\t\t<div class=\"wpb_wrapper\">\r\n\t\t\t<div class=\"container white-container\">\n<div class=\"row\">\n<div class=\"col-sm-9\">\n<div class=\"blue-container\">\n<h1><img loading=\"lazy\" decoding=\"async\" class=\"size-full wp-image-92 alignleft\" src=\"https:\/\/yachtprojects.net\/wp-content\/uploads\/2017\/11\/headhunter-logo.png\" alt=\"\" width=\"287\" height=\"75\" \/><span style=\"color: #0e4176;\">European<\/span><br \/>\n<span style=\"color: #0e4176;\">Headhunter Service<\/span><\/h1>\n<p>&nbsp;<\/p>\n<h3 style=\"text-align: center;\">Descargue nuestra presentaci\u00f3n <a href=\"https:\/\/yachtprojects.net\/wp-content\/uploads\/2023\/08\/YPI-Headhunter.pdf\">Aqu\u00ed<\/a>!<\/h3>\n<h5><span style=\"color: #0e4176;\">Yachtprojects International LLC es el centro de servicio y ventas aprobado en Europa para sistemas de saneamiento HEADHUNTER, fabricantes de agua y soluciones de gesti\u00f3n del agua.<\/span><\/h5>\n<\/div>\n<h5><img loading=\"lazy\" decoding=\"async\" class=\"img_fullWidth aligncenter wp-image-93 size-full\" src=\"https:\/\/yachtprojects.net\/wp-content\/uploads\/2017\/11\/headhunter-gallery.jpg\" alt=\"\" width=\"682\" height=\"243\" srcset=\"https:\/\/yachtprojects.net\/wp-content\/uploads\/2017\/11\/headhunter-gallery.jpg 682w, https:\/\/yachtprojects.net\/wp-content\/uploads\/2017\/11\/headhunter-gallery-600x214.jpg 600w, https:\/\/yachtprojects.net\/wp-content\/uploads\/2017\/11\/headhunter-gallery-300x107.jpg 300w\" sizes=\"auto, (max-width: 682px) 100vw, 682px\" \/>Fundada en 1982 para dar el servicio y vender soluciones de plomer\u00eda marina, Headhunter ahora fabrica sus propias soluciones en una instalaci\u00f3n de 50.000 pies cuadrados en Port Everglades Florida, bajo un sistema de gesti\u00f3n de calidad certificado por ISO. Sus productos patentados han ganado notoriedad por su fiabilidad y su funcionamiento sin problemas. En los \u00faltimos 30 a\u00f1os, la l\u00ednea de productos se ha ampliado para incluir:<\/h5>\n<ul>\n<li>Sistema de presi\u00f3n, entrega y filtraci\u00f3n de agua<\/li>\n<li>indicaci\u00f3n del nivel del tanque<\/li>\n<li>Aseos Marinos<\/li>\n<li>Sistemas de recogida y transferencia de aguas residuales, aguas grises y condensado de aire acondicionado<\/li>\n<li>Trampas de grasa para el tratamiento de las aguas residuales de la cocina antes de la descarga<\/li>\n<li>Plantas y sistemas de tratamiento de aguas residuales seg\u00fan los est\u00e1ndares actuales de la OMI.<\/li>\n<li>Controles el\u00e9ctricos para la automatizaci\u00f3n integrada de estas aplicaciones<\/li>\n<li>Patines integrados completos, dise\u00f1ados para su aplicaci\u00f3n<\/li>\n<\/ul>\n<p>Hoy en d\u00eda, los productos se pueden encontrar mucho m\u00e1s all\u00e1 de los relucientes interiores de los yates de lujo donde comenzaron. Las soluciones del sistema Headhunter se encuentra en:<\/p>\n<ul>\n<li>Barcos de suministro en alta mar, remolcadores, barcos de trabajo y lanchas de empuje<\/li>\n<li>Embarcaciones comerciales pesqueras<\/li>\n<li>Embarcaciones del ej\u00e9rcito y la armada EE.UU<\/li>\n<li>Instalaciones de la Marina Real del Reino Unido.<\/li>\n<li>En vivo a bordo de los barcos de excursi\u00f3n de buceo y ecoturismo<\/li>\n<li>Cruceros de mini y ultralujo<\/li>\n<li>Estructuras m\u00f3viles y fijas en alta mar para la industria petrolera<\/li>\n<li>Embarcaciones marinas extranjeras<\/li>\n<li>Casinos flotantes<\/li>\n<li>Lujosos ba\u00f1os m\u00f3viles en contenedores.<\/li>\n<li>Remolques, veh\u00edculos recreativos y autobuses de conversi\u00f3n de motores de lujo<\/li>\n<\/ul>\n<p>E incluso los puentes levadizos alrededor de Florida...<\/p>\n<p>Hoy, el sol nunca se pone en la l\u00ednea de productos Headhunter, desde Nueva Zelanda hasta Nueva Inglaterra, Maine, desde Chile hasta Finlandia, Los clientes satisfechos provienen de m\u00e1s de treinta y cinco pa\u00edses.<\/p>\n<p><a class=\"nectar-button small regular extra-color-1 regular-button\" style=\"visibility: visible;\" href=\"https:\/\/yachtprojects.net\/es\/contact\/\" data-color-override=\"false\" data-hover-color-override=\"false\" data-hover-text-color-override=\"#fff\">Hacer consulta<\/a><br \/>\n<a class=\"nectar-button small regular extra-color-1 regular-button\" style=\"visibility: visible;\" href=\"https:\/\/yachtprojects.net\/es\/shop\/\" data-color-override=\"false\" data-hover-color-override=\"false\" data-hover-text-color-override=\"#fff\">VISITAR TIENDA<\/a><\/p>\n<\/div>\n<\/div>\n<\/div>\n\r\n\t\t<\/div>\r\n\t<\/div>\r\n\n\t\t\t<\/div> \n\t\t<\/div>\n\t<\/div> \n<\/div><\/div>","protected":false},"excerpt":{"rendered":"Services European Headhunter Service Watermakers Consultancy MAKE ENQUIRY European Headhunter Service &nbsp; Download our presentation Here! Yachtprojects International LLC is the approved service and sales center in Europe for HEADHUNTER...","protected":false},"author":1,"featured_media":0,"parent":0,"menu_order":0,"comment_status":"closed","ping_status":"closed","template":"","meta":{"footnotes":""},"class_list":["post-89","page","type-page","status-publish","hentry"],"yoast_head":"<!-- This site is optimized with the Yoast SEO plugin v25.4 - https:\/\/yoast.com\/wordpress\/plugins\/seo\/ -->\n<title>European Headhunter Service - YachtProjects International<\/title>\n<meta name=\"robots\" content=\"index, follow, max-snippet:-1, max-image-preview:large, max-video-preview:-1\" \/>\n<link rel=\"canonical\" href=\"https:\/\/yachtprojects.net\/es\/european-headhunter-service\/\" \/>\n<meta property=\"og:locale\" content=\"es_ES\" \/>\n<meta property=\"og:type\" content=\"article\" \/>\n<meta property=\"og:title\" content=\"European Headhunter Service - YachtProjects International\" \/>\n<meta property=\"og:url\" content=\"https:\/\/yachtprojects.net\/es\/european-headhunter-service\/\" \/>\n<meta property=\"og:site_name\" content=\"YachtProjects International\" \/>\n<meta property=\"article:publisher\" content=\"https:\/\/www.facebook.com\/communicationprofessional\/?ref=bookmarks\" \/>\n<meta property=\"article:modified_time\" content=\"2023-08-01T14:31:51+00:00\" \/>\n<meta property=\"og:image\" content=\"https:\/\/yachtprojects.net\/wp-content\/uploads\/2017\/11\/headhunter-logo.png\" \/>\n<meta name=\"twitter:card\" content=\"summary_large_image\" \/>\n<meta name=\"twitter:label1\" content=\"Tiempo de lectura\" \/>\n\t<meta name=\"twitter:data1\" content=\"2 minutos\" \/>\n<script type=\"application\/ld+json\" class=\"yoast-schema-graph\">{\"@context\":\"https:\/\/schema.org\",\"@graph\":[{\"@type\":\"WebPage\",\"@id\":\"https:\/\/yachtprojects.net\/european-headhunter-service\/\",\"url\":\"https:\/\/yachtprojects.net\/european-headhunter-service\/\",\"name\":\"European Headhunter Service - YachtProjects International\",\"isPartOf\":{\"@id\":\"https:\/\/yachtprojects.net\/#website\"},\"primaryImageOfPage\":{\"@id\":\"https:\/\/yachtprojects.net\/european-headhunter-service\/#primaryimage\"},\"image\":{\"@id\":\"https:\/\/yachtprojects.net\/european-headhunter-service\/#primaryimage\"},\"thumbnailUrl\":\"https:\/\/yachtprojects.net\/wp-content\/uploads\/2017\/11\/headhunter-logo.png\",\"datePublished\":\"2017-11-14T10:18:20+00:00\",\"dateModified\":\"2023-08-01T14:31:51+00:00\",\"breadcrumb\":{\"@id\":\"https:\/\/yachtprojects.net\/european-headhunter-service\/#breadcrumb\"},\"inLanguage\":\"es\",\"potentialAction\":[{\"@type\":\"ReadAction\",\"target\":[\"https:\/\/yachtprojects.net\/european-headhunter-service\/\"]}]},{\"@type\":\"ImageObject\",\"inLanguage\":\"es\",\"@id\":\"https:\/\/yachtprojects.net\/european-headhunter-service\/#primaryimage\",\"url\":\"https:\/\/yachtprojects.net\/wp-content\/uploads\/2017\/11\/headhunter-logo.png\",\"contentUrl\":\"https:\/\/yachtprojects.net\/wp-content\/uploads\/2017\/11\/headhunter-logo.png\"},{\"@type\":\"BreadcrumbList\",\"@id\":\"https:\/\/yachtprojects.net\/european-headhunter-service\/#breadcrumb\",\"itemListElement\":[{\"@type\":\"ListItem\",\"position\":1,\"name\":\"Home\",\"item\":\"https:\/\/yachtprojects.net\/\"},{\"@type\":\"ListItem\",\"position\":2,\"name\":\"European Headhunter Service\"}]},{\"@type\":\"WebSite\",\"@id\":\"https:\/\/yachtprojects.net\/#website\",\"url\":\"https:\/\/yachtprojects.net\/\",\"name\":\"YachtProjects International\",\"description\":\"\",\"publisher\":{\"@id\":\"https:\/\/yachtprojects.net\/#organization\"},\"potentialAction\":[{\"@type\":\"SearchAction\",\"target\":{\"@type\":\"EntryPoint\",\"urlTemplate\":\"https:\/\/yachtprojects.net\/?s={search_term_string}\"},\"query-input\":{\"@type\":\"PropertyValueSpecification\",\"valueRequired\":true,\"valueName\":\"search_term_string\"}}],\"inLanguage\":\"es\"},{\"@type\":\"Organization\",\"@id\":\"https:\/\/yachtprojects.net\/#organization\",\"name\":\"Yachtprojects International\",\"url\":\"https:\/\/yachtprojects.net\/\",\"logo\":{\"@type\":\"ImageObject\",\"inLanguage\":\"es\",\"@id\":\"https:\/\/yachtprojects.net\/#\/schema\/logo\/image\/\",\"url\":\"https:\/\/yachtprojects.net\/wp-content\/uploads\/2017\/11\/SEO_Logo_v2.png\",\"contentUrl\":\"https:\/\/yachtprojects.net\/wp-content\/uploads\/2017\/11\/SEO_Logo_v2.png\",\"width\":260,\"height\":80,\"caption\":\"Yachtprojects International\"},\"image\":{\"@id\":\"https:\/\/yachtprojects.net\/#\/schema\/logo\/image\/\"},\"sameAs\":[\"https:\/\/www.facebook.com\/communicationprofessional\/?ref=bookmarks\"]}]}<\/script>\n<!-- \/ Yoast SEO plugin. -->","yoast_head_json":{"title":"European Headhunter Service - YachtProjects International","robots":{"index":"index","follow":"follow","max-snippet":"max-snippet:-1","max-image-preview":"max-image-preview:large","max-video-preview":"max-video-preview:-1"},"canonical":"https:\/\/yachtprojects.net\/es\/european-headhunter-service\/","og_locale":"es_ES","og_type":"article","og_title":"European Headhunter Service - YachtProjects International","og_url":"https:\/\/yachtprojects.net\/es\/european-headhunter-service\/","og_site_name":"YachtProjects International","article_publisher":"https:\/\/www.facebook.com\/communicationprofessional\/?ref=bookmarks","article_modified_time":"2023-08-01T14:31:51+00:00","og_image":[{"url":"https:\/\/yachtprojects.net\/wp-content\/uploads\/2017\/11\/headhunter-logo.png","type":"","width":"","height":""}],"twitter_card":"summary_large_image","twitter_misc":{"Tiempo de lectura":"2 minutos"},"schema":{"@context":"https:\/\/schema.org","@graph":[{"@type":"WebPage","@id":"https:\/\/yachtprojects.net\/european-headhunter-service\/","url":"https:\/\/yachtprojects.net\/european-headhunter-service\/","name":"European Headhunter Service - YachtProjects International","isPartOf":{"@id":"https:\/\/yachtprojects.net\/#website"},"primaryImageOfPage":{"@id":"https:\/\/yachtprojects.net\/european-headhunter-service\/#primaryimage"},"image":{"@id":"https:\/\/yachtprojects.net\/european-headhunter-service\/#primaryimage"},"thumbnailUrl":"https:\/\/yachtprojects.net\/wp-content\/uploads\/2017\/11\/headhunter-logo.png","datePublished":"2017-11-14T10:18:20+00:00","dateModified":"2023-08-01T14:31:51+00:00","breadcrumb":{"@id":"https:\/\/yachtprojects.net\/european-headhunter-service\/#breadcrumb"},"inLanguage":"es","potentialAction":[{"@type":"ReadAction","target":["https:\/\/yachtprojects.net\/european-headhunter-service\/"]}]},{"@type":"ImageObject","inLanguage":"es","@id":"https:\/\/yachtprojects.net\/european-headhunter-service\/#primaryimage","url":"https:\/\/yachtprojects.net\/wp-content\/uploads\/2017\/11\/headhunter-logo.png","contentUrl":"https:\/\/yachtprojects.net\/wp-content\/uploads\/2017\/11\/headhunter-logo.png"},{"@type":"BreadcrumbList","@id":"https:\/\/yachtprojects.net\/european-headhunter-service\/#breadcrumb","itemListElement":[{"@type":"ListItem","position":1,"name":"Home","item":"https:\/\/yachtprojects.net\/"},{"@type":"ListItem","position":2,"name":"European Headhunter Service"}]},{"@type":"WebSite","@id":"https:\/\/yachtprojects.net\/#website","url":"https:\/\/yachtprojects.net\/","name":"YachtProjects International","description":"","publisher":{"@id":"https:\/\/yachtprojects.net\/#organization"},"potentialAction":[{"@type":"SearchAction","target":{"@type":"EntryPoint","urlTemplate":"https:\/\/yachtprojects.net\/?s={search_term_string}"},"query-input":{"@type":"PropertyValueSpecification","valueRequired":true,"valueName":"search_term_string"}}],"inLanguage":"es"},{"@type":"Organization","@id":"https:\/\/yachtprojects.net\/#organization","name":"Yachtprojects International","url":"https:\/\/yachtprojects.net\/","logo":{"@type":"ImageObject","inLanguage":"es","@id":"https:\/\/yachtprojects.net\/#\/schema\/logo\/image\/","url":"https:\/\/yachtprojects.net\/wp-content\/uploads\/2017\/11\/SEO_Logo_v2.png","contentUrl":"https:\/\/yachtprojects.net\/wp-content\/uploads\/2017\/11\/SEO_Logo_v2.png","width":260,"height":80,"caption":"Yachtprojects International"},"image":{"@id":"https:\/\/yachtprojects.net\/#\/schema\/logo\/image\/"},"sameAs":["https:\/\/www.facebook.com\/communicationprofessional\/?ref=bookmarks"]}]}},"_links":{"self":[{"href":"https:\/\/yachtprojects.net\/es\/wp-json\/wp\/v2\/pages\/89","targetHints":{"allow":["GET"]}}],"collection":[{"href":"https:\/\/yachtprojects.net\/es\/wp-json\/wp\/v2\/pages"}],"about":[{"href":"https:\/\/yachtprojects.net\/es\/wp-json\/wp\/v2\/types\/page"}],"author":[{"embeddable":true,"href":"https:\/\/yachtprojects.net\/es\/wp-json\/wp\/v2\/users\/1"}],"replies":[{"embeddable":true,"href":"https:\/\/yachtprojects.net\/es\/wp-json\/wp\/v2\/comments?post=89"}],"version-history":[{"count":17,"href":"https:\/\/yachtprojects.net\/es\/wp-json\/wp\/v2\/pages\/89\/revisions"}],"predecessor-version":[{"id":14730,"href":"https:\/\/yachtprojects.net\/es\/wp-json\/wp\/v2\/pages\/89\/revisions\/14730"}],"wp:attachment":[{"href":"https:\/\/yachtprojects.net\/es\/wp-json\/wp\/v2\/media?parent=89"}],"curies":[{"name":"wp","href":"https:\/\/api.w.org\/{rel}","templated":true}]}}