{"id":1652,"date":"2018-04-23T13:55:45","date_gmt":"2018-04-23T13:55:45","guid":{"rendered":"https:\/\/yachtprojects.net\/?page_id=1652"},"modified":"2020-06-11T16:46:04","modified_gmt":"2020-06-11T16:46:04","slug":"case-studies","status":"publish","type":"page","link":"https:\/\/yachtprojects.net\/es\/case-studies\/","title":{"rendered":"Estudio de Casos"},"content":{"rendered":"<div id=\"fws_69d30863bb62d\"  data-midnight=\"dark\" data-bg-mobile-hidden=\"\" class=\"wpb_row vc_row-fluid vc_row standard_section\"  style=\"padding-top: 0px; padding-bottom: 0px; \"><div class=\"row-bg-wrap\"><div class=\"inner-wrap\"> <div class=\"row-bg  using-bg-color\"  style=\"background-color: #eef8fc; \" data-color_overlay=\"\" data-color_overlay_2=\"\" data-gradient_direction=\"\" data-overlay_strength=\"0.3\" data-enable_gradient=\"false\"><\/div><\/div> <\/div><div class=\"col span_12 dark left\">\n\t<div  class=\"vc_col-sm-12 wpb_column column_container vc_column_container col no-extra-padding\"  data-shadow=\"none\" data-border-animation=\"\" data-border-animation-delay=\"\" data-border-width=\"none\" data-border-style=\"solid\" data-border-color=\"\" data-bg-cover=\"\" data-padding-pos=\"all\" data-has-bg-color=\"false\" data-bg-color=\"\" data-bg-opacity=\"1\" data-hover-bg=\"\" data-hover-bg-opacity=\"1\" data-animation=\"\" data-delay=\"0\">\n\t\t<div class=\"vc_column-inner\">\n\t\t\t<div class=\"wpb_wrapper\">\n\t\t\t\t\r\n\t<div id=\"fws_69d30863bb9bb\" data-midnight=\"\" data-column-margin=\"default\" data-bg-mobile-hidden=\"\" class=\"wpb_row vc_row-fluid vc_row standard_section  vc_custom_1524491837762\"  style=\"padding-top: 0px; padding-bottom: 0px; \"><div class=\"row-bg-wrap\"> <div class=\"row-bg\"  style=\"\"><\/div> <\/div><div class=\"col span_12  left\">\n\t<div  class=\"vc_col-sm-12 wpb_column column_container vc_column_container col no-extra-padding\"   data-border-animation=\"\" data-border-animation-delay=\"\" data-border-width=\"none\" data-border-style=\"solid\" data-border-color=\"\" data-bg-cover=\"\" data-padding-pos=\"all\" data-has-bg-color=\"false\" data-bg-color=\"\" data-bg-opacity=\"1\" data-hover-bg=\"\" data-hover-bg-opacity=\"1\" data-animation=\"\" data-delay=\"0\">\n\t\t<div class=\"vc_column-inner\">\n\t\t<div class=\"wpb_wrapper\">\n\t\t\t\r\n\t<div class=\"wpb_text_column wpb_content_element  vc_custom_1524491773730\" >\r\n\t\t<div class=\"wpb_wrapper\">\r\n\t\t\t<h1><span style=\"color: #0e4176;\">Estudio de Casos<\/span><\/h1>\n\r\n\t\t<\/div>\r\n\t<\/div>\r\n\t\t\t\r\n\t\t\t<div class=\"row blog-recent columns-1\" data-style=\"default\" data-color-scheme=\"light\">\r\n\t\t\t\t\r\n\t\t\t\t\r\n\t\t\t\t<div class=\"col span_12\">\r\n\t\t\t\t\t\r\n\t\t\t\t\t\r\n\t\t\t\t\t\t\t<div class=\"post-header\">\r\n\t\t\t\t\t\t\t\t<h3 class=\"title\"><a href=\"https:\/\/yachtprojects.net\/es\/project-management-for-200-ft-expedition-yacht\/\">Gesti\u00f3n de proyectos para expedici\u00f3n de yates de 200 pies.<\/a><\/h3>\t\r\n\t\t\t\t\t\t\t\t<span class=\"meta-author\"><a href=\"https:\/\/yachtprojects.net\/es\/author\/zackyachtprojects-net\/\" title=\"Entradas de Zack Dutton\" rel=\"author\">Zack Dutton<\/a> <\/span> <span class=\"meta-category\"> | <a href=\"https:\/\/yachtprojects.net\/es\/category\/case-study\/\">Estudio de casos<\/a> <\/span> <span class=\"meta-comment-count\"> | <a href=\"https:\/\/yachtprojects.net\/es\/project-management-for-200-ft-expedition-yacht\/#respond\">\r\n\t\t\t\t\t\t\t\tNo Comments<\/a> <\/span>\r\n\t\t\t\t\t\t\t<\/div><!--\/post-header-->\r\n\t\t\t\t\t\t\t\r\n\t\t\t\t\t\t\t<p>Presentado como ingeniero jefe de socorro contratado durante dos meses, que r\u00e1pidamente se convirti\u00f3 en un consultor de ingenier\u00eda en tierra y en un puesto de abastecimiento de piezas. Esto se convirti\u00f3 en el proyecto de yates\u2026<\/p>\n\t\t\t\t\t\r\n\t\t\t\t<\/div><!--\/col-->\r\n\t\t\t\t\r\n\t\t\t\t\r\n\t\t\t\t<div class=\"col span_12\">\r\n\t\t\t\t\t\r\n\t\t\t\t\t\r\n\t\t\t\t\t\t\t<div class=\"post-header\">\r\n\t\t\t\t\t\t\t\t<h3 class=\"title\"><a href=\"https:\/\/yachtprojects.net\/es\/project-management-for-shipyard-in-durban-south-africa\/\">Gesti\u00f3n de proyectos para el astillero en Durban, Sud\u00e1frica.<\/a><\/h3>\t\r\n\t\t\t\t\t\t\t\t<span class=\"meta-author\"><a href=\"https:\/\/yachtprojects.net\/es\/author\/zackyachtprojects-net\/\" title=\"Entradas de Zack Dutton\" rel=\"author\">Zack Dutton<\/a> <\/span> <span class=\"meta-category\"> | <a href=\"https:\/\/yachtprojects.net\/es\/category\/case-study\/\">Estudio de casos<\/a> <\/span> <span class=\"meta-comment-count\"> | <a href=\"https:\/\/yachtprojects.net\/es\/project-management-for-shipyard-in-durban-south-africa\/#respond\">\r\n\t\t\t\t\t\t\t\tNo Comments<\/a> <\/span>\r\n\t\t\t\t\t\t\t<\/div><!--\/post-header-->\r\n\t\t\t\t\t\t\t\r\n\t\t\t\t\t\t\t<p>Los nuevos propietarios nos encargaron que escribi\u00e9ramos una especificaci\u00f3n, negociar el contrato y supervisar un reacondicionamiento y extensi\u00f3n de 7 millones de d\u00f3lares estadounidenses de la embarcaci\u00f3n en los astilleros de Southern\u2026<\/p>\n\t\t\t\t\t\r\n\t\t\t\t<\/div><!--\/col-->\r\n\t\t\t\t\r\n\t\t\t\t\t\t\r\n\t\t\t<\/div><!--\/blog-recent-->\r\n\t\t\r\n\t\t\n\t\t<\/div> \n\t<\/div>\n\t<\/div> \n<\/div><\/div>\n\t\t\t<\/div> \n\t\t<\/div>\n\t<\/div> \n<\/div><\/div>","protected":false},"excerpt":{"rendered":"The new owners commissioned us to write a specification, negotiate the contract and oversee a 7 million US$ refit and extension of the vessel in the ship yards of Southern...","protected":false},"author":1,"featured_media":0,"parent":0,"menu_order":0,"comment_status":"closed","ping_status":"closed","template":"","meta":{"footnotes":""},"class_list":["post-1652","page","type-page","status-publish","hentry"],"yoast_head":"<!-- This site is optimized with the Yoast SEO plugin v25.4 - https:\/\/yoast.com\/wordpress\/plugins\/seo\/ -->\n<title>Case Studies - YachtProjects International<\/title>\n<meta name=\"description\" content=\"Case studies for yachtprojects international work over the last 18 years\" \/>\n<meta name=\"robots\" content=\"index, follow, max-snippet:-1, max-image-preview:large, max-video-preview:-1\" \/>\n<link rel=\"canonical\" href=\"https:\/\/yachtprojects.net\/es\/case-studies\/\" \/>\n<meta property=\"og:locale\" content=\"es_ES\" \/>\n<meta property=\"og:type\" content=\"article\" \/>\n<meta property=\"og:title\" content=\"Case Studies - YachtProjects International\" \/>\n<meta property=\"og:description\" content=\"Case studies for yachtprojects international work over the last 18 years\" \/>\n<meta property=\"og:url\" content=\"https:\/\/yachtprojects.net\/es\/case-studies\/\" \/>\n<meta property=\"og:site_name\" content=\"YachtProjects International\" \/>\n<meta property=\"article:publisher\" content=\"https:\/\/www.facebook.com\/communicationprofessional\/?ref=bookmarks\" \/>\n<meta property=\"article:modified_time\" content=\"2020-06-11T16:46:04+00:00\" \/>\n<meta name=\"twitter:card\" content=\"summary_large_image\" \/>\n<meta name=\"twitter:label1\" content=\"Tiempo de lectura\" \/>\n\t<meta name=\"twitter:data1\" content=\"1 minuto\" \/>\n<script type=\"application\/ld+json\" class=\"yoast-schema-graph\">{\"@context\":\"https:\/\/schema.org\",\"@graph\":[{\"@type\":\"WebPage\",\"@id\":\"https:\/\/yachtprojects.net\/case-studies\/\",\"url\":\"https:\/\/yachtprojects.net\/case-studies\/\",\"name\":\"Case Studies - YachtProjects International\",\"isPartOf\":{\"@id\":\"https:\/\/yachtprojects.net\/#website\"},\"datePublished\":\"2018-04-23T13:55:45+00:00\",\"dateModified\":\"2020-06-11T16:46:04+00:00\",\"description\":\"Case studies for yachtprojects international work over the last 18 years\",\"breadcrumb\":{\"@id\":\"https:\/\/yachtprojects.net\/case-studies\/#breadcrumb\"},\"inLanguage\":\"es\",\"potentialAction\":[{\"@type\":\"ReadAction\",\"target\":[\"https:\/\/yachtprojects.net\/case-studies\/\"]}]},{\"@type\":\"BreadcrumbList\",\"@id\":\"https:\/\/yachtprojects.net\/case-studies\/#breadcrumb\",\"itemListElement\":[{\"@type\":\"ListItem\",\"position\":1,\"name\":\"Home\",\"item\":\"https:\/\/yachtprojects.net\/\"},{\"@type\":\"ListItem\",\"position\":2,\"name\":\"Case Studies\"}]},{\"@type\":\"WebSite\",\"@id\":\"https:\/\/yachtprojects.net\/#website\",\"url\":\"https:\/\/yachtprojects.net\/\",\"name\":\"YachtProjects International\",\"description\":\"\",\"publisher\":{\"@id\":\"https:\/\/yachtprojects.net\/#organization\"},\"potentialAction\":[{\"@type\":\"SearchAction\",\"target\":{\"@type\":\"EntryPoint\",\"urlTemplate\":\"https:\/\/yachtprojects.net\/?s={search_term_string}\"},\"query-input\":{\"@type\":\"PropertyValueSpecification\",\"valueRequired\":true,\"valueName\":\"search_term_string\"}}],\"inLanguage\":\"es\"},{\"@type\":\"Organization\",\"@id\":\"https:\/\/yachtprojects.net\/#organization\",\"name\":\"Yachtprojects International\",\"url\":\"https:\/\/yachtprojects.net\/\",\"logo\":{\"@type\":\"ImageObject\",\"inLanguage\":\"es\",\"@id\":\"https:\/\/yachtprojects.net\/#\/schema\/logo\/image\/\",\"url\":\"https:\/\/yachtprojects.net\/wp-content\/uploads\/2017\/11\/SEO_Logo_v2.png\",\"contentUrl\":\"https:\/\/yachtprojects.net\/wp-content\/uploads\/2017\/11\/SEO_Logo_v2.png\",\"width\":260,\"height\":80,\"caption\":\"Yachtprojects International\"},\"image\":{\"@id\":\"https:\/\/yachtprojects.net\/#\/schema\/logo\/image\/\"},\"sameAs\":[\"https:\/\/www.facebook.com\/communicationprofessional\/?ref=bookmarks\"]}]}<\/script>\n<!-- \/ Yoast SEO plugin. -->","yoast_head_json":{"title":"Case Studies - YachtProjects International","description":"Case studies for yachtprojects international work over the last 18 years","robots":{"index":"index","follow":"follow","max-snippet":"max-snippet:-1","max-image-preview":"max-image-preview:large","max-video-preview":"max-video-preview:-1"},"canonical":"https:\/\/yachtprojects.net\/es\/case-studies\/","og_locale":"es_ES","og_type":"article","og_title":"Case Studies - YachtProjects International","og_description":"Case studies for yachtprojects international work over the last 18 years","og_url":"https:\/\/yachtprojects.net\/es\/case-studies\/","og_site_name":"YachtProjects International","article_publisher":"https:\/\/www.facebook.com\/communicationprofessional\/?ref=bookmarks","article_modified_time":"2020-06-11T16:46:04+00:00","twitter_card":"summary_large_image","twitter_misc":{"Tiempo de lectura":"1 minuto"},"schema":{"@context":"https:\/\/schema.org","@graph":[{"@type":"WebPage","@id":"https:\/\/yachtprojects.net\/case-studies\/","url":"https:\/\/yachtprojects.net\/case-studies\/","name":"Case Studies - YachtProjects International","isPartOf":{"@id":"https:\/\/yachtprojects.net\/#website"},"datePublished":"2018-04-23T13:55:45+00:00","dateModified":"2020-06-11T16:46:04+00:00","description":"Case studies for yachtprojects international work over the last 18 years","breadcrumb":{"@id":"https:\/\/yachtprojects.net\/case-studies\/#breadcrumb"},"inLanguage":"es","potentialAction":[{"@type":"ReadAction","target":["https:\/\/yachtprojects.net\/case-studies\/"]}]},{"@type":"BreadcrumbList","@id":"https:\/\/yachtprojects.net\/case-studies\/#breadcrumb","itemListElement":[{"@type":"ListItem","position":1,"name":"Home","item":"https:\/\/yachtprojects.net\/"},{"@type":"ListItem","position":2,"name":"Case Studies"}]},{"@type":"WebSite","@id":"https:\/\/yachtprojects.net\/#website","url":"https:\/\/yachtprojects.net\/","name":"YachtProjects International","description":"","publisher":{"@id":"https:\/\/yachtprojects.net\/#organization"},"potentialAction":[{"@type":"SearchAction","target":{"@type":"EntryPoint","urlTemplate":"https:\/\/yachtprojects.net\/?s={search_term_string}"},"query-input":{"@type":"PropertyValueSpecification","valueRequired":true,"valueName":"search_term_string"}}],"inLanguage":"es"},{"@type":"Organization","@id":"https:\/\/yachtprojects.net\/#organization","name":"Yachtprojects International","url":"https:\/\/yachtprojects.net\/","logo":{"@type":"ImageObject","inLanguage":"es","@id":"https:\/\/yachtprojects.net\/#\/schema\/logo\/image\/","url":"https:\/\/yachtprojects.net\/wp-content\/uploads\/2017\/11\/SEO_Logo_v2.png","contentUrl":"https:\/\/yachtprojects.net\/wp-content\/uploads\/2017\/11\/SEO_Logo_v2.png","width":260,"height":80,"caption":"Yachtprojects International"},"image":{"@id":"https:\/\/yachtprojects.net\/#\/schema\/logo\/image\/"},"sameAs":["https:\/\/www.facebook.com\/communicationprofessional\/?ref=bookmarks"]}]}},"_links":{"self":[{"href":"https:\/\/yachtprojects.net\/es\/wp-json\/wp\/v2\/pages\/1652","targetHints":{"allow":["GET"]}}],"collection":[{"href":"https:\/\/yachtprojects.net\/es\/wp-json\/wp\/v2\/pages"}],"about":[{"href":"https:\/\/yachtprojects.net\/es\/wp-json\/wp\/v2\/types\/page"}],"author":[{"embeddable":true,"href":"https:\/\/yachtprojects.net\/es\/wp-json\/wp\/v2\/users\/1"}],"replies":[{"embeddable":true,"href":"https:\/\/yachtprojects.net\/es\/wp-json\/wp\/v2\/comments?post=1652"}],"version-history":[{"count":4,"href":"https:\/\/yachtprojects.net\/es\/wp-json\/wp\/v2\/pages\/1652\/revisions"}],"predecessor-version":[{"id":1656,"href":"https:\/\/yachtprojects.net\/es\/wp-json\/wp\/v2\/pages\/1652\/revisions\/1656"}],"wp:attachment":[{"href":"https:\/\/yachtprojects.net\/es\/wp-json\/wp\/v2\/media?parent=1652"}],"curies":[{"name":"wp","href":"https:\/\/api.w.org\/{rel}","templated":true}]}}