{"id":14278,"date":"2021-10-07T13:28:29","date_gmt":"2021-10-07T13:28:29","guid":{"rendered":"https:\/\/yachtprojects.net\/?page_id=14278"},"modified":"2024-03-01T22:10:37","modified_gmt":"2024-03-01T22:10:37","slug":"vsat-pricing","status":"publish","type":"page","link":"https:\/\/yachtprojects.net\/es\/vsat-pricing\/","title":{"rendered":"Precios VSAT"},"content":{"rendered":"<div id=\"fws_69f1fc5a81556\"  data-midnight=\"dark\" data-bg-mobile-hidden=\"\" class=\"wpb_row vc_row-fluid vc_row standard_section\"  style=\"padding-top: 0px; padding-bottom: 0px; \"><div class=\"row-bg-wrap\"><div class=\"inner-wrap\"> <div class=\"row-bg\"  style=\"\" data-color_overlay=\"\" data-color_overlay_2=\"\" data-gradient_direction=\"\" data-overlay_strength=\"0.3\" data-enable_gradient=\"false\"><\/div><\/div> <\/div><div class=\"col span_12 dark left\">\n\t<div  class=\"vc_col-sm-12 wpb_column column_container vc_column_container col no-extra-padding\"  data-shadow=\"none\" data-border-animation=\"\" data-border-animation-delay=\"\" data-border-width=\"none\" data-border-style=\"solid\" data-border-color=\"\" data-bg-cover=\"\" data-padding-pos=\"all\" data-has-bg-color=\"false\" data-bg-color=\"\" data-bg-opacity=\"1\" data-hover-bg=\"\" data-hover-bg-opacity=\"1\" data-animation=\"\" data-delay=\"0\">\n\t\t<div class=\"vc_column-inner\">\n\t\t\t<div class=\"wpb_wrapper\">\n\t\t\t\t<h2 style=\"text-align: left\" class=\"vc_custom_heading\" >VSAT Pricing <\/h2>\n\t\t\t<\/div> \n\t\t<\/div>\n\t<\/div> \n<\/div><\/div>\r\n\t\t<div id=\"fws_69f1fc5a81b25\"  data-midnight=\"dark\" data-bg-mobile-hidden=\"\" class=\"wpb_row vc_row-fluid vc_row standard_section\"  style=\"padding-top: 0px; padding-bottom: 0px; \"><div class=\"row-bg-wrap\"><div class=\"inner-wrap\"> <div class=\"row-bg\"  style=\"\" data-color_overlay=\"\" data-color_overlay_2=\"\" data-gradient_direction=\"\" data-overlay_strength=\"0.3\" data-enable_gradient=\"false\"><\/div><\/div> <\/div><div class=\"col span_12 dark center\">\n\t<div  class=\"vc_col-sm-12 wpb_column column_container vc_column_container col no-extra-padding\"  data-shadow=\"none\" data-border-animation=\"\" data-border-animation-delay=\"\" data-border-width=\"none\" data-border-style=\"solid\" data-border-color=\"\" data-bg-cover=\"\" data-padding-pos=\"all\" data-has-bg-color=\"false\" data-bg-color=\"\" data-bg-opacity=\"1\" data-hover-bg=\"\" data-hover-bg-opacity=\"1\" data-animation=\"\" data-delay=\"0\">\n\t\t<div class=\"vc_column-inner\">\n\t\t\t<div class=\"wpb_wrapper\">\n\t\t\t\t\r\n\t<div class=\"wpb_text_column wpb_content_element\" >\r\n\t\t<div class=\"wpb_wrapper\">\r\n\t\t\t<p style=\"text-align: center;\">El servicio VSAT de YachtProjects le proporciona a  su embarcaci\u00f3n un enlace al mundo exterior en el que puede confiar.<br \/>\nSoluciones VSAT abarcan todas las frecuencias de comunicaci\u00f3n. Recibiendo apoyo de nuestro 365\/24\/7 NOC.<\/p>\n<p style=\"text-align: center;\">En la siguiente tabla ver\u00e1 que los precios para vigas KU Global y Regional. Ofrecemos m\u00e1s opciones de las que hay a continuaci\u00f3n, si hay un plan espec\u00edfico que necesita, si\u00e9ntese libre de contactarnos.<\/p>\n<p style=\"text-align: center;\">* Algunos planes dependen del tama\u00f1o de la antena*<\/p>\n<p style=\"text-align: center;\">\u00bfCansado de contratos VSAT largos e inflexibles?<\/p>\n<p style=\"text-align: center;\">\u00a1Es hora del cambio!<\/p>\n<p style=\"text-align: center;\">Introduciendo nuestro nuevo contrato flexible 365 d\u00edas<br \/>\nD\u00e1ndole total flexibilidad en la banda ancha que paga diariamente<br \/>\n\u00a1D\u00e9 de alta o de baja el servicio las veces que quiera!<br \/>\n\u00a1Suspenda el servicio las veces que quiera! El n\u00famero de d\u00edas suspendido simplemente se a\u00f1ade al final del marco de tiempo original.<br \/>\nNo hay un l\u00edmite de tiempo total en el uso requerido de la banda ancha.<\/p>\n\r\n\t\t<\/div>\r\n\t<\/div>\r\n\r\n\t<div id=\"fws_69f1fc5a81ee9\" data-midnight=\"\" data-column-margin=\"default\" data-bg-mobile-hidden=\"\" class=\"wpb_row vc_row-fluid vc_row  vc_row-o-content-middle standard_section\"  style=\"padding-top: 0px; padding-bottom: 0px; \"><div class=\"row-bg-wrap\"> <div class=\"row-bg\"  style=\"\"><\/div> <\/div><div class=\"col span_12  center\">\n\t<div  class=\"vc_col-sm-12 wpb_column column_container vc_column_container col no-extra-padding\"   data-border-animation=\"\" data-border-animation-delay=\"\" data-border-width=\"none\" data-border-style=\"solid\" data-border-color=\"\" data-bg-cover=\"\" data-padding-pos=\"all\" data-has-bg-color=\"false\" data-bg-color=\"\" data-bg-opacity=\"1\" data-hover-bg=\"\" data-hover-bg-opacity=\"1\" data-animation=\"\" data-delay=\"0\">\n\t\t<div class=\"vc_column-inner\">\n\t\t<div class=\"wpb_wrapper\">\n\t\t\t<div class=\"vc_separator wpb_content_element vc_separator_align_center vc_sep_width_100 vc_sep_pos_align_center vc_sep_color_grey vc_separator-has-text\" ><span class=\"vc_sep_holder vc_sep_holder_l\"><span  class=\"vc_sep_line\"><\/span><\/span><h4>Descargue nuestra Lista de Precios VSAT abajo <\/h4><span class=\"vc_sep_holder vc_sep_holder_r\"><span  class=\"vc_sep_line\"><\/span><\/span>\n<\/div><a class=\"nectar-button jumbo regular accent-color  regular-button\" style=\"\" target=\"_blank\" href=\"https:\/\/yachtprojects.net\/wp-content\/uploads\/2024\/03\/Global-VSAT-Retail-Rates-1.pdf\" data-color-override=\"false\" data-hover-color-override=\"false\" data-hover-text-color-override=\"#fff\"><span>LISTA DE PRECIOS VSAT<\/span><\/a>\n\t\t<\/div> \n\t<\/div>\n\t<\/div> \n<\/div><\/div>\n\t\t\t<\/div> \n\t\t<\/div>\n\t<\/div> \n<\/div><\/div>\r\n\t\t<div id=\"fws_69f1fc5a824a2\"  data-midnight=\"dark\" data-bg-mobile-hidden=\"\" class=\"wpb_row vc_row-fluid vc_row standard_section\"  style=\"padding-top: 0px; padding-bottom: 0px; \"><div class=\"row-bg-wrap\"><div class=\"inner-wrap\"> <div class=\"row-bg\"  style=\"\" data-color_overlay=\"\" data-color_overlay_2=\"\" data-gradient_direction=\"\" data-overlay_strength=\"0.3\" data-enable_gradient=\"false\"><\/div><\/div> <\/div><div class=\"col span_12 dark left\">\n\t<div  class=\"vc_col-sm-12 wpb_column column_container vc_column_container col no-extra-padding\"  data-shadow=\"none\" data-border-animation=\"\" data-border-animation-delay=\"\" data-border-width=\"none\" data-border-style=\"solid\" data-border-color=\"\" data-bg-cover=\"\" data-padding-pos=\"all\" data-has-bg-color=\"false\" data-bg-color=\"\" data-bg-opacity=\"1\" data-hover-bg=\"\" data-hover-bg-opacity=\"1\" data-animation=\"\" data-delay=\"0\">\n\t\t<div class=\"vc_column-inner\">\n\t\t\t<div class=\"wpb_wrapper\">\n\t\t\t\t<h2 style=\"text-align: left\" class=\"vc_custom_heading\" >Cont\u00e1ctanos<\/h2>\n<div class=\"wpcf7 no-js\" id=\"wpcf7-f14265-o1\" lang=\"en-US\" dir=\"ltr\" data-wpcf7-id=\"14265\">\n<div class=\"screen-reader-response\"><p role=\"status\" aria-live=\"polite\" aria-atomic=\"true\"><\/p> <ul><\/ul><\/div>\n<form action=\"\/es\/wp-json\/wp\/v2\/pages\/14278#wpcf7-f14265-o1\" method=\"post\" class=\"wpcf7-form init\" aria-label=\"Contact form\" novalidate=\"novalidate\" data-status=\"init\" data-trp-original-action=\"\/es\/wp-json\/wp\/v2\/pages\/14278#wpcf7-f14265-o1\">\n<fieldset class=\"hidden-fields-container\"><input type=\"hidden\" name=\"_wpcf7\" value=\"14265\" \/><input type=\"hidden\" name=\"_wpcf7_version\" value=\"6.1\" \/><input type=\"hidden\" name=\"_wpcf7_locale\" value=\"en_US\" \/><input type=\"hidden\" name=\"_wpcf7_unit_tag\" value=\"wpcf7-f14265-o1\" \/><input type=\"hidden\" name=\"_wpcf7_container_post\" value=\"0\" \/><input type=\"hidden\" name=\"_wpcf7_posted_data_hash\" value=\"\" \/><input type=\"hidden\" name=\"_wpcf7_recaptcha_response\" value=\"\" \/>\n<\/fieldset>\n<p><label> Nombre<br \/>\n<span class=\"wpcf7-form-control-wrap\" data-name=\"your-name\"><input size=\"40\" maxlength=\"400\" class=\"wpcf7-form-control wpcf7-text wpcf7-validates-as-required\" aria-required=\"true\" aria-invalid=\"false\" value=\"\" type=\"text\" name=\"your-name\" \/><\/span> <\/label>\n<\/p>\n<p><label> Su email<br \/>\n<span class=\"wpcf7-form-control-wrap\" data-name=\"your-email\"><input size=\"40\" maxlength=\"400\" class=\"wpcf7-form-control wpcf7-email wpcf7-validates-as-required wpcf7-text wpcf7-validates-as-email\" aria-required=\"true\" aria-invalid=\"false\" value=\"\" type=\"email\" name=\"your-email\" \/><\/span> <\/label>\n<\/p>\n<p><label> Tema<br \/>\n<span class=\"wpcf7-form-control-wrap\" data-name=\"your-subject\"><input size=\"40\" maxlength=\"400\" class=\"wpcf7-form-control wpcf7-text wpcf7-validates-as-required\" aria-required=\"true\" aria-invalid=\"false\" value=\"\" type=\"text\" name=\"your-subject\" \/><\/span> <\/label>\n<\/p>\n<p><label> Su mensaje (opcional)<br \/>\n<span class=\"wpcf7-form-control-wrap\" data-name=\"your-message\"><textarea cols=\"40\" rows=\"10\" maxlength=\"2000\" class=\"wpcf7-form-control wpcf7-textarea\" aria-invalid=\"false\" name=\"your-message\"><\/textarea><\/span> <\/label>\n<\/p>\n<p><input class=\"wpcf7-form-control wpcf7-submit has-spinner\" type=\"submit\" value=\"Enviar\" \/>\n<\/p><div class=\"wpcf7-response-output\" aria-hidden=\"true\"><\/div>\n<input type=\"hidden\" name=\"trp-form-language\" value=\"es\"\/><\/form>\n<\/div>\n\n\t\t\t<\/div> \n\t\t<\/div>\n\t<\/div> \n<\/div><\/div>","protected":false},"excerpt":{"rendered":"VSAT Pricing YachtProjects VSAT service gives your vessel a link to the outside word you can trust. VSAT solutions across all communication frequencies. All supported by our 365\/24\/7 NOC In...","protected":false},"author":1,"featured_media":0,"parent":0,"menu_order":0,"comment_status":"closed","ping_status":"closed","template":"","meta":{"footnotes":""},"class_list":["post-14278","page","type-page","status-publish","hentry"],"yoast_head":"<!-- This site is optimized with the Yoast SEO plugin v25.4 - https:\/\/yoast.com\/wordpress\/plugins\/seo\/ -->\n<title>VSAT pricing - YachtProjects International<\/title>\n<meta name=\"robots\" content=\"index, follow, max-snippet:-1, max-image-preview:large, max-video-preview:-1\" \/>\n<link rel=\"canonical\" href=\"https:\/\/yachtprojects.net\/es\/vsat-pricing\/\" \/>\n<meta property=\"og:locale\" content=\"es_ES\" \/>\n<meta property=\"og:type\" content=\"article\" \/>\n<meta property=\"og:title\" content=\"VSAT pricing - YachtProjects International\" \/>\n<meta property=\"og:url\" content=\"https:\/\/yachtprojects.net\/es\/vsat-pricing\/\" \/>\n<meta property=\"og:site_name\" content=\"YachtProjects International\" \/>\n<meta property=\"article:publisher\" content=\"https:\/\/www.facebook.com\/communicationprofessional\/?ref=bookmarks\" \/>\n<meta property=\"article:modified_time\" content=\"2024-03-01T22:10:37+00:00\" \/>\n<meta name=\"twitter:card\" content=\"summary_large_image\" \/>\n<meta name=\"twitter:label1\" content=\"Tiempo de lectura\" \/>\n\t<meta name=\"twitter:data1\" content=\"2 minutos\" \/>\n<script type=\"application\/ld+json\" class=\"yoast-schema-graph\">{\"@context\":\"https:\/\/schema.org\",\"@graph\":[{\"@type\":\"WebPage\",\"@id\":\"https:\/\/yachtprojects.net\/vsat-pricing\/\",\"url\":\"https:\/\/yachtprojects.net\/vsat-pricing\/\",\"name\":\"VSAT pricing - YachtProjects International\",\"isPartOf\":{\"@id\":\"https:\/\/yachtprojects.net\/#website\"},\"datePublished\":\"2021-10-07T13:28:29+00:00\",\"dateModified\":\"2024-03-01T22:10:37+00:00\",\"breadcrumb\":{\"@id\":\"https:\/\/yachtprojects.net\/vsat-pricing\/#breadcrumb\"},\"inLanguage\":\"es\",\"potentialAction\":[{\"@type\":\"ReadAction\",\"target\":[\"https:\/\/yachtprojects.net\/vsat-pricing\/\"]}]},{\"@type\":\"BreadcrumbList\",\"@id\":\"https:\/\/yachtprojects.net\/vsat-pricing\/#breadcrumb\",\"itemListElement\":[{\"@type\":\"ListItem\",\"position\":1,\"name\":\"Home\",\"item\":\"https:\/\/yachtprojects.net\/\"},{\"@type\":\"ListItem\",\"position\":2,\"name\":\"VSAT pricing\"}]},{\"@type\":\"WebSite\",\"@id\":\"https:\/\/yachtprojects.net\/#website\",\"url\":\"https:\/\/yachtprojects.net\/\",\"name\":\"YachtProjects International\",\"description\":\"\",\"publisher\":{\"@id\":\"https:\/\/yachtprojects.net\/#organization\"},\"potentialAction\":[{\"@type\":\"SearchAction\",\"target\":{\"@type\":\"EntryPoint\",\"urlTemplate\":\"https:\/\/yachtprojects.net\/?s={search_term_string}\"},\"query-input\":{\"@type\":\"PropertyValueSpecification\",\"valueRequired\":true,\"valueName\":\"search_term_string\"}}],\"inLanguage\":\"es\"},{\"@type\":\"Organization\",\"@id\":\"https:\/\/yachtprojects.net\/#organization\",\"name\":\"Yachtprojects International\",\"url\":\"https:\/\/yachtprojects.net\/\",\"logo\":{\"@type\":\"ImageObject\",\"inLanguage\":\"es\",\"@id\":\"https:\/\/yachtprojects.net\/#\/schema\/logo\/image\/\",\"url\":\"https:\/\/yachtprojects.net\/wp-content\/uploads\/2017\/11\/SEO_Logo_v2.png\",\"contentUrl\":\"https:\/\/yachtprojects.net\/wp-content\/uploads\/2017\/11\/SEO_Logo_v2.png\",\"width\":260,\"height\":80,\"caption\":\"Yachtprojects International\"},\"image\":{\"@id\":\"https:\/\/yachtprojects.net\/#\/schema\/logo\/image\/\"},\"sameAs\":[\"https:\/\/www.facebook.com\/communicationprofessional\/?ref=bookmarks\"]}]}<\/script>\n<!-- \/ Yoast SEO plugin. -->","yoast_head_json":{"title":"VSAT pricing - YachtProjects International","robots":{"index":"index","follow":"follow","max-snippet":"max-snippet:-1","max-image-preview":"max-image-preview:large","max-video-preview":"max-video-preview:-1"},"canonical":"https:\/\/yachtprojects.net\/es\/vsat-pricing\/","og_locale":"es_ES","og_type":"article","og_title":"VSAT pricing - YachtProjects International","og_url":"https:\/\/yachtprojects.net\/es\/vsat-pricing\/","og_site_name":"YachtProjects International","article_publisher":"https:\/\/www.facebook.com\/communicationprofessional\/?ref=bookmarks","article_modified_time":"2024-03-01T22:10:37+00:00","twitter_card":"summary_large_image","twitter_misc":{"Tiempo de lectura":"2 minutos"},"schema":{"@context":"https:\/\/schema.org","@graph":[{"@type":"WebPage","@id":"https:\/\/yachtprojects.net\/vsat-pricing\/","url":"https:\/\/yachtprojects.net\/vsat-pricing\/","name":"VSAT pricing - YachtProjects International","isPartOf":{"@id":"https:\/\/yachtprojects.net\/#website"},"datePublished":"2021-10-07T13:28:29+00:00","dateModified":"2024-03-01T22:10:37+00:00","breadcrumb":{"@id":"https:\/\/yachtprojects.net\/vsat-pricing\/#breadcrumb"},"inLanguage":"es","potentialAction":[{"@type":"ReadAction","target":["https:\/\/yachtprojects.net\/vsat-pricing\/"]}]},{"@type":"BreadcrumbList","@id":"https:\/\/yachtprojects.net\/vsat-pricing\/#breadcrumb","itemListElement":[{"@type":"ListItem","position":1,"name":"Home","item":"https:\/\/yachtprojects.net\/"},{"@type":"ListItem","position":2,"name":"VSAT pricing"}]},{"@type":"WebSite","@id":"https:\/\/yachtprojects.net\/#website","url":"https:\/\/yachtprojects.net\/","name":"YachtProjects International","description":"","publisher":{"@id":"https:\/\/yachtprojects.net\/#organization"},"potentialAction":[{"@type":"SearchAction","target":{"@type":"EntryPoint","urlTemplate":"https:\/\/yachtprojects.net\/?s={search_term_string}"},"query-input":{"@type":"PropertyValueSpecification","valueRequired":true,"valueName":"search_term_string"}}],"inLanguage":"es"},{"@type":"Organization","@id":"https:\/\/yachtprojects.net\/#organization","name":"Yachtprojects International","url":"https:\/\/yachtprojects.net\/","logo":{"@type":"ImageObject","inLanguage":"es","@id":"https:\/\/yachtprojects.net\/#\/schema\/logo\/image\/","url":"https:\/\/yachtprojects.net\/wp-content\/uploads\/2017\/11\/SEO_Logo_v2.png","contentUrl":"https:\/\/yachtprojects.net\/wp-content\/uploads\/2017\/11\/SEO_Logo_v2.png","width":260,"height":80,"caption":"Yachtprojects International"},"image":{"@id":"https:\/\/yachtprojects.net\/#\/schema\/logo\/image\/"},"sameAs":["https:\/\/www.facebook.com\/communicationprofessional\/?ref=bookmarks"]}]}},"_links":{"self":[{"href":"https:\/\/yachtprojects.net\/es\/wp-json\/wp\/v2\/pages\/14278","targetHints":{"allow":["GET"]}}],"collection":[{"href":"https:\/\/yachtprojects.net\/es\/wp-json\/wp\/v2\/pages"}],"about":[{"href":"https:\/\/yachtprojects.net\/es\/wp-json\/wp\/v2\/types\/page"}],"author":[{"embeddable":true,"href":"https:\/\/yachtprojects.net\/es\/wp-json\/wp\/v2\/users\/1"}],"replies":[{"embeddable":true,"href":"https:\/\/yachtprojects.net\/es\/wp-json\/wp\/v2\/comments?post=14278"}],"version-history":[{"count":37,"href":"https:\/\/yachtprojects.net\/es\/wp-json\/wp\/v2\/pages\/14278\/revisions"}],"predecessor-version":[{"id":14780,"href":"https:\/\/yachtprojects.net\/es\/wp-json\/wp\/v2\/pages\/14278\/revisions\/14780"}],"wp:attachment":[{"href":"https:\/\/yachtprojects.net\/es\/wp-json\/wp\/v2\/media?parent=14278"}],"curies":[{"name":"wp","href":"https:\/\/api.w.org\/{rel}","templated":true}]}}