{"id":13999,"date":"2021-03-08T11:16:47","date_gmt":"2021-03-08T11:16:47","guid":{"rendered":"https:\/\/yachtprojects.net\/?page_id=13999"},"modified":"2021-10-06T13:37:55","modified_gmt":"2021-10-06T13:37:55","slug":"support","status":"publish","type":"page","link":"https:\/\/yachtprojects.net\/es\/support\/","title":{"rendered":"Ayuda"},"content":{"rendered":"<div id=\"fws_69e6313fa0c1a\"  data-midnight=\"light\" data-bg-mobile-hidden=\"\" class=\"wpb_row vc_row-fluid vc_row full-width-section standard_section\"  style=\"padding-top: 10%; padding-bottom: 10%; \"><div class=\"row-bg-wrap\"><div class=\"inner-wrap\"> <div class=\"row-bg using-image\"  style=\"background-image: url(https:\/\/yachtprojects.net\/wp-content\/uploads\/2021\/03\/bg2.png); background-position: center center; background-repeat: no-repeat; \" data-color_overlay=\"#2b4bff\" data-color_overlay_2=\"\" data-gradient_direction=\"\" data-overlay_strength=\"0.8\" data-enable_gradient=\"false\"><\/div><\/div> <\/div><div class=\"col span_12 light left\">\n\t<div  class=\"vc_col-sm-12 wpb_column column_container vc_column_container col no-extra-padding\"  data-shadow=\"none\" data-border-animation=\"\" data-border-animation-delay=\"\" data-border-width=\"none\" data-border-style=\"solid\" data-border-color=\"\" data-bg-cover=\"\" data-padding-pos=\"all\" data-has-bg-color=\"false\" data-bg-color=\"\" data-bg-opacity=\"1\" data-hover-bg=\"\" data-hover-bg-opacity=\"1\" data-animation=\"\" data-delay=\"0\">\n\t\t<div class=\"vc_column-inner\">\n\t\t\t<div class=\"wpb_wrapper\">\n\t\t\t\t\r\n\t<div id=\"fws_69e6313fa0fbd\" data-midnight=\"\" data-column-margin=\"default\" data-bg-mobile-hidden=\"\" class=\"wpb_row vc_row-fluid vc_row standard_section\"  style=\"padding-top: 0px; padding-bottom: 0px; \"><div class=\"row-bg-wrap\"> <div class=\"row-bg\"  style=\"\"><\/div> <\/div><div class=\"col span_12  left\">\n\t<div  class=\"vc_col-sm-12 wpb_column column_container vc_column_container col centered-text has-animation no-extra-padding\"   data-border-animation=\"\" data-border-animation-delay=\"\" data-border-width=\"none\" data-border-style=\"solid\" data-border-color=\"\" data-bg-cover=\"\" data-padding-pos=\"all\" data-has-bg-color=\"false\" data-bg-color=\"\" data-bg-opacity=\"1\" data-hover-bg=\"\" data-hover-bg-opacity=\"1\" data-animation=\"fade-in-from-bottom\" data-delay=\"0\">\n\t\t<div class=\"vc_column-inner\">\n\t\t<div class=\"wpb_wrapper\">\n\t\t\t\r\n\t<div class=\"wpb_text_column wpb_content_element  wpb_animate_when_almost_visible wpb_fadeIn fadeIn\" >\r\n\t\t<div class=\"wpb_wrapper\">\r\n\t\t\t<h4>365\u00a0 24\/7<\/h4>\n\r\n\t\t<\/div>\r\n\t<\/div>\r\n<h2 style=\"font-size: 48px;text-align: center\" class=\"vc_custom_heading\" >Sistema de Soporte YachtProjects<\/h2>\n\t\t<\/div> \n\t<\/div>\n\t<\/div> \n<\/div><\/div>\r\n\t<div id=\"fws_69e6313fa167e\" data-midnight=\"\" data-column-margin=\"default\" data-bg-mobile-hidden=\"\" class=\"wpb_row vc_row-fluid vc_row standard_section\"  style=\"padding-top: 20px; padding-bottom: 0px; \"><div class=\"row-bg-wrap\"> <div class=\"row-bg\"  style=\"\"><\/div> <\/div><div class=\"col span_12  left\">\n\t<div  class=\"vc_col-sm-4 wpb_column column_container vc_column_container col centered-text has-animation padding-3-percent\"   data-border-animation=\"\" data-border-animation-delay=\"\" data-border-width=\"none\" data-border-style=\"solid\" data-border-color=\"\" data-bg-cover=\"\" data-padding-pos=\"all\" data-has-bg-color=\"false\" data-bg-color=\"\" data-bg-opacity=\"1\" data-hover-bg=\"\" data-hover-bg-opacity=\"1\" data-animation=\"fade-in-from-bottom\" data-delay=\"0\">\n\t\t<div class=\"vc_column-inner\">\n\t\t<div class=\"wpb_wrapper\">\n\t\t\t<div class=\"nectar_icon_wrap\" data-style=\"default\" data-draw=\"\" data-border-thickness=\"2px\" data-padding=\"20px\" data-color=\"white\" style=\"\" >\r\n\t\t<div class=\"nectar_icon\" ><i style=\"font-size: 50px; line-height: 50px; height: 50px; width: 50px;\" class=\"iconsmind-Hand-TouchSmartphone\"><\/i><\/div>\r\n\t<\/div>\r\n\t<div class=\"wpb_text_column wpb_content_element  wpb_animate_when_almost_visible wpb_fadeInUp fadeInUp\" >\r\n\t\t<div class=\"wpb_wrapper\">\r\n\t\t\t<h4>Aqu\u00ed para usted<\/h4>\n\r\n\t\t<\/div>\r\n\t<\/div>\r\n\r\n\t<div class=\"wpb_text_column wpb_content_element  wpb_animate_when_almost_visible wpb_fadeInUp fadeInUp vc_custom_1615204899834\" >\r\n\t\t<div class=\"wpb_wrapper\">\r\n\t\t\t<p>El personal de soporte de YachtProjects est\u00e1 disponible 24\/7, Apoyando a cualquiera de nuestros productos de servicios que ofrecemos, tanto soporte t\u00e9cnico como de emergencia. El personal de apoyo est\u00e1 disponible a trav\u00e9s del tel\u00e9fono o email, los clientes tambi\u00e9n tendr\u00e1n acceso a un portal de apoyo dedicado d\u00f3nde pueden registrar tickets.<\/p>\n\r\n\t\t<\/div>\r\n\t<\/div>\r\n\n\t\t<\/div> \n\t<\/div>\n\t<\/div> \n\n\t<div  class=\"vc_col-sm-4 wpb_column column_container vc_column_container col centered-text has-animation padding-3-percent\"   data-border-animation=\"\" data-border-animation-delay=\"\" data-border-width=\"none\" data-border-style=\"solid\" data-border-color=\"\" data-bg-cover=\"\" data-padding-pos=\"all\" data-has-bg-color=\"false\" data-bg-color=\"\" data-bg-opacity=\"1\" data-hover-bg=\"\" data-hover-bg-opacity=\"1\" data-animation=\"fade-in-from-bottom\" data-delay=\"0\">\n\t\t<div class=\"vc_column-inner\">\n\t\t<div class=\"wpb_wrapper\">\n\t\t\t<div class=\"nectar_icon_wrap\" data-style=\"default\" data-draw=\"\" data-border-thickness=\"2px\" data-padding=\"20px\" data-color=\"white\" style=\"\" >\r\n\t\t<div class=\"nectar_icon\" ><i style=\"font-size: 50px; line-height: 50px; height: 50px; width: 50px;\" class=\"iconsmind-Computer-2\"><\/i><\/div>\r\n\t<\/div>\r\n\t<div class=\"wpb_text_column wpb_content_element  wpb_animate_when_almost_visible wpb_fadeInUp fadeInUp\" >\r\n\t\t<div class=\"wpb_wrapper\">\r\n\t\t\t<h4>Soporte Remoto<\/h4>\n\r\n\t\t<\/div>\r\n\t<\/div>\r\n\r\n\t<div class=\"wpb_text_column wpb_content_element  wpb_animate_when_almost_visible wpb_fadeInUp fadeInUp vc_custom_1615208269459\" >\r\n\t\t<div class=\"wpb_wrapper\">\r\n\t\t\t<p>Los sistemas de ordenador y red de YachtProjects han sido dise\u00f1ados para ser mantenidos y apoyados remotamente a trav\u00e9s de la conexi\u00f3n a internet de los barcos. Incluso nuestros sistemas cr\u00edticos han sido dise\u00f1ados para ser apoyados por conexiones de alta latencia lenta como el FBB e Iradium.<\/p>\n\r\n\t\t<\/div>\r\n\t<\/div>\r\n\n\t\t<\/div> \n\t<\/div>\n\t<\/div> \n\n\t<div  class=\"vc_col-sm-4 wpb_column column_container vc_column_container col centered-text has-animation padding-3-percent\"   data-border-animation=\"\" data-border-animation-delay=\"\" data-border-width=\"none\" data-border-style=\"solid\" data-border-color=\"\" data-bg-cover=\"\" data-padding-pos=\"all\" data-has-bg-color=\"false\" data-bg-color=\"\" data-bg-opacity=\"1\" data-hover-bg=\"\" data-hover-bg-opacity=\"1\" data-animation=\"fade-in-from-bottom\" data-delay=\"0\">\n\t\t<div class=\"vc_column-inner\">\n\t\t<div class=\"wpb_wrapper\">\n\t\t\t<div class=\"nectar_icon_wrap\" data-style=\"default\" data-draw=\"\" data-border-thickness=\"2px\" data-padding=\"20px\" data-color=\"white\" style=\"\" >\r\n\t\t<div class=\"nectar_icon\" ><i style=\"font-size: 50px; line-height: 50px; height: 50px; width: 50px;\" class=\"iconsmind-Helicopter-2\"><\/i><\/div>\r\n\t<\/div>\r\n\t<div class=\"wpb_text_column wpb_content_element  wpb_animate_when_almost_visible wpb_fadeInUp fadeInUp\" >\r\n\t\t<div class=\"wpb_wrapper\">\r\n\t\t\t<h4>Soporte a bordo<\/h4>\n\r\n\t\t<\/div>\r\n\t<\/div>\r\n\r\n\t<div class=\"wpb_text_column wpb_content_element  wpb_animate_when_almost_visible wpb_fadeInUp fadeInUp vc_custom_1615209221040\" >\r\n\t\t<div class=\"wpb_wrapper\">\r\n\t\t\t<p>El equipo de apoyo de YachtProjects atender\u00e1 a embarcaciones en el pr\u00f3ximo puerto disponible para un soporte de emergencia que no se pueda resolver de forma remota. El equipo de soporte tambi\u00e9n completar\u00e1 el mantenimiento del VSAT, Servidor, y Sistemas de Redes a bordo de la embarcaci\u00f3n.<\/p>\n\r\n\t\t<\/div>\r\n\t<\/div>\r\n\n\t\t<\/div> \n\t<\/div>\n\t<\/div> \n<\/div><\/div>\n\t\t\t<\/div> \n\t\t<\/div>\n\t<\/div> \n<\/div><\/div>\r\n\t\t<div id=\"fws_69e6313fa207a\"  data-midnight=\"dark\" data-bg-mobile-hidden=\"\" class=\"wpb_row vc_row-fluid vc_row standard_section\"  style=\"padding-top: 0px; padding-bottom: 0px; \"><div class=\"row-bg-wrap\"><div class=\"inner-wrap\"> <div class=\"row-bg\"  style=\"\" data-color_overlay=\"\" data-color_overlay_2=\"\" data-gradient_direction=\"\" data-overlay_strength=\"0.3\" data-enable_gradient=\"false\"><\/div><\/div> <\/div><div class=\"col span_12 dark left\">\n\t<div  class=\"vc_col-sm-12 wpb_column column_container vc_column_container col no-extra-padding\"  data-shadow=\"none\" data-border-animation=\"\" data-border-animation-delay=\"\" data-border-width=\"none\" data-border-style=\"solid\" data-border-color=\"\" data-bg-cover=\"\" data-padding-pos=\"all\" data-has-bg-color=\"false\" data-bg-color=\"\" data-bg-opacity=\"1\" data-hover-bg=\"\" data-hover-bg-opacity=\"1\" data-animation=\"\" data-delay=\"0\">\n\t\t<div class=\"vc_column-inner\">\n\t\t\t<div class=\"wpb_wrapper\">\n\t\t\t\t<h2 style=\"text-align: left;font-family:Abril Fatface;font-weight:400;font-style:normal\" class=\"vc_custom_heading\" >Contacta Ayuda<br \/>\n<\/h2>\n<div class=\"wpcf7 no-js\" id=\"wpcf7-f14265-o1\" lang=\"en-US\" dir=\"ltr\" data-wpcf7-id=\"14265\">\n<div class=\"screen-reader-response\"><p role=\"status\" aria-live=\"polite\" aria-atomic=\"true\"><\/p> <ul><\/ul><\/div>\n<form action=\"\/es\/wp-json\/wp\/v2\/pages\/13999#wpcf7-f14265-o1\" method=\"post\" class=\"wpcf7-form init\" aria-label=\"Contact form\" novalidate=\"novalidate\" data-status=\"init\" data-trp-original-action=\"\/es\/wp-json\/wp\/v2\/pages\/13999#wpcf7-f14265-o1\">\n<fieldset class=\"hidden-fields-container\"><input type=\"hidden\" name=\"_wpcf7\" value=\"14265\" \/><input type=\"hidden\" name=\"_wpcf7_version\" value=\"6.1\" \/><input type=\"hidden\" name=\"_wpcf7_locale\" value=\"en_US\" \/><input type=\"hidden\" name=\"_wpcf7_unit_tag\" value=\"wpcf7-f14265-o1\" \/><input type=\"hidden\" name=\"_wpcf7_container_post\" value=\"0\" \/><input type=\"hidden\" name=\"_wpcf7_posted_data_hash\" value=\"\" \/><input type=\"hidden\" name=\"_wpcf7_recaptcha_response\" value=\"\" \/>\n<\/fieldset>\n<p><label> Nombre<br \/>\n<span class=\"wpcf7-form-control-wrap\" data-name=\"your-name\"><input size=\"40\" maxlength=\"400\" class=\"wpcf7-form-control wpcf7-text wpcf7-validates-as-required\" aria-required=\"true\" aria-invalid=\"false\" value=\"\" type=\"text\" name=\"your-name\" \/><\/span> <\/label>\n<\/p>\n<p><label> Su email<br \/>\n<span class=\"wpcf7-form-control-wrap\" data-name=\"your-email\"><input size=\"40\" maxlength=\"400\" class=\"wpcf7-form-control wpcf7-email wpcf7-validates-as-required wpcf7-text wpcf7-validates-as-email\" aria-required=\"true\" aria-invalid=\"false\" value=\"\" type=\"email\" name=\"your-email\" \/><\/span> <\/label>\n<\/p>\n<p><label> Tema<br \/>\n<span class=\"wpcf7-form-control-wrap\" data-name=\"your-subject\"><input size=\"40\" maxlength=\"400\" class=\"wpcf7-form-control wpcf7-text wpcf7-validates-as-required\" aria-required=\"true\" aria-invalid=\"false\" value=\"\" type=\"text\" name=\"your-subject\" \/><\/span> <\/label>\n<\/p>\n<p><label> Su mensaje (opcional)<br \/>\n<span class=\"wpcf7-form-control-wrap\" data-name=\"your-message\"><textarea cols=\"40\" rows=\"10\" maxlength=\"2000\" class=\"wpcf7-form-control wpcf7-textarea\" aria-invalid=\"false\" name=\"your-message\"><\/textarea><\/span> <\/label>\n<\/p>\n<p><input class=\"wpcf7-form-control wpcf7-submit has-spinner\" type=\"submit\" value=\"Enviar\" \/>\n<\/p><div class=\"wpcf7-response-output\" aria-hidden=\"true\"><\/div>\n<input type=\"hidden\" name=\"trp-form-language\" value=\"es\"\/><\/form>\n<\/div>\n\n\t\t\t<\/div> \n\t\t<\/div>\n\t<\/div> \n<\/div><\/div>","protected":false},"excerpt":{"rendered":"365\u00a0 24\/7 YachtProjects Systems Support There For You YachtProjects support staff are available for support 24\/7,\u00a0 Supporting any of our products of services that we offer for both technical or...","protected":false},"author":1,"featured_media":0,"parent":0,"menu_order":0,"comment_status":"closed","ping_status":"closed","template":"","meta":{"footnotes":""},"class_list":["post-13999","page","type-page","status-publish","hentry"],"yoast_head":"<!-- This site is optimized with the Yoast SEO plugin v25.4 - https:\/\/yoast.com\/wordpress\/plugins\/seo\/ -->\n<title>Support - YachtProjects International<\/title>\n<meta name=\"robots\" content=\"index, follow, max-snippet:-1, max-image-preview:large, max-video-preview:-1\" \/>\n<link rel=\"canonical\" href=\"https:\/\/yachtprojects.net\/es\/support\/\" \/>\n<meta property=\"og:locale\" content=\"es_ES\" \/>\n<meta property=\"og:type\" content=\"article\" \/>\n<meta property=\"og:title\" content=\"Support - YachtProjects International\" \/>\n<meta property=\"og:url\" content=\"https:\/\/yachtprojects.net\/es\/support\/\" \/>\n<meta property=\"og:site_name\" content=\"YachtProjects International\" \/>\n<meta property=\"article:publisher\" content=\"https:\/\/www.facebook.com\/communicationprofessional\/?ref=bookmarks\" \/>\n<meta property=\"article:modified_time\" content=\"2021-10-06T13:37:55+00:00\" \/>\n<meta name=\"twitter:card\" content=\"summary_large_image\" \/>\n<meta name=\"twitter:label1\" content=\"Tiempo de lectura\" \/>\n\t<meta name=\"twitter:data1\" content=\"2 minutos\" \/>\n<script type=\"application\/ld+json\" class=\"yoast-schema-graph\">{\"@context\":\"https:\/\/schema.org\",\"@graph\":[{\"@type\":\"WebPage\",\"@id\":\"https:\/\/yachtprojects.net\/support\/\",\"url\":\"https:\/\/yachtprojects.net\/support\/\",\"name\":\"Support - YachtProjects International\",\"isPartOf\":{\"@id\":\"https:\/\/yachtprojects.net\/#website\"},\"datePublished\":\"2021-03-08T11:16:47+00:00\",\"dateModified\":\"2021-10-06T13:37:55+00:00\",\"breadcrumb\":{\"@id\":\"https:\/\/yachtprojects.net\/support\/#breadcrumb\"},\"inLanguage\":\"es\",\"potentialAction\":[{\"@type\":\"ReadAction\",\"target\":[\"https:\/\/yachtprojects.net\/support\/\"]}]},{\"@type\":\"BreadcrumbList\",\"@id\":\"https:\/\/yachtprojects.net\/support\/#breadcrumb\",\"itemListElement\":[{\"@type\":\"ListItem\",\"position\":1,\"name\":\"Home\",\"item\":\"https:\/\/yachtprojects.net\/\"},{\"@type\":\"ListItem\",\"position\":2,\"name\":\"Support\"}]},{\"@type\":\"WebSite\",\"@id\":\"https:\/\/yachtprojects.net\/#website\",\"url\":\"https:\/\/yachtprojects.net\/\",\"name\":\"YachtProjects International\",\"description\":\"\",\"publisher\":{\"@id\":\"https:\/\/yachtprojects.net\/#organization\"},\"potentialAction\":[{\"@type\":\"SearchAction\",\"target\":{\"@type\":\"EntryPoint\",\"urlTemplate\":\"https:\/\/yachtprojects.net\/?s={search_term_string}\"},\"query-input\":{\"@type\":\"PropertyValueSpecification\",\"valueRequired\":true,\"valueName\":\"search_term_string\"}}],\"inLanguage\":\"es\"},{\"@type\":\"Organization\",\"@id\":\"https:\/\/yachtprojects.net\/#organization\",\"name\":\"Yachtprojects International\",\"url\":\"https:\/\/yachtprojects.net\/\",\"logo\":{\"@type\":\"ImageObject\",\"inLanguage\":\"es\",\"@id\":\"https:\/\/yachtprojects.net\/#\/schema\/logo\/image\/\",\"url\":\"https:\/\/yachtprojects.net\/wp-content\/uploads\/2017\/11\/SEO_Logo_v2.png\",\"contentUrl\":\"https:\/\/yachtprojects.net\/wp-content\/uploads\/2017\/11\/SEO_Logo_v2.png\",\"width\":260,\"height\":80,\"caption\":\"Yachtprojects International\"},\"image\":{\"@id\":\"https:\/\/yachtprojects.net\/#\/schema\/logo\/image\/\"},\"sameAs\":[\"https:\/\/www.facebook.com\/communicationprofessional\/?ref=bookmarks\"]}]}<\/script>\n<!-- \/ Yoast SEO plugin. -->","yoast_head_json":{"title":"Support - YachtProjects International","robots":{"index":"index","follow":"follow","max-snippet":"max-snippet:-1","max-image-preview":"max-image-preview:large","max-video-preview":"max-video-preview:-1"},"canonical":"https:\/\/yachtprojects.net\/es\/support\/","og_locale":"es_ES","og_type":"article","og_title":"Support - YachtProjects International","og_url":"https:\/\/yachtprojects.net\/es\/support\/","og_site_name":"YachtProjects International","article_publisher":"https:\/\/www.facebook.com\/communicationprofessional\/?ref=bookmarks","article_modified_time":"2021-10-06T13:37:55+00:00","twitter_card":"summary_large_image","twitter_misc":{"Tiempo de lectura":"2 minutos"},"schema":{"@context":"https:\/\/schema.org","@graph":[{"@type":"WebPage","@id":"https:\/\/yachtprojects.net\/support\/","url":"https:\/\/yachtprojects.net\/support\/","name":"Support - YachtProjects International","isPartOf":{"@id":"https:\/\/yachtprojects.net\/#website"},"datePublished":"2021-03-08T11:16:47+00:00","dateModified":"2021-10-06T13:37:55+00:00","breadcrumb":{"@id":"https:\/\/yachtprojects.net\/support\/#breadcrumb"},"inLanguage":"es","potentialAction":[{"@type":"ReadAction","target":["https:\/\/yachtprojects.net\/support\/"]}]},{"@type":"BreadcrumbList","@id":"https:\/\/yachtprojects.net\/support\/#breadcrumb","itemListElement":[{"@type":"ListItem","position":1,"name":"Home","item":"https:\/\/yachtprojects.net\/"},{"@type":"ListItem","position":2,"name":"Support"}]},{"@type":"WebSite","@id":"https:\/\/yachtprojects.net\/#website","url":"https:\/\/yachtprojects.net\/","name":"YachtProjects International","description":"","publisher":{"@id":"https:\/\/yachtprojects.net\/#organization"},"potentialAction":[{"@type":"SearchAction","target":{"@type":"EntryPoint","urlTemplate":"https:\/\/yachtprojects.net\/?s={search_term_string}"},"query-input":{"@type":"PropertyValueSpecification","valueRequired":true,"valueName":"search_term_string"}}],"inLanguage":"es"},{"@type":"Organization","@id":"https:\/\/yachtprojects.net\/#organization","name":"Yachtprojects International","url":"https:\/\/yachtprojects.net\/","logo":{"@type":"ImageObject","inLanguage":"es","@id":"https:\/\/yachtprojects.net\/#\/schema\/logo\/image\/","url":"https:\/\/yachtprojects.net\/wp-content\/uploads\/2017\/11\/SEO_Logo_v2.png","contentUrl":"https:\/\/yachtprojects.net\/wp-content\/uploads\/2017\/11\/SEO_Logo_v2.png","width":260,"height":80,"caption":"Yachtprojects International"},"image":{"@id":"https:\/\/yachtprojects.net\/#\/schema\/logo\/image\/"},"sameAs":["https:\/\/www.facebook.com\/communicationprofessional\/?ref=bookmarks"]}]}},"_links":{"self":[{"href":"https:\/\/yachtprojects.net\/es\/wp-json\/wp\/v2\/pages\/13999","targetHints":{"allow":["GET"]}}],"collection":[{"href":"https:\/\/yachtprojects.net\/es\/wp-json\/wp\/v2\/pages"}],"about":[{"href":"https:\/\/yachtprojects.net\/es\/wp-json\/wp\/v2\/types\/page"}],"author":[{"embeddable":true,"href":"https:\/\/yachtprojects.net\/es\/wp-json\/wp\/v2\/users\/1"}],"replies":[{"embeddable":true,"href":"https:\/\/yachtprojects.net\/es\/wp-json\/wp\/v2\/comments?post=13999"}],"version-history":[{"count":11,"href":"https:\/\/yachtprojects.net\/es\/wp-json\/wp\/v2\/pages\/13999\/revisions"}],"predecessor-version":[{"id":14272,"href":"https:\/\/yachtprojects.net\/es\/wp-json\/wp\/v2\/pages\/13999\/revisions\/14272"}],"wp:attachment":[{"href":"https:\/\/yachtprojects.net\/es\/wp-json\/wp\/v2\/media?parent=13999"}],"curies":[{"name":"wp","href":"https:\/\/api.w.org\/{rel}","templated":true}]}}