{"id":13969,"date":"2021-02-25T10:27:35","date_gmt":"2021-02-25T10:27:35","guid":{"rendered":"https:\/\/yachtprojects.net\/?page_id=13969"},"modified":"2021-07-23T11:08:21","modified_gmt":"2021-07-23T11:08:21","slug":"onboard-networking","status":"publish","type":"page","link":"https:\/\/yachtprojects.net\/es\/onboard-networking\/","title":{"rendered":"Redes a bordo"},"content":{"rendered":"<div id=\"fws_69da21411712b\"  data-midnight=\"dark\" data-bg-mobile-hidden=\"\" class=\"wpb_row vc_row-fluid vc_row full-width-content  vc_row-o-equal-height vc_row-flex  vc_row-o-content-middle standard_section\"  style=\"padding-top: 0px; padding-bottom: 0px; \"><div class=\"row-bg-wrap\"><div class=\"inner-wrap\"> <div class=\"row-bg  using-bg-color\"  style=\"background-color: #ffffff; \" data-color_overlay=\"\" data-color_overlay_2=\"\" data-gradient_direction=\"\" data-overlay_strength=\"0.3\" data-enable_gradient=\"false\"><\/div><\/div> <\/div><div class=\"col span_12 dark left\">\n\t<div style=\"\" class=\"vc_col-sm-6 wpb_column column_container vc_column_container col padding-10-percent\" data-using-bg=\"true\" data-shadow=\"none\" data-border-animation=\"\" data-border-animation-delay=\"\" data-border-width=\"none\" data-border-style=\"solid\" data-border-color=\"\" data-bg-cover=\"\" data-padding-pos=\"all\" data-has-bg-color=\"true\" data-bg-color=\"#f4f4f4\" data-bg-opacity=\"1\" data-hover-bg=\"\" data-hover-bg-opacity=\"1\" data-animation=\"\" data-delay=\"0\">\n\t\t<div class=\"vc_column-inner\">\n\t\t\t<div class=\"wpb_wrapper\">\n\t\t\t\t\r\n\t<div id=\"fws_69da2141174d1\" data-midnight=\"\" data-column-margin=\"default\" data-bg-mobile-hidden=\"\" class=\"wpb_row vc_row-fluid vc_row standard_section\"  style=\"padding-top: 0px; padding-bottom: 0px; \"><div class=\"row-bg-wrap\"> <div class=\"row-bg\"  style=\"\"><\/div> <\/div><div class=\"col span_12  left\">\n\t<div  class=\"vc_col-sm-12 wpb_column column_container vc_column_container col has-animation no-extra-padding\"   data-border-animation=\"\" data-border-animation-delay=\"\" data-border-width=\"none\" data-border-style=\"solid\" data-border-color=\"\" data-bg-cover=\"\" data-padding-pos=\"all\" data-has-bg-color=\"false\" data-bg-color=\"\" data-bg-opacity=\"1\" data-hover-bg=\"\" data-hover-bg-opacity=\"1\" data-animation=\"fade-in-from-bottom\" data-delay=\"0\">\n\t\t<div class=\"vc_column-inner\">\n\t\t<div class=\"wpb_wrapper\">\n\t\t\t<h2 style=\"font-size: 40px;line-height: 50px;text-align: left\" class=\"vc_custom_heading\" >Seawall - Firewall<\/h2><p style=\"color: rgba(10,10,10,0.6);text-align: left\" class=\"vc_custom_heading\" >Nuestra soluci\u00f3n que act\u00faa como el principal firewall y enrutador de red a bordo de la embarcaci\u00f3n, Rebosante de tecnolog\u00eda dise\u00f1ada para la forma \u00fanica en que los yates y el sector comercial utilizan la tecnolog\u00eda mientras est\u00e1n en la mar.<\/p><a class=\"nectar-button large see-through-2\" style=\"margin-top: 30px; \"  href=\"https:\/\/yachtprojects.net\/es\/seawall\/\" data-color-override=\"false\" data-hover-color-override=\"false\" data-hover-text-color-override=\"#ffffff\"><span>M\u00e1s informaci\u00f3n<\/span><\/a>\n\t\t<\/div> \n\t<\/div>\n\t<\/div> \n<\/div><\/div>\n\t\t\t<\/div> \n\t\t<\/div>\n\t<\/div> \n\n\t<div style=\" background-image: url('https:\/\/yachtprojects.net\/wp-content\/uploads\/2021\/02\/pexels-pixabay-207580-scaled.jpg'); \" class=\"vc_col-sm-6 wpb_column column_container vc_column_container col no-extra-padding\" data-using-bg=\"true\" data-shadow=\"none\" data-border-animation=\"\" data-border-animation-delay=\"\" data-border-width=\"none\" data-border-style=\"solid\" data-border-color=\"\" data-bg-cover=\"true\" data-padding-pos=\"all\" data-has-bg-color=\"false\" data-bg-color=\"\" data-bg-opacity=\"1\" data-hover-bg=\"\" data-hover-bg-opacity=\"1\" data-animation=\"\" data-delay=\"0\">\n\t\t<div class=\"vc_column-inner\">\n\t\t\t<div class=\"wpb_wrapper\">\n\t\t\t\t\n\t\t\t<\/div> \n\t\t<\/div>\n\t<\/div> \n<\/div><\/div>\r\n\t\t<div id=\"fws_69da214117fa9\"  data-midnight=\"dark\" data-bg-mobile-hidden=\"\" class=\"wpb_row vc_row-fluid vc_row full-width-content  vc_row-o-equal-height vc_row-flex  vc_row-o-content-middle standard_section\"  style=\"padding-top: 0px; padding-bottom: 0px; \"><div class=\"row-bg-wrap\"><div class=\"inner-wrap\"> <div class=\"row-bg\"  style=\"\" data-color_overlay=\"\" data-color_overlay_2=\"\" data-gradient_direction=\"\" data-overlay_strength=\"0.3\" data-enable_gradient=\"false\"><\/div><\/div> <\/div><div class=\"col span_12 dark left\">\n\t<div style=\" background-image: url('https:\/\/yachtprojects.net\/wp-content\/uploads\/2021\/02\/network.png'); \" class=\"vc_col-sm-6 wpb_column column_container vc_column_container col no-extra-padding\" data-using-bg=\"true\" data-shadow=\"none\" data-border-animation=\"\" data-border-animation-delay=\"\" data-border-width=\"none\" data-border-style=\"solid\" data-border-color=\"\" data-bg-cover=\"true\" data-padding-pos=\"all\" data-has-bg-color=\"false\" data-bg-color=\"\" data-bg-opacity=\"1\" data-hover-bg=\"\" data-hover-bg-opacity=\"1\" data-animation=\"\" data-delay=\"0\">\n\t\t<div class=\"vc_column-inner\">\n\t\t\t<div class=\"wpb_wrapper\">\n\t\t\t\t\n\t\t\t<\/div> \n\t\t<\/div>\n\t<\/div> \n\n\t<div style=\"\" class=\"vc_col-sm-6 wpb_column column_container vc_column_container col padding-10-percent\" data-using-bg=\"true\" data-shadow=\"none\" data-border-animation=\"\" data-border-animation-delay=\"\" data-border-width=\"none\" data-border-style=\"solid\" data-border-color=\"\" data-bg-cover=\"\" data-padding-pos=\"all\" data-has-bg-color=\"true\" data-bg-color=\"#ffffff\" data-bg-opacity=\"1\" data-hover-bg=\"\" data-hover-bg-opacity=\"1\" data-animation=\"\" data-delay=\"0\">\n\t\t<div class=\"vc_column-inner\">\n\t\t\t<div class=\"wpb_wrapper\">\n\t\t\t\t\r\n\t<div id=\"fws_69da2141182db\" data-midnight=\"\" data-column-margin=\"default\" data-bg-mobile-hidden=\"\" class=\"wpb_row vc_row-fluid vc_row standard_section\"  style=\"padding-top: 0px; padding-bottom: 0px; \"><div class=\"row-bg-wrap\"> <div class=\"row-bg\"  style=\"\"><\/div> <\/div><div class=\"col span_12  left\">\n\t<div  class=\"vc_col-sm-12 wpb_column column_container vc_column_container col has-animation no-extra-padding\"   data-border-animation=\"\" data-border-animation-delay=\"\" data-border-width=\"none\" data-border-style=\"solid\" data-border-color=\"\" data-bg-cover=\"\" data-padding-pos=\"all\" data-has-bg-color=\"false\" data-bg-color=\"\" data-bg-opacity=\"1\" data-hover-bg=\"\" data-hover-bg-opacity=\"1\" data-animation=\"fade-in-from-bottom\" data-delay=\"0\">\n\t\t<div class=\"vc_column-inner\">\n\t\t<div class=\"wpb_wrapper\">\n\t\t\t<h2 style=\"font-size: 40px;line-height: 50px;text-align: left\" class=\"vc_custom_heading\" >Redes<\/h2><p style=\"color: rgba(10,10,10,0.6);text-align: left\" class=\"vc_custom_heading\" >La red a bordo de la embarcaci\u00f3n es la columna vertebral de la comunicaci\u00f3n, compuesta por los cables, las fibras y las ondas de radio que conectan su dispositivo con el mundo exterior. Nuestro experimentado equipo ha dise\u00f1ado las redes que funcionan en grandes s\u00faper yates para cruceros que operan en regiones polares. \nCada red est\u00e1 dise\u00f1ada para adaptarse a las necesidades de la embarcaci\u00f3n.<\/p><a class=\"nectar-button large see-through-2\" style=\"margin-top: 30px; \"  href=\"https:\/\/yachtprojects.net\/es\/networking\/\" data-color-override=\"false\" data-hover-color-override=\"false\" data-hover-text-color-override=\"#ffffff\"><span>M\u00e1s informaci\u00f3n<\/span><\/a>\n\t\t<\/div> \n\t<\/div>\n\t<\/div> \n<\/div><\/div>\n\t\t\t<\/div> \n\t\t<\/div>\n\t<\/div> \n<\/div><\/div>\r\n\t\t<div id=\"fws_69da2141187c5\"  data-midnight=\"dark\" data-bg-mobile-hidden=\"\" class=\"wpb_row vc_row-fluid vc_row full-width-content  vc_row-o-equal-height vc_row-flex  vc_row-o-content-middle standard_section\"  style=\"padding-top: 0px; padding-bottom: 0px; \"><div class=\"row-bg-wrap\"><div class=\"inner-wrap\"> <div class=\"row-bg  using-bg-color\"  style=\"background-color: #ffffff; \" data-color_overlay=\"\" data-color_overlay_2=\"\" data-gradient_direction=\"\" data-overlay_strength=\"0.3\" data-enable_gradient=\"false\"><\/div><\/div> <\/div><div class=\"col span_12 dark left\">\n\t<div style=\"\" class=\"vc_col-sm-6 wpb_column column_container vc_column_container col padding-10-percent\" data-using-bg=\"true\" data-shadow=\"none\" data-border-animation=\"\" data-border-animation-delay=\"\" data-border-width=\"none\" data-border-style=\"solid\" data-border-color=\"\" data-bg-cover=\"\" data-padding-pos=\"all\" data-has-bg-color=\"true\" data-bg-color=\"#f4f4f4\" data-bg-opacity=\"1\" data-hover-bg=\"\" data-hover-bg-opacity=\"1\" data-animation=\"\" data-delay=\"0\">\n\t\t<div class=\"vc_column-inner\">\n\t\t\t<div class=\"wpb_wrapper\">\n\t\t\t\t\r\n\t<div id=\"fws_69da214118917\" data-midnight=\"\" data-column-margin=\"default\" data-bg-mobile-hidden=\"\" class=\"wpb_row vc_row-fluid vc_row standard_section\"  style=\"padding-top: 0px; padding-bottom: 0px; \"><div class=\"row-bg-wrap\"> <div class=\"row-bg\"  style=\"\"><\/div> <\/div><div class=\"col span_12  left\">\n\t<div  class=\"vc_col-sm-12 wpb_column column_container vc_column_container col has-animation no-extra-padding\"   data-border-animation=\"\" data-border-animation-delay=\"\" data-border-width=\"none\" data-border-style=\"solid\" data-border-color=\"\" data-bg-cover=\"\" data-padding-pos=\"all\" data-has-bg-color=\"false\" data-bg-color=\"\" data-bg-opacity=\"1\" data-hover-bg=\"\" data-hover-bg-opacity=\"1\" data-animation=\"fade-in-from-bottom\" data-delay=\"0\">\n\t\t<div class=\"vc_column-inner\">\n\t\t<div class=\"wpb_wrapper\">\n\t\t\t<h2 style=\"font-size: 40px;line-height: 50px;text-align: left\" class=\"vc_custom_heading\" >Equipo IT<\/h2><p style=\"color: rgba(10,10,10,0.6);text-align: left\" class=\"vc_custom_heading\" >Podemos suplementar el hardware IT a su embarcaci\u00f3n en ordenadores, impresoras, sistemas POS, Voip, tel\u00e9fonos.<\/p><a class=\"nectar-button large see-through-2\" style=\"margin-top: 30px; \"  href=\"https:\/\/yachtprojects.net\/es\/ithardware\/\" data-color-override=\"false\" data-hover-color-override=\"false\" data-hover-text-color-override=\"#ffffff\"><span>M\u00e1s informaci\u00f3n<\/span><\/a>\n\t\t<\/div> \n\t<\/div>\n\t<\/div> \n<\/div><\/div>\n\t\t\t<\/div> \n\t\t<\/div>\n\t<\/div> \n\n\t<div style=\" background-image: url('https:\/\/yachtprojects.net\/wp-content\/uploads\/2021\/02\/hpeserver.png'); \" class=\"vc_col-sm-6 wpb_column column_container vc_column_container col no-extra-padding\" data-using-bg=\"true\" data-shadow=\"none\" data-border-animation=\"\" data-border-animation-delay=\"\" data-border-width=\"none\" data-border-style=\"solid\" data-border-color=\"\" data-bg-cover=\"true\" data-padding-pos=\"all\" data-has-bg-color=\"false\" data-bg-color=\"\" data-bg-opacity=\"1\" data-hover-bg=\"\" data-hover-bg-opacity=\"1\" data-animation=\"\" data-delay=\"0\">\n\t\t<div class=\"vc_column-inner\">\n\t\t\t<div class=\"wpb_wrapper\">\n\t\t\t\t\n\t\t\t<\/div> \n\t\t<\/div>\n\t<\/div> \n<\/div><\/div>\r\n\t\t<div id=\"fws_69da214118fc0\"  data-midnight=\"dark\" data-bg-mobile-hidden=\"\" class=\"wpb_row vc_row-fluid vc_row full-width-content  vc_row-o-equal-height vc_row-flex  vc_row-o-content-middle standard_section\"  style=\"padding-top: 0px; padding-bottom: 0px; \"><div class=\"row-bg-wrap\"><div class=\"inner-wrap\"> <div class=\"row-bg\"  style=\"\" data-color_overlay=\"\" data-color_overlay_2=\"\" data-gradient_direction=\"\" data-overlay_strength=\"0.3\" data-enable_gradient=\"false\"><\/div><\/div> <\/div><div class=\"col span_12 dark left\">\n\t<div style=\" background-image: url('https:\/\/yachtprojects.net\/wp-content\/uploads\/2021\/07\/voip.png'); \" class=\"vc_col-sm-6 wpb_column column_container vc_column_container col no-extra-padding\" data-using-bg=\"true\" data-shadow=\"none\" data-border-animation=\"\" data-border-animation-delay=\"\" data-border-width=\"none\" data-border-style=\"solid\" data-border-color=\"\" data-bg-cover=\"true\" data-padding-pos=\"all\" data-has-bg-color=\"false\" data-bg-color=\"\" data-bg-opacity=\"1\" data-hover-bg=\"\" data-hover-bg-opacity=\"1\" data-animation=\"\" data-delay=\"0\">\n\t\t<div class=\"vc_column-inner\">\n\t\t\t<div class=\"wpb_wrapper\">\n\t\t\t\t\n\t\t\t<\/div> \n\t\t<\/div>\n\t<\/div> \n\n\t<div style=\"\" class=\"vc_col-sm-6 wpb_column column_container vc_column_container col padding-10-percent\" data-using-bg=\"true\" data-shadow=\"none\" data-border-animation=\"\" data-border-animation-delay=\"\" data-border-width=\"none\" data-border-style=\"solid\" data-border-color=\"\" data-bg-cover=\"\" data-padding-pos=\"all\" data-has-bg-color=\"true\" data-bg-color=\"#ffffff\" data-bg-opacity=\"1\" data-hover-bg=\"\" data-hover-bg-opacity=\"1\" data-animation=\"\" data-delay=\"0\">\n\t\t<div class=\"vc_column-inner\">\n\t\t\t<div class=\"wpb_wrapper\">\n\t\t\t\t\r\n\t<div id=\"fws_69da214119340\" data-midnight=\"\" data-column-margin=\"default\" data-bg-mobile-hidden=\"\" class=\"wpb_row vc_row-fluid vc_row standard_section\"  style=\"padding-top: 0px; padding-bottom: 0px; \"><div class=\"row-bg-wrap\"> <div class=\"row-bg\"  style=\"\"><\/div> <\/div><div class=\"col span_12  left\">\n\t<div  class=\"vc_col-sm-12 wpb_column column_container vc_column_container col has-animation no-extra-padding\"   data-border-animation=\"\" data-border-animation-delay=\"\" data-border-width=\"none\" data-border-style=\"solid\" data-border-color=\"\" data-bg-cover=\"\" data-padding-pos=\"all\" data-has-bg-color=\"false\" data-bg-color=\"\" data-bg-opacity=\"1\" data-hover-bg=\"\" data-hover-bg-opacity=\"1\" data-animation=\"fade-in-from-bottom\" data-delay=\"0\">\n\t\t<div class=\"vc_column-inner\">\n\t\t<div class=\"wpb_wrapper\">\n\t\t\t<h2 style=\"font-size: 40px;line-height: 50px;text-align: left\" class=\"vc_custom_heading\" >VoIP<\/h2><p style=\"color: rgba(10,10,10,0.6);text-align: left\" class=\"vc_custom_heading\" >Nuestro VoIP (Voice over IP) el dispositivo ha sido dise\u00f1ado y probado para funcionar en conexiones de baja banda ancha y baja latencia, a menudo utilizados en la mar. Todo a la vez proporcionando una excelente calidad de sonido y asequibilidad.<\/p><a class=\"nectar-button large see-through-2\" style=\"margin-top: 30px; \"  href=\"https:\/\/yachtprojects.net\/es\/voip\/\" data-color-override=\"false\" data-hover-color-override=\"false\" data-hover-text-color-override=\"#ffffff\"><span>M\u00e1s informaci\u00f3n<\/span><\/a>\n\t\t<\/div> \n\t<\/div>\n\t<\/div> \n<\/div><\/div>\n\t\t\t<\/div> \n\t\t<\/div>\n\t<\/div> \n<\/div><\/div>","protected":false},"excerpt":{"rendered":"Seawall - FirewallSeawall is our solution that acts as both the main Firewall and network router onboard the vessel, Brimmed with technology designed for the unique way in which yachts...","protected":false},"author":1,"featured_media":0,"parent":0,"menu_order":0,"comment_status":"closed","ping_status":"closed","template":"","meta":{"footnotes":""},"class_list":["post-13969","page","type-page","status-publish","hentry"],"yoast_head":"<!-- This site is optimized with the Yoast SEO plugin v25.4 - https:\/\/yoast.com\/wordpress\/plugins\/seo\/ -->\n<title>Onboard Networking - YachtProjects International<\/title>\n<meta name=\"robots\" content=\"index, follow, max-snippet:-1, max-image-preview:large, max-video-preview:-1\" \/>\n<link rel=\"canonical\" href=\"https:\/\/yachtprojects.net\/es\/onboard-networking\/\" \/>\n<meta property=\"og:locale\" content=\"es_ES\" \/>\n<meta property=\"og:type\" content=\"article\" \/>\n<meta property=\"og:title\" content=\"Onboard Networking - YachtProjects International\" \/>\n<meta property=\"og:url\" content=\"https:\/\/yachtprojects.net\/es\/onboard-networking\/\" \/>\n<meta property=\"og:site_name\" content=\"YachtProjects International\" \/>\n<meta property=\"article:publisher\" content=\"https:\/\/www.facebook.com\/communicationprofessional\/?ref=bookmarks\" \/>\n<meta property=\"article:modified_time\" content=\"2021-07-23T11:08:21+00:00\" \/>\n<meta name=\"twitter:card\" content=\"summary_large_image\" \/>\n<meta name=\"twitter:label1\" content=\"Tiempo de lectura\" \/>\n\t<meta name=\"twitter:data1\" content=\"2 minutos\" \/>\n<script type=\"application\/ld+json\" class=\"yoast-schema-graph\">{\"@context\":\"https:\/\/schema.org\",\"@graph\":[{\"@type\":\"WebPage\",\"@id\":\"https:\/\/yachtprojects.net\/onboard-networking\/\",\"url\":\"https:\/\/yachtprojects.net\/onboard-networking\/\",\"name\":\"Onboard Networking - YachtProjects International\",\"isPartOf\":{\"@id\":\"https:\/\/yachtprojects.net\/#website\"},\"datePublished\":\"2021-02-25T10:27:35+00:00\",\"dateModified\":\"2021-07-23T11:08:21+00:00\",\"breadcrumb\":{\"@id\":\"https:\/\/yachtprojects.net\/onboard-networking\/#breadcrumb\"},\"inLanguage\":\"es\",\"potentialAction\":[{\"@type\":\"ReadAction\",\"target\":[\"https:\/\/yachtprojects.net\/onboard-networking\/\"]}]},{\"@type\":\"BreadcrumbList\",\"@id\":\"https:\/\/yachtprojects.net\/onboard-networking\/#breadcrumb\",\"itemListElement\":[{\"@type\":\"ListItem\",\"position\":1,\"name\":\"Home\",\"item\":\"https:\/\/yachtprojects.net\/\"},{\"@type\":\"ListItem\",\"position\":2,\"name\":\"Onboard Networking\"}]},{\"@type\":\"WebSite\",\"@id\":\"https:\/\/yachtprojects.net\/#website\",\"url\":\"https:\/\/yachtprojects.net\/\",\"name\":\"YachtProjects International\",\"description\":\"\",\"publisher\":{\"@id\":\"https:\/\/yachtprojects.net\/#organization\"},\"potentialAction\":[{\"@type\":\"SearchAction\",\"target\":{\"@type\":\"EntryPoint\",\"urlTemplate\":\"https:\/\/yachtprojects.net\/?s={search_term_string}\"},\"query-input\":{\"@type\":\"PropertyValueSpecification\",\"valueRequired\":true,\"valueName\":\"search_term_string\"}}],\"inLanguage\":\"es\"},{\"@type\":\"Organization\",\"@id\":\"https:\/\/yachtprojects.net\/#organization\",\"name\":\"Yachtprojects International\",\"url\":\"https:\/\/yachtprojects.net\/\",\"logo\":{\"@type\":\"ImageObject\",\"inLanguage\":\"es\",\"@id\":\"https:\/\/yachtprojects.net\/#\/schema\/logo\/image\/\",\"url\":\"https:\/\/yachtprojects.net\/wp-content\/uploads\/2017\/11\/SEO_Logo_v2.png\",\"contentUrl\":\"https:\/\/yachtprojects.net\/wp-content\/uploads\/2017\/11\/SEO_Logo_v2.png\",\"width\":260,\"height\":80,\"caption\":\"Yachtprojects International\"},\"image\":{\"@id\":\"https:\/\/yachtprojects.net\/#\/schema\/logo\/image\/\"},\"sameAs\":[\"https:\/\/www.facebook.com\/communicationprofessional\/?ref=bookmarks\"]}]}<\/script>\n<!-- \/ Yoast SEO plugin. -->","yoast_head_json":{"title":"Onboard Networking - YachtProjects International","robots":{"index":"index","follow":"follow","max-snippet":"max-snippet:-1","max-image-preview":"max-image-preview:large","max-video-preview":"max-video-preview:-1"},"canonical":"https:\/\/yachtprojects.net\/es\/onboard-networking\/","og_locale":"es_ES","og_type":"article","og_title":"Onboard Networking - YachtProjects International","og_url":"https:\/\/yachtprojects.net\/es\/onboard-networking\/","og_site_name":"YachtProjects International","article_publisher":"https:\/\/www.facebook.com\/communicationprofessional\/?ref=bookmarks","article_modified_time":"2021-07-23T11:08:21+00:00","twitter_card":"summary_large_image","twitter_misc":{"Tiempo de lectura":"2 minutos"},"schema":{"@context":"https:\/\/schema.org","@graph":[{"@type":"WebPage","@id":"https:\/\/yachtprojects.net\/onboard-networking\/","url":"https:\/\/yachtprojects.net\/onboard-networking\/","name":"Onboard Networking - YachtProjects International","isPartOf":{"@id":"https:\/\/yachtprojects.net\/#website"},"datePublished":"2021-02-25T10:27:35+00:00","dateModified":"2021-07-23T11:08:21+00:00","breadcrumb":{"@id":"https:\/\/yachtprojects.net\/onboard-networking\/#breadcrumb"},"inLanguage":"es","potentialAction":[{"@type":"ReadAction","target":["https:\/\/yachtprojects.net\/onboard-networking\/"]}]},{"@type":"BreadcrumbList","@id":"https:\/\/yachtprojects.net\/onboard-networking\/#breadcrumb","itemListElement":[{"@type":"ListItem","position":1,"name":"Home","item":"https:\/\/yachtprojects.net\/"},{"@type":"ListItem","position":2,"name":"Onboard Networking"}]},{"@type":"WebSite","@id":"https:\/\/yachtprojects.net\/#website","url":"https:\/\/yachtprojects.net\/","name":"YachtProjects International","description":"","publisher":{"@id":"https:\/\/yachtprojects.net\/#organization"},"potentialAction":[{"@type":"SearchAction","target":{"@type":"EntryPoint","urlTemplate":"https:\/\/yachtprojects.net\/?s={search_term_string}"},"query-input":{"@type":"PropertyValueSpecification","valueRequired":true,"valueName":"search_term_string"}}],"inLanguage":"es"},{"@type":"Organization","@id":"https:\/\/yachtprojects.net\/#organization","name":"Yachtprojects International","url":"https:\/\/yachtprojects.net\/","logo":{"@type":"ImageObject","inLanguage":"es","@id":"https:\/\/yachtprojects.net\/#\/schema\/logo\/image\/","url":"https:\/\/yachtprojects.net\/wp-content\/uploads\/2017\/11\/SEO_Logo_v2.png","contentUrl":"https:\/\/yachtprojects.net\/wp-content\/uploads\/2017\/11\/SEO_Logo_v2.png","width":260,"height":80,"caption":"Yachtprojects International"},"image":{"@id":"https:\/\/yachtprojects.net\/#\/schema\/logo\/image\/"},"sameAs":["https:\/\/www.facebook.com\/communicationprofessional\/?ref=bookmarks"]}]}},"_links":{"self":[{"href":"https:\/\/yachtprojects.net\/es\/wp-json\/wp\/v2\/pages\/13969","targetHints":{"allow":["GET"]}}],"collection":[{"href":"https:\/\/yachtprojects.net\/es\/wp-json\/wp\/v2\/pages"}],"about":[{"href":"https:\/\/yachtprojects.net\/es\/wp-json\/wp\/v2\/types\/page"}],"author":[{"embeddable":true,"href":"https:\/\/yachtprojects.net\/es\/wp-json\/wp\/v2\/users\/1"}],"replies":[{"embeddable":true,"href":"https:\/\/yachtprojects.net\/es\/wp-json\/wp\/v2\/comments?post=13969"}],"version-history":[{"count":9,"href":"https:\/\/yachtprojects.net\/es\/wp-json\/wp\/v2\/pages\/13969\/revisions"}],"predecessor-version":[{"id":14142,"href":"https:\/\/yachtprojects.net\/es\/wp-json\/wp\/v2\/pages\/13969\/revisions\/14142"}],"wp:attachment":[{"href":"https:\/\/yachtprojects.net\/es\/wp-json\/wp\/v2\/media?parent=13969"}],"curies":[{"name":"wp","href":"https:\/\/api.w.org\/{rel}","templated":true}]}}