{"id":13948,"date":"2021-02-23T10:49:55","date_gmt":"2021-02-23T10:49:55","guid":{"rendered":"https:\/\/yachtprojects.net\/?page_id=13948"},"modified":"2021-07-23T11:03:24","modified_gmt":"2021-07-23T11:03:24","slug":"networking","status":"publish","type":"page","link":"https:\/\/yachtprojects.net\/es\/networking\/","title":{"rendered":"Redes"},"content":{"rendered":"<div id=\"fws_69e53af05d73b\"  data-midnight=\"dark\" data-bg-mobile-hidden=\"\" class=\"wpb_row vc_row-fluid vc_row full-width-content standard_section\"  style=\"padding-top: 0px; padding-bottom: 0px; \"><div class=\"row-bg-wrap\"><div class=\"inner-wrap\"> <div class=\"row-bg  using-bg-color\"  style=\"background-color: #f7f7f7; \" data-color_overlay=\"\" data-color_overlay_2=\"\" data-gradient_direction=\"\" data-overlay_strength=\"0.3\" data-enable_gradient=\"false\"><\/div><\/div> <\/div><div class=\"col span_12 dark left\">\n\t<div  class=\"vc_col-sm-12 wpb_column column_container vc_column_container col padding-1-percent\"  data-shadow=\"none\" data-border-animation=\"\" data-border-animation-delay=\"\" data-border-width=\"none\" data-border-style=\"solid\" data-border-color=\"\" data-bg-cover=\"\" data-padding-pos=\"all\" data-has-bg-color=\"false\" data-bg-color=\"\" data-bg-opacity=\"1\" data-hover-bg=\"\" data-hover-bg-opacity=\"1\" data-animation=\"\" data-delay=\"0\">\n\t\t<div class=\"vc_column-inner\">\n\t\t\t<div class=\"wpb_wrapper\">\n\t\t\t\t\r\n\t<div id=\"fws_69e53af05db3d\" data-midnight=\"\" data-column-margin=\"default\" data-bg-mobile-hidden=\"\" class=\"wpb_row vc_row-fluid vc_row standard_section\"  style=\"padding-top: 0px; padding-bottom: 0px; \"><div class=\"row-bg-wrap\"> <div class=\"row-bg\"  style=\"\"><\/div> <\/div><div class=\"col span_12  left\">\n\t<div  class=\"vc_col-sm-4 wpb_column column_container vc_column_container col padding-1-percent\"   data-border-animation=\"\" data-border-animation-delay=\"\" data-border-width=\"none\" data-border-style=\"solid\" data-border-color=\"\" data-bg-cover=\"\" data-padding-pos=\"all\" data-has-bg-color=\"false\" data-bg-color=\"\" data-bg-opacity=\"1\" data-hover-bg=\"\" data-hover-bg-opacity=\"1\" data-animation=\"\" data-delay=\"0\">\n\t\t<div class=\"vc_column-inner\">\n\t\t<div class=\"wpb_wrapper\">\n\t\t\t<div class=\"nectar-fancy-box\" data-color=\"accent-color\"><div class=\"box-bg\"  style=\"background-image: url('https:\/\/yachtprojects.net\/wp-content\/uploads\/2021\/02\/networkDesign.png'); \"><\/div> <div class=\"inner\" style=\"min-height: 100px\">\n<h3>Dise\u00f1o de Redes<\/h3>\n<\/div>   <\/div>\n\t\t<\/div> \n\t<\/div>\n\t<\/div> \n\n\t<div  class=\"vc_col-sm-4 wpb_column column_container vc_column_container col padding-1-percent\"   data-border-animation=\"\" data-border-animation-delay=\"\" data-border-width=\"none\" data-border-style=\"solid\" data-border-color=\"\" data-bg-cover=\"\" data-padding-pos=\"all\" data-has-bg-color=\"false\" data-bg-color=\"\" data-bg-opacity=\"1\" data-hover-bg=\"\" data-hover-bg-opacity=\"1\" data-animation=\"\" data-delay=\"0\">\n\t\t<div class=\"vc_column-inner\">\n\t\t<div class=\"wpb_wrapper\">\n\t\t\t<div class=\"nectar-fancy-box\" data-color=\"extra-color-1\"><div class=\"box-bg\"  style=\"background-image: url('https:\/\/yachtprojects.net\/wp-content\/uploads\/2021\/07\/net2.png'); \"><\/div> <div class=\"inner\" style=\"min-height: 100px\">\n<h3>Redes inal\u00e1mbricas<\/h3>\n<\/div>   <\/div>\n\t\t<\/div> \n\t<\/div>\n\t<\/div> \n\n\t<div  class=\"vc_col-sm-4 wpb_column column_container vc_column_container col padding-1-percent\"   data-border-animation=\"\" data-border-animation-delay=\"\" data-border-width=\"none\" data-border-style=\"solid\" data-border-color=\"\" data-bg-cover=\"\" data-padding-pos=\"all\" data-has-bg-color=\"false\" data-bg-color=\"\" data-bg-opacity=\"1\" data-hover-bg=\"\" data-hover-bg-opacity=\"1\" data-animation=\"\" data-delay=\"0\">\n\t\t<div class=\"vc_column-inner\">\n\t\t<div class=\"wpb_wrapper\">\n\t\t\t<div class=\"nectar-fancy-box\" data-color=\"extra-color-2\"><div class=\"box-bg\"  style=\"background-image: url('https:\/\/yachtprojects.net\/wp-content\/uploads\/2021\/07\/net1.png'); \"><\/div> <div class=\"inner\" style=\"min-height: 100px\">\n<h3>Redes<\/h3>\n<\/div>   <\/div>\n\t\t<\/div> \n\t<\/div>\n\t<\/div> \n<\/div><\/div>\n\t\t\t<\/div> \n\t\t<\/div>\n\t<\/div> \n<\/div><\/div>\r\n\t\t<div id=\"fws_69e53af05e6ec\"  data-midnight=\"dark\" data-bg-mobile-hidden=\"\" class=\"wpb_row vc_row-fluid vc_row full-width-section standard_section\"  style=\"padding-top: 100px; padding-bottom: 5%; \"><div class=\"row-bg-wrap\"><div class=\"inner-wrap\"> <div class=\"row-bg\"  style=\"\" data-color_overlay=\"\" data-color_overlay_2=\"\" data-gradient_direction=\"\" data-overlay_strength=\"0.3\" data-enable_gradient=\"false\"><\/div><\/div> <\/div><div class=\"col span_12 dark left\">\n\t<div  class=\"vc_col-sm-12 wpb_column column_container vc_column_container col no-extra-padding\"  data-shadow=\"none\" data-border-animation=\"\" data-border-animation-delay=\"\" data-border-width=\"none\" data-border-style=\"solid\" data-border-color=\"\" data-bg-cover=\"\" data-padding-pos=\"all\" data-has-bg-color=\"false\" data-bg-color=\"\" data-bg-opacity=\"1\" data-hover-bg=\"\" data-hover-bg-opacity=\"1\" data-animation=\"\" data-delay=\"0\">\n\t\t<div class=\"vc_column-inner\">\n\t\t\t<div class=\"wpb_wrapper\">\n\t\t\t\t\n\t<div class=\"wpb_content_element\" data-interval=\"0\">\n\t\t<div class=\"wpb_wrapper tabbed clearfix\" data-style=\"minimal\" data-alignment=\"left\">\n\t\t\t<ul class=\"wpb_tabs_nav ui-tabs-nav clearfix\"><li><a href=\"#tab-1446568150305-7d948-6aa6\">Dise\u00f1o de Redes<\/a><\/li><li><a href=\"#tab-1446565195463-2d948-6aa6\">Wireless Networks<\/a><\/li><li><a href=\"#tab-1451522261332-5\">Networks<\/a><\/li><\/ul>\n\n\t\t\t\n\t\t\t<div id=\"tab-network-design\" class=\"wpb_tab ui-tabs-panel wpb_ui-tabs-hide clearfix\">\n\t\t\t\t\r\n\t<div id=\"fws_69e53af05eca5\" data-midnight=\"\" data-column-margin=\"default\" data-bg-mobile-hidden=\"\" class=\"wpb_row vc_row-fluid vc_row standard_section\"  style=\"padding-top: 0px; padding-bottom: 0px; \"><div class=\"row-bg-wrap\"> <div class=\"row-bg\"  style=\"\"><\/div> <\/div><div class=\"col span_12  left\">\n\t<div  class=\"vc_col-sm-6 wpb_column column_container vc_column_container col no-extra-padding\"   data-border-animation=\"\" data-border-animation-delay=\"\" data-border-width=\"none\" data-border-style=\"solid\" data-border-color=\"\" data-bg-cover=\"\" data-padding-pos=\"all\" data-has-bg-color=\"false\" data-bg-color=\"\" data-bg-opacity=\"1\" data-hover-bg=\"\" data-hover-bg-opacity=\"1\" data-animation=\"\" data-delay=\"0\">\n\t\t<div class=\"vc_column-inner\">\n\t\t<div class=\"wpb_wrapper\">\n\t\t\t<div class=\"nectar-split-heading\"><div class=\"heading-line\"> <div><h2 style=\"color: #1e83ec;\">Dise\u00f1o de Redes<\/h2> <\/div> <\/div><div class=\"heading-line\"> <div><h3>Network Consultancy<\/h3> <\/div> <\/div><\/div>\r\n\t<div class=\"wpb_text_column wpb_content_element\" >\r\n\t\t<div class=\"wpb_wrapper\">\r\n\t\t\t<p>Yachtprojects International and our sister company Procom365\u00a0 have over the past six\u00a0 years completed many\u00a0 large on board network solutions in maritime,\u00a0 both in the yacht and commercial sectors. Together with out \u201calways on\u201d internet connections we are able to provide the following network services.<\/p>\n<ul>\n<li>Dise\u00f1o inicial y consultor\u00eda para toda la red.<\/li>\n<li>Instalaci\u00f3n de cable, terminaci\u00f3n y pruebas.<\/li>\n<li>Instalaci\u00f3n del hardware incluyendo el servidor, firewall (a medida), gesti\u00f3n de red, SIP\/PBX\/, Wifi.<\/li>\n<li>Gesti\u00f3n y servicios software para POS \/ inventario \/ compra \/ sistemas de seguridad de puertas.<\/li>\n<li>Gesti\u00f3n Remota<\/li>\n<li>Entrenamiento de la tripulaci\u00f3n y apoyo de oficiales cualificados<\/li>\n<\/ul>\n<p>Nos enorgullecemos de estar al frente en la nueva tecnolog\u00eda y su integraci\u00f3n en nuestras operaciones de suministro y servicio. Tenemos alta experiencia en actualizar sistemas antiguos e integrar perfectamente la nueva tecnolog\u00eda con la antigua. Nuestros costos son invariablemente los m\u00e1s competitivos de la industria y como se puede ver en nuestros testimonios, tenemos clientes que han estado con nosotros por muchos a\u00f1os, lo que es indicativo de un servicio superior.<\/p>\n<p>Our Inhouse techs are certified in the technology solutions that we install, Wireless network Design and management, Failover Network Solutions, Disaster Recovery.<\/p>\n<p>Each Network is bespokely designed for you vessels needs and requirements, We aim to build a reliable redundant solution that fits both the requirements and the budget while maintaining the cyber security of your vessel and passengers.<\/p>\n\r\n\t\t<\/div>\r\n\t<\/div>\r\n\n\t\t<\/div> \n\t<\/div>\n\t<\/div> \n\n\t<div  class=\"vc_col-sm-3 wpb_column column_container vc_column_container col no-extra-padding\"   data-border-animation=\"\" data-border-animation-delay=\"\" data-border-width=\"none\" data-border-style=\"solid\" data-border-color=\"\" data-bg-cover=\"\" data-padding-pos=\"all\" data-has-bg-color=\"false\" data-bg-color=\"\" data-bg-opacity=\"1\" data-hover-bg=\"\" data-hover-bg-opacity=\"1\" data-animation=\"\" data-delay=\"0\">\n\t\t<div class=\"vc_column-inner\">\n\t\t<div class=\"wpb_wrapper\">\n\t\t\t\r\n\t<div class=\"wpb_text_column wpb_content_element  vc_custom_1614232729318\" >\r\n\t\t<div class=\"wpb_wrapper\">\r\n\t\t\t<h5>Dise\u00f1o de Redes<\/h5>\n\r\n\t\t<\/div>\r\n\t<\/div>\r\n<div class=\"nectar-fancy-ul\" data-list-icon=\"icon-salient-thin-line\" data-animation=\"true\" data-animation-delay=\"0\" data-color=\"extra-color-3\" data-alignment=\"left\"> \n<ul>\n<li><span style=\"color: #000000;\">Refit or New Builds<\/span><\/li>\n<li><span style=\"color: #000000;\">Cable route design<\/span><\/li>\n<li><span style=\"color: #000000;\">Redundancy in design<\/span><\/li>\n<li><span style=\"color: #000000;\">Network Cabinet Design<\/span><\/li>\n<li><span style=\"color: #000000;\">Network Drawings<\/span><\/li>\n<li><span style=\"color: #000000;\">Wireless Surveys and Analysis<\/span><\/li>\n<\/ul>\n <\/div>\n\t\t<\/div> \n\t<\/div>\n\t<\/div> \n\n\t<div  class=\"vc_col-sm-3 wpb_column column_container vc_column_container col no-extra-padding\"   data-border-animation=\"\" data-border-animation-delay=\"\" data-border-width=\"none\" data-border-style=\"solid\" data-border-color=\"\" data-bg-cover=\"\" data-padding-pos=\"all\" data-has-bg-color=\"false\" data-bg-color=\"\" data-bg-opacity=\"1\" data-hover-bg=\"\" data-hover-bg-opacity=\"1\" data-animation=\"\" data-delay=\"0\">\n\t\t<div class=\"vc_column-inner\">\n\t\t<div class=\"wpb_wrapper\">\n\t\t\t\r\n\t<div class=\"wpb_text_column wpb_content_element  vc_custom_1614232739512\" >\r\n\t\t<div class=\"wpb_wrapper\">\r\n\t\t\t<h5>Cyber Seguridad<\/h5>\n\r\n\t\t<\/div>\r\n\t<\/div>\r\n<div class=\"nectar-fancy-ul\" data-list-icon=\"icon-salient-thin-line\" data-animation=\"true\" data-animation-delay=\"0\" data-color=\"extra-color-3\" data-alignment=\"left\"> \n<ul>\n<li><span style=\"color: #000000;\">Designed to prevent physical security attacks.<\/span><\/li>\n<li><span style=\"color: #000000;\">Security Software updates<\/span><\/li>\n<li><span style=\"color: #000000;\">Anti Virus<\/span><\/li>\n<li><span style=\"color: #000000;\">Malware protection<\/span><\/li>\n<li><span style=\"color: #000000;\">Crew Training<\/span><\/li>\n<\/ul>\n <\/div>\n\t\t<\/div> \n\t<\/div>\n\t<\/div> \n<\/div><\/div>\n\t\t\t<\/div> \n\t\t\t<div id=\"tab-wireless-networks\" class=\"wpb_tab ui-tabs-panel wpb_ui-tabs-hide clearfix\">\n\t\t\t\t\r\n\t<div class=\"wpb_text_column wpb_content_element\" >\r\n\t\t<div class=\"wpb_wrapper\">\r\n\t\t\t\r\n\t\t<\/div>\r\n\t<\/div>\r\n\r\n\t<div id=\"fws_69e53af05f626\" data-midnight=\"\" data-column-margin=\"default\" data-bg-mobile-hidden=\"\" class=\"wpb_row vc_row-fluid vc_row standard_section\"  style=\"padding-top: 0px; padding-bottom: 0px; \"><div class=\"row-bg-wrap\"> <div class=\"row-bg\"  style=\"\"><\/div> <\/div><div class=\"col span_12  left\">\n\t<div  class=\"vc_col-sm-12 wpb_column column_container vc_column_container col no-extra-padding\"   data-border-animation=\"\" data-border-animation-delay=\"\" data-border-width=\"none\" data-border-style=\"solid\" data-border-color=\"\" data-bg-cover=\"\" data-padding-pos=\"all\" data-has-bg-color=\"false\" data-bg-color=\"\" data-bg-opacity=\"1\" data-hover-bg=\"\" data-hover-bg-opacity=\"1\" data-animation=\"\" data-delay=\"0\">\n\t\t<div class=\"vc_column-inner\">\n\t\t<div class=\"wpb_wrapper\">\n\t\t\t<div class=\"nectar-split-heading\"><div class=\"heading-line\"> <div><h2 style=\"color: #1e83ec;\">Redes inal\u00e1mbricas<\/h2> <\/div> <\/div><\/div>\r\n\t<div class=\"wpb_text_column wpb_content_element\" >\r\n\t\t<div class=\"wpb_wrapper\">\r\n\t\t\t<p>Ofrecemos un servicio de consultor\u00eda integral para apoyar a los buques que requieren la experiencia t\u00e9cnica de un experto en tecnolog\u00eda\u00a0inal\u00e1mbrica<\/p>\n<p>Como empresa que ha dise\u00f1ado e implementado muchas grandes redes inal\u00e1mbricas a bordo de embarcaciones tanto en la industria privada\u00a0como comercial.\u00a0<\/p>\n<p>Podemos asesorar sobre la creaci\u00f3n de una estrategia inal\u00e1mbrica, la elecci\u00f3n de las tecnolog\u00edas y la arquitectura adecuadas y el dise\u00f1o de una plataforma que funcione en el dif\u00edcil entorno\u00a0de\u00a0una embarcaci\u00f3n.<\/p>\n<p>Dise\u00f1o de red inal\u00e1mbrica es incre\u00edblemente dificil a bordo de la embarcaci\u00f3n debido a la cantidad de metal y aislamiento que separa las cabinas y las \u00e1reas de la embarcaci\u00f3n.<\/p>\n<p>Tenemos experiencia con nuestros usuarios comerciales que tienen una alta densidad de dispositivos para \u00e1reas espec\u00edficas de la embarcaci\u00f3n, como \u00e1reas de entretenimiento donde se tiene una conexi\u00f3n fiable para cientos de dispositivos a la vez, siendo importante.<\/p>\n<p>Nuestra recomendaci\u00f3n para casi todas las embarcaciones es la l\u00ednea Unfi de Ubiquity, que permite una multitud de tipos de puntos de acceso inal\u00e1mbricos que han sido perfectamente dise\u00f1ados para adaptarse en el medio ambiente.<\/p>\n\r\n\t\t<\/div>\r\n\t<\/div>\r\n\n\t\t<\/div> \n\t<\/div>\n\t<\/div> \n<\/div><\/div>\n\t\t\t<\/div> \n\t\t\t<div id=\"tab-networks\" class=\"wpb_tab ui-tabs-panel wpb_ui-tabs-hide clearfix\">\n\t\t\t\t\r\n\t<div id=\"fws_69e53af05fa12\" data-midnight=\"\" data-column-margin=\"default\" data-bg-mobile-hidden=\"\" class=\"wpb_row vc_row-fluid vc_row standard_section\"  style=\"padding-top: 0px; padding-bottom: 0px; \"><div class=\"row-bg-wrap\"> <div class=\"row-bg\"  style=\"\"><\/div> <\/div><div class=\"col span_12  left\">\n\t<div  class=\"vc_col-sm-12 wpb_column column_container vc_column_container col no-extra-padding\"   data-border-animation=\"\" data-border-animation-delay=\"\" data-border-width=\"none\" data-border-style=\"solid\" data-border-color=\"\" data-bg-cover=\"\" data-padding-pos=\"all\" data-has-bg-color=\"false\" data-bg-color=\"\" data-bg-opacity=\"1\" data-hover-bg=\"\" data-hover-bg-opacity=\"1\" data-animation=\"\" data-delay=\"0\">\n\t\t<div class=\"vc_column-inner\">\n\t\t<div class=\"wpb_wrapper\">\n\t\t\t<div class=\"nectar-split-heading\"><div class=\"heading-line\"> <div><h2 style=\"color: #1e83ec;\">Network<\/h2> <\/div> <\/div><\/div>\r\n\t<div class=\"wpb_text_column wpb_content_element\" >\r\n\t\t<div class=\"wpb_wrapper\">\r\n\t\t\t<p>Las redes de embarcaciones funcionan con una combinaci\u00f3n de cables Ethernet, fibra \u00f3ptica y conmutadores. Dise\u00f1amos nuestras redes para que sean lo m\u00e1s seguras, redundantes y rentables\u00a0posible.<\/p>\n<p>iempre que sea posible, cada conmutador tendr\u00e1 una conexi\u00f3n de enlace redundante de vuelta a la sala de servidores principal dise\u00f1ada tanto como sea posible para que si un compartimento est\u00e1 da\u00f1ado o una l\u00ednea de enlace est\u00e1 da\u00f1ada, los dispositivos, los interruptores y el equipo no perder\u00e1n la conexi\u00f3n\u00a0de\u00a0red.<\/p>\n<p>En combinaci\u00f3n con nuestro cortafuegos\/enrutador Seawall, podemos mejorar la calidad del servicio, por lo que los datos prioritarios se priorizan, esto puede incluir: Datos de los propietarios, datos de navegaci\u00f3n de las embarcaciones, datos de VolP o cualquier dato que el due\u00f1o de la embarcaci\u00f3n o la administraci\u00f3n decidan que debe\u00a0ser\u00a0priorizado.<\/p>\n\r\n\t\t<\/div>\r\n\t<\/div>\r\n\n\t\t<\/div> \n\t<\/div>\n\t<\/div> \n<\/div><\/div>\n\t\t\t<\/div> \n\t\t<\/div> \n\t<\/div> \n\t\t\t<\/div> \n\t\t<\/div>\n\t<\/div> \n<\/div><\/div>","protected":false},"excerpt":{"rendered":"Network Design Wireless Network Networking Network DesignWireless NetworksNetworks Network Design Network Consultancy Yachtprojects International and our sister company Procom365\u00a0 have over the past six\u00a0 years completed many\u00a0 large on board...","protected":false},"author":1,"featured_media":0,"parent":0,"menu_order":0,"comment_status":"closed","ping_status":"closed","template":"","meta":{"footnotes":""},"class_list":["post-13948","page","type-page","status-publish","hentry"],"yoast_head":"<!-- This site is optimized with the Yoast SEO plugin v25.4 - https:\/\/yoast.com\/wordpress\/plugins\/seo\/ -->\n<title>Networking - YachtProjects International<\/title>\n<meta name=\"robots\" content=\"index, follow, max-snippet:-1, max-image-preview:large, max-video-preview:-1\" \/>\n<link rel=\"canonical\" href=\"https:\/\/yachtprojects.net\/es\/networking\/\" \/>\n<meta property=\"og:locale\" content=\"es_ES\" \/>\n<meta property=\"og:type\" content=\"article\" \/>\n<meta property=\"og:title\" content=\"Networking - YachtProjects International\" \/>\n<meta property=\"og:url\" content=\"https:\/\/yachtprojects.net\/es\/networking\/\" \/>\n<meta property=\"og:site_name\" content=\"YachtProjects International\" \/>\n<meta property=\"article:publisher\" content=\"https:\/\/www.facebook.com\/communicationprofessional\/?ref=bookmarks\" \/>\n<meta property=\"article:modified_time\" content=\"2021-07-23T11:03:24+00:00\" \/>\n<meta name=\"twitter:card\" content=\"summary_large_image\" \/>\n<meta name=\"twitter:label1\" content=\"Tiempo de lectura\" \/>\n\t<meta name=\"twitter:data1\" content=\"4 minutos\" \/>\n<script type=\"application\/ld+json\" class=\"yoast-schema-graph\">{\"@context\":\"https:\/\/schema.org\",\"@graph\":[{\"@type\":\"WebPage\",\"@id\":\"https:\/\/yachtprojects.net\/networking\/\",\"url\":\"https:\/\/yachtprojects.net\/networking\/\",\"name\":\"Networking - YachtProjects International\",\"isPartOf\":{\"@id\":\"https:\/\/yachtprojects.net\/#website\"},\"datePublished\":\"2021-02-23T10:49:55+00:00\",\"dateModified\":\"2021-07-23T11:03:24+00:00\",\"breadcrumb\":{\"@id\":\"https:\/\/yachtprojects.net\/networking\/#breadcrumb\"},\"inLanguage\":\"es\",\"potentialAction\":[{\"@type\":\"ReadAction\",\"target\":[\"https:\/\/yachtprojects.net\/networking\/\"]}]},{\"@type\":\"BreadcrumbList\",\"@id\":\"https:\/\/yachtprojects.net\/networking\/#breadcrumb\",\"itemListElement\":[{\"@type\":\"ListItem\",\"position\":1,\"name\":\"Home\",\"item\":\"https:\/\/yachtprojects.net\/\"},{\"@type\":\"ListItem\",\"position\":2,\"name\":\"Networking\"}]},{\"@type\":\"WebSite\",\"@id\":\"https:\/\/yachtprojects.net\/#website\",\"url\":\"https:\/\/yachtprojects.net\/\",\"name\":\"YachtProjects International\",\"description\":\"\",\"publisher\":{\"@id\":\"https:\/\/yachtprojects.net\/#organization\"},\"potentialAction\":[{\"@type\":\"SearchAction\",\"target\":{\"@type\":\"EntryPoint\",\"urlTemplate\":\"https:\/\/yachtprojects.net\/?s={search_term_string}\"},\"query-input\":{\"@type\":\"PropertyValueSpecification\",\"valueRequired\":true,\"valueName\":\"search_term_string\"}}],\"inLanguage\":\"es\"},{\"@type\":\"Organization\",\"@id\":\"https:\/\/yachtprojects.net\/#organization\",\"name\":\"Yachtprojects International\",\"url\":\"https:\/\/yachtprojects.net\/\",\"logo\":{\"@type\":\"ImageObject\",\"inLanguage\":\"es\",\"@id\":\"https:\/\/yachtprojects.net\/#\/schema\/logo\/image\/\",\"url\":\"https:\/\/yachtprojects.net\/wp-content\/uploads\/2017\/11\/SEO_Logo_v2.png\",\"contentUrl\":\"https:\/\/yachtprojects.net\/wp-content\/uploads\/2017\/11\/SEO_Logo_v2.png\",\"width\":260,\"height\":80,\"caption\":\"Yachtprojects International\"},\"image\":{\"@id\":\"https:\/\/yachtprojects.net\/#\/schema\/logo\/image\/\"},\"sameAs\":[\"https:\/\/www.facebook.com\/communicationprofessional\/?ref=bookmarks\"]}]}<\/script>\n<!-- \/ Yoast SEO plugin. -->","yoast_head_json":{"title":"Networking - YachtProjects International","robots":{"index":"index","follow":"follow","max-snippet":"max-snippet:-1","max-image-preview":"max-image-preview:large","max-video-preview":"max-video-preview:-1"},"canonical":"https:\/\/yachtprojects.net\/es\/networking\/","og_locale":"es_ES","og_type":"article","og_title":"Networking - YachtProjects International","og_url":"https:\/\/yachtprojects.net\/es\/networking\/","og_site_name":"YachtProjects International","article_publisher":"https:\/\/www.facebook.com\/communicationprofessional\/?ref=bookmarks","article_modified_time":"2021-07-23T11:03:24+00:00","twitter_card":"summary_large_image","twitter_misc":{"Tiempo de lectura":"4 minutos"},"schema":{"@context":"https:\/\/schema.org","@graph":[{"@type":"WebPage","@id":"https:\/\/yachtprojects.net\/networking\/","url":"https:\/\/yachtprojects.net\/networking\/","name":"Networking - YachtProjects International","isPartOf":{"@id":"https:\/\/yachtprojects.net\/#website"},"datePublished":"2021-02-23T10:49:55+00:00","dateModified":"2021-07-23T11:03:24+00:00","breadcrumb":{"@id":"https:\/\/yachtprojects.net\/networking\/#breadcrumb"},"inLanguage":"es","potentialAction":[{"@type":"ReadAction","target":["https:\/\/yachtprojects.net\/networking\/"]}]},{"@type":"BreadcrumbList","@id":"https:\/\/yachtprojects.net\/networking\/#breadcrumb","itemListElement":[{"@type":"ListItem","position":1,"name":"Home","item":"https:\/\/yachtprojects.net\/"},{"@type":"ListItem","position":2,"name":"Networking"}]},{"@type":"WebSite","@id":"https:\/\/yachtprojects.net\/#website","url":"https:\/\/yachtprojects.net\/","name":"YachtProjects International","description":"","publisher":{"@id":"https:\/\/yachtprojects.net\/#organization"},"potentialAction":[{"@type":"SearchAction","target":{"@type":"EntryPoint","urlTemplate":"https:\/\/yachtprojects.net\/?s={search_term_string}"},"query-input":{"@type":"PropertyValueSpecification","valueRequired":true,"valueName":"search_term_string"}}],"inLanguage":"es"},{"@type":"Organization","@id":"https:\/\/yachtprojects.net\/#organization","name":"Yachtprojects International","url":"https:\/\/yachtprojects.net\/","logo":{"@type":"ImageObject","inLanguage":"es","@id":"https:\/\/yachtprojects.net\/#\/schema\/logo\/image\/","url":"https:\/\/yachtprojects.net\/wp-content\/uploads\/2017\/11\/SEO_Logo_v2.png","contentUrl":"https:\/\/yachtprojects.net\/wp-content\/uploads\/2017\/11\/SEO_Logo_v2.png","width":260,"height":80,"caption":"Yachtprojects International"},"image":{"@id":"https:\/\/yachtprojects.net\/#\/schema\/logo\/image\/"},"sameAs":["https:\/\/www.facebook.com\/communicationprofessional\/?ref=bookmarks"]}]}},"_links":{"self":[{"href":"https:\/\/yachtprojects.net\/es\/wp-json\/wp\/v2\/pages\/13948","targetHints":{"allow":["GET"]}}],"collection":[{"href":"https:\/\/yachtprojects.net\/es\/wp-json\/wp\/v2\/pages"}],"about":[{"href":"https:\/\/yachtprojects.net\/es\/wp-json\/wp\/v2\/types\/page"}],"author":[{"embeddable":true,"href":"https:\/\/yachtprojects.net\/es\/wp-json\/wp\/v2\/users\/1"}],"replies":[{"embeddable":true,"href":"https:\/\/yachtprojects.net\/es\/wp-json\/wp\/v2\/comments?post=13948"}],"version-history":[{"count":21,"href":"https:\/\/yachtprojects.net\/es\/wp-json\/wp\/v2\/pages\/13948\/revisions"}],"predecessor-version":[{"id":14137,"href":"https:\/\/yachtprojects.net\/es\/wp-json\/wp\/v2\/pages\/13948\/revisions\/14137"}],"wp:attachment":[{"href":"https:\/\/yachtprojects.net\/es\/wp-json\/wp\/v2\/media?parent=13948"}],"curies":[{"name":"wp","href":"https:\/\/api.w.org\/{rel}","templated":true}]}}