{"id":13767,"date":"2021-01-27T16:37:26","date_gmt":"2021-01-27T16:37:26","guid":{"rendered":"https:\/\/yachtprojects.net\/?page_id=13767"},"modified":"2025-02-26T09:43:33","modified_gmt":"2025-02-26T09:43:33","slug":"connectivity","status":"publish","type":"page","link":"https:\/\/yachtprojects.net\/es\/connectivity\/","title":{"rendered":"Conectividad"},"content":{"rendered":"<div id=\"fws_69e61a0822931\"  data-midnight=\"dark\" data-bg-mobile-hidden=\"\" class=\"wpb_row vc_row-fluid vc_row full-width-content  vc_row-o-equal-height vc_row-flex  vc_row-o-content-middle standard_section\"  style=\"padding-top: 0px; padding-bottom: 0px; \"><div class=\"row-bg-wrap\"><div class=\"inner-wrap\"> <div class=\"row-bg  using-bg-color\"  style=\"background-color: #ffffff; \" data-color_overlay=\"\" data-color_overlay_2=\"\" data-gradient_direction=\"\" data-overlay_strength=\"0.3\" data-enable_gradient=\"false\"><\/div><\/div> <\/div><div class=\"col span_12 dark left\">\n\t<div style=\"\" class=\"vc_col-sm-6 wpb_column column_container vc_column_container col padding-10-percent\" data-using-bg=\"true\" data-shadow=\"none\" data-border-animation=\"\" data-border-animation-delay=\"\" data-border-width=\"none\" data-border-style=\"solid\" data-border-color=\"\" data-bg-cover=\"\" data-padding-pos=\"all\" data-has-bg-color=\"true\" data-bg-color=\"#f4f4f4\" data-bg-opacity=\"1\" data-hover-bg=\"\" data-hover-bg-opacity=\"1\" data-animation=\"\" data-delay=\"0\">\n\t\t<div class=\"vc_column-inner\">\n\t\t\t<div class=\"wpb_wrapper\">\n\t\t\t\t\r\n\t<div id=\"fws_69e61a0822c94\" data-midnight=\"\" data-column-margin=\"default\" data-bg-mobile-hidden=\"\" class=\"wpb_row vc_row-fluid vc_row standard_section\"  style=\"padding-top: 0px; padding-bottom: 0px; \"><div class=\"row-bg-wrap\"> <div class=\"row-bg\"  style=\"\"><\/div> <\/div><div class=\"col span_12  left\">\n\t<div  class=\"vc_col-sm-12 wpb_column column_container vc_column_container col has-animation no-extra-padding\"   data-border-animation=\"\" data-border-animation-delay=\"\" data-border-width=\"none\" data-border-style=\"solid\" data-border-color=\"\" data-bg-cover=\"\" data-padding-pos=\"all\" data-has-bg-color=\"false\" data-bg-color=\"\" data-bg-opacity=\"1\" data-hover-bg=\"\" data-hover-bg-opacity=\"1\" data-animation=\"fade-in-from-bottom\" data-delay=\"0\">\n\t\t<div class=\"vc_column-inner\">\n\t\t<div class=\"wpb_wrapper\">\n\t\t\t<h2 style=\"font-size: 40px;line-height: 50px;text-align: left\" class=\"vc_custom_heading\" >VSAT<\/h2><p style=\"color: rgba(10,10,10,0.6);text-align: left\" class=\"vc_custom_heading\" >El servicio VSAT de YachtProjects le proporciona a  su embarcaci\u00f3n un enlace al mundo exterior en el que puede confiar.<br \/>\nLas soluciones VSAT en frecuencias de banda KA, KU y C. (LEO y MEO a medida que est\u00e9n disponibles)<br \/>\nTodo con la ayuda de 365\/24\/7 NOC.<\/p>\n\t\t<\/div> \n\t<\/div>\n\t<\/div> \n<\/div><\/div><a class=\"nectar-button large see-through-2\" style=\"margin-top: 30px; \"  href=\"https:\/\/yachtprojects.net\/es\/vsat\/\" data-color-override=\"false\" data-hover-color-override=\"false\" data-hover-text-color-override=\"#ffffff\"><span>M\u00e1s informaci\u00f3n<\/span><\/a>\n\t\t\t<\/div> \n\t\t<\/div>\n\t<\/div> \n\n\t<div style=\" background-image: url('https:\/\/yachtprojects.net\/wp-content\/uploads\/2021\/01\/raisting-sattelit-reception-signal.jpg'); \" class=\"vc_col-sm-6 wpb_column column_container vc_column_container col no-extra-padding\" data-using-bg=\"true\" data-shadow=\"none\" data-border-animation=\"\" data-border-animation-delay=\"\" data-border-width=\"none\" data-border-style=\"solid\" data-border-color=\"\" data-bg-cover=\"true\" data-padding-pos=\"all\" data-has-bg-color=\"false\" data-bg-color=\"\" data-bg-opacity=\"1\" data-hover-bg=\"\" data-hover-bg-opacity=\"1\" data-animation=\"\" data-delay=\"0\">\n\t\t<div class=\"vc_column-inner\">\n\t\t\t<div class=\"wpb_wrapper\">\n\t\t\t\t\n\t\t\t<\/div> \n\t\t<\/div>\n\t<\/div> \n<\/div><\/div>\r\n\t\t<div id=\"fws_69e61a08236e5\"  data-midnight=\"dark\" data-bg-mobile-hidden=\"\" class=\"wpb_row vc_row-fluid vc_row full-width-content  vc_row-o-equal-height vc_row-flex  vc_row-o-content-middle standard_section\"  style=\"padding-top: 0px; padding-bottom: 0px; \"><div class=\"row-bg-wrap\"><div class=\"inner-wrap\"> <div class=\"row-bg\"  style=\"\" data-color_overlay=\"\" data-color_overlay_2=\"\" data-gradient_direction=\"\" data-overlay_strength=\"0.3\" data-enable_gradient=\"false\"><\/div><\/div> <\/div><div class=\"col span_12 dark left\">\n\t<div style=\" background-image: url('https:\/\/yachtprojects.net\/wp-content\/uploads\/2023\/03\/image_2023-03-23_101759089.png'); \" class=\"vc_col-sm-6 wpb_column column_container vc_column_container col no-extra-padding\" data-using-bg=\"true\" data-shadow=\"none\" data-border-animation=\"\" data-border-animation-delay=\"\" data-border-width=\"none\" data-border-style=\"solid\" data-border-color=\"\" data-bg-cover=\"true\" data-padding-pos=\"all\" data-has-bg-color=\"false\" data-bg-color=\"\" data-bg-opacity=\"1\" data-hover-bg=\"\" data-hover-bg-opacity=\"1\" data-animation=\"\" data-delay=\"0\">\n\t\t<div class=\"vc_column-inner\">\n\t\t\t<div class=\"wpb_wrapper\">\n\t\t\t\t\n\t\t\t<\/div> \n\t\t<\/div>\n\t<\/div> \n\n\t<div style=\"\" class=\"vc_col-sm-6 wpb_column column_container vc_column_container col padding-10-percent\" data-using-bg=\"true\" data-shadow=\"none\" data-border-animation=\"\" data-border-animation-delay=\"\" data-border-width=\"none\" data-border-style=\"solid\" data-border-color=\"\" data-bg-cover=\"\" data-padding-pos=\"all\" data-has-bg-color=\"true\" data-bg-color=\"#ffffff\" data-bg-opacity=\"1\" data-hover-bg=\"\" data-hover-bg-opacity=\"1\" data-animation=\"\" data-delay=\"0\">\n\t\t<div class=\"vc_column-inner\">\n\t\t\t<div class=\"wpb_wrapper\">\n\t\t\t\t\r\n\t<div id=\"fws_69e61a0823a23\" data-midnight=\"\" data-column-margin=\"default\" data-bg-mobile-hidden=\"\" class=\"wpb_row vc_row-fluid vc_row standard_section\"  style=\"padding-top: 0px; padding-bottom: 0px; \"><div class=\"row-bg-wrap\"> <div class=\"row-bg\"  style=\"\"><\/div> <\/div><div class=\"col span_12  left\">\n\t<div  class=\"vc_col-sm-12 wpb_column column_container vc_column_container col has-animation no-extra-padding\"   data-border-animation=\"\" data-border-animation-delay=\"\" data-border-width=\"none\" data-border-style=\"solid\" data-border-color=\"\" data-bg-cover=\"\" data-padding-pos=\"all\" data-has-bg-color=\"false\" data-bg-color=\"\" data-bg-opacity=\"1\" data-hover-bg=\"\" data-hover-bg-opacity=\"1\" data-animation=\"fade-in-from-bottom\" data-delay=\"0\">\n\t\t<div class=\"vc_column-inner\">\n\t\t<div class=\"wpb_wrapper\">\n\t\t\t<h2 style=\"font-size: 40px;line-height: 50px;text-align: left\" class=\"vc_custom_heading\" >Starlink<\/h2><p style=\"color: rgba(10,10,10,0.6);text-align: left\" class=\"vc_custom_heading\" >Starlink's global maritime coverage with up to 220 Mbps download while at sea, provides fiber like connectivity to the vast majority of Earth's oceans and seas.<\/p><a class=\"nectar-button large see-through-2\" style=\"margin-top: 30px; \"  href=\"\/es\/starlink\/\" data-color-override=\"false\" data-hover-color-override=\"false\" data-hover-text-color-override=\"#ffffff\"><span>M\u00e1s informaci\u00f3n<\/span><\/a>\n\t\t<\/div> \n\t<\/div>\n\t<\/div> \n<\/div><\/div>\n\t\t\t<\/div> \n\t\t<\/div>\n\t<\/div> \n<\/div><\/div>\r\n\t\t<div id=\"fws_69e61a0823f63\"  data-midnight=\"dark\" data-bg-mobile-hidden=\"\" class=\"wpb_row vc_row-fluid vc_row full-width-content  vc_row-o-equal-height vc_row-flex  vc_row-o-content-middle standard_section\"  style=\"padding-top: 0px; padding-bottom: 0px; \"><div class=\"row-bg-wrap\"><div class=\"inner-wrap\"> <div class=\"row-bg  using-bg-color\"  style=\"background-color: #ffffff; \" data-color_overlay=\"\" data-color_overlay_2=\"\" data-gradient_direction=\"\" data-overlay_strength=\"0.3\" data-enable_gradient=\"false\"><\/div><\/div> <\/div><div class=\"col span_12 dark left\">\n\t<div style=\"\" class=\"vc_col-sm-6 wpb_column column_container vc_column_container col padding-10-percent\" data-using-bg=\"true\" data-shadow=\"none\" data-border-animation=\"\" data-border-animation-delay=\"\" data-border-width=\"none\" data-border-style=\"solid\" data-border-color=\"\" data-bg-cover=\"\" data-padding-pos=\"all\" data-has-bg-color=\"true\" data-bg-color=\"#f4f4f4\" data-bg-opacity=\"1\" data-hover-bg=\"\" data-hover-bg-opacity=\"1\" data-animation=\"\" data-delay=\"0\">\n\t\t<div class=\"vc_column-inner\">\n\t\t\t<div class=\"wpb_wrapper\">\n\t\t\t\t\r\n\t<div id=\"fws_69e61a0824121\" data-midnight=\"\" data-column-margin=\"default\" data-bg-mobile-hidden=\"\" class=\"wpb_row vc_row-fluid vc_row standard_section\"  style=\"padding-top: 0px; padding-bottom: 0px; \"><div class=\"row-bg-wrap\"> <div class=\"row-bg\"  style=\"\"><\/div> <\/div><div class=\"col span_12  left\">\n\t<div  class=\"vc_col-sm-12 wpb_column column_container vc_column_container col has-animation no-extra-padding\"   data-border-animation=\"\" data-border-animation-delay=\"\" data-border-width=\"none\" data-border-style=\"solid\" data-border-color=\"\" data-bg-cover=\"\" data-padding-pos=\"all\" data-has-bg-color=\"false\" data-bg-color=\"\" data-bg-opacity=\"1\" data-hover-bg=\"\" data-hover-bg-opacity=\"1\" data-animation=\"fade-in-from-bottom\" data-delay=\"0\">\n\t\t<div class=\"vc_column-inner\">\n\t\t<div class=\"wpb_wrapper\">\n\t\t\t<h2 style=\"font-size: 40px;line-height: 50px;text-align: left\" class=\"vc_custom_heading\" >4G\/5G<\/h2><p style=\"color: rgba(10,10,10,0.6);text-align: left\" class=\"vc_custom_heading\" >Sabemos que los yates pasan la mayor\u00eda del tiempo cerca de tierra, as\u00ed que por qu\u00e9 no utilizar la infraestructura terrestre r\u00e1pida con nuestros servicios globales de datos 4G.<\/p>\n\t\t<\/div> \n\t<\/div>\n\t<\/div> \n<\/div><\/div>\n\t\t\t<\/div> \n\t\t<\/div>\n\t<\/div> \n\n\t<div style=\" background-image: url('https:\/\/yachtprojects.net\/wp-content\/uploads\/2021\/01\/pexels-sparsh-karki-2415405-scaled.jpg'); \" class=\"vc_col-sm-6 wpb_column column_container vc_column_container col no-extra-padding\" data-using-bg=\"true\" data-shadow=\"none\" data-border-animation=\"\" data-border-animation-delay=\"\" data-border-width=\"none\" data-border-style=\"solid\" data-border-color=\"\" data-bg-cover=\"true\" data-padding-pos=\"all\" data-has-bg-color=\"false\" data-bg-color=\"\" data-bg-opacity=\"1\" data-hover-bg=\"\" data-hover-bg-opacity=\"1\" data-animation=\"\" data-delay=\"0\">\n\t\t<div class=\"vc_column-inner\">\n\t\t\t<div class=\"wpb_wrapper\">\n\t\t\t\t\n\t\t\t<\/div> \n\t\t<\/div>\n\t<\/div> \n<\/div><\/div>","protected":false},"excerpt":{"rendered":"VSATYachtProjects VSAT service gives your vessel a link to the outside word you can trust. VSAT solutions across Ka, Ku and C band frequencies. (LEO and MEO as they become...","protected":false},"author":1,"featured_media":0,"parent":0,"menu_order":0,"comment_status":"closed","ping_status":"closed","template":"","meta":{"footnotes":""},"class_list":["post-13767","page","type-page","status-publish","hentry"],"yoast_head":"<!-- This site is optimized with the Yoast SEO plugin v25.4 - https:\/\/yoast.com\/wordpress\/plugins\/seo\/ -->\n<title>Connectivity - YachtProjects International<\/title>\n<meta name=\"robots\" content=\"index, follow, max-snippet:-1, max-image-preview:large, max-video-preview:-1\" \/>\n<link rel=\"canonical\" href=\"https:\/\/yachtprojects.net\/es\/connectivity\/\" \/>\n<meta property=\"og:locale\" content=\"es_ES\" \/>\n<meta property=\"og:type\" content=\"article\" \/>\n<meta property=\"og:title\" content=\"Connectivity - YachtProjects International\" \/>\n<meta property=\"og:url\" content=\"https:\/\/yachtprojects.net\/es\/connectivity\/\" \/>\n<meta property=\"og:site_name\" content=\"YachtProjects International\" \/>\n<meta property=\"article:publisher\" content=\"https:\/\/www.facebook.com\/communicationprofessional\/?ref=bookmarks\" \/>\n<meta property=\"article:modified_time\" content=\"2025-02-26T09:43:33+00:00\" \/>\n<meta name=\"twitter:card\" content=\"summary_large_image\" \/>\n<meta name=\"twitter:label1\" content=\"Tiempo de lectura\" \/>\n\t<meta name=\"twitter:data1\" content=\"2 minutos\" \/>\n<script type=\"application\/ld+json\" class=\"yoast-schema-graph\">{\"@context\":\"https:\/\/schema.org\",\"@graph\":[{\"@type\":\"WebPage\",\"@id\":\"https:\/\/yachtprojects.net\/connectivity\/\",\"url\":\"https:\/\/yachtprojects.net\/connectivity\/\",\"name\":\"Connectivity - YachtProjects International\",\"isPartOf\":{\"@id\":\"https:\/\/yachtprojects.net\/#website\"},\"datePublished\":\"2021-01-27T16:37:26+00:00\",\"dateModified\":\"2025-02-26T09:43:33+00:00\",\"breadcrumb\":{\"@id\":\"https:\/\/yachtprojects.net\/connectivity\/#breadcrumb\"},\"inLanguage\":\"es\",\"potentialAction\":[{\"@type\":\"ReadAction\",\"target\":[\"https:\/\/yachtprojects.net\/connectivity\/\"]}]},{\"@type\":\"BreadcrumbList\",\"@id\":\"https:\/\/yachtprojects.net\/connectivity\/#breadcrumb\",\"itemListElement\":[{\"@type\":\"ListItem\",\"position\":1,\"name\":\"Home\",\"item\":\"https:\/\/yachtprojects.net\/\"},{\"@type\":\"ListItem\",\"position\":2,\"name\":\"Connectivity\"}]},{\"@type\":\"WebSite\",\"@id\":\"https:\/\/yachtprojects.net\/#website\",\"url\":\"https:\/\/yachtprojects.net\/\",\"name\":\"YachtProjects International\",\"description\":\"\",\"publisher\":{\"@id\":\"https:\/\/yachtprojects.net\/#organization\"},\"potentialAction\":[{\"@type\":\"SearchAction\",\"target\":{\"@type\":\"EntryPoint\",\"urlTemplate\":\"https:\/\/yachtprojects.net\/?s={search_term_string}\"},\"query-input\":{\"@type\":\"PropertyValueSpecification\",\"valueRequired\":true,\"valueName\":\"search_term_string\"}}],\"inLanguage\":\"es\"},{\"@type\":\"Organization\",\"@id\":\"https:\/\/yachtprojects.net\/#organization\",\"name\":\"Yachtprojects International\",\"url\":\"https:\/\/yachtprojects.net\/\",\"logo\":{\"@type\":\"ImageObject\",\"inLanguage\":\"es\",\"@id\":\"https:\/\/yachtprojects.net\/#\/schema\/logo\/image\/\",\"url\":\"https:\/\/yachtprojects.net\/wp-content\/uploads\/2017\/11\/SEO_Logo_v2.png\",\"contentUrl\":\"https:\/\/yachtprojects.net\/wp-content\/uploads\/2017\/11\/SEO_Logo_v2.png\",\"width\":260,\"height\":80,\"caption\":\"Yachtprojects International\"},\"image\":{\"@id\":\"https:\/\/yachtprojects.net\/#\/schema\/logo\/image\/\"},\"sameAs\":[\"https:\/\/www.facebook.com\/communicationprofessional\/?ref=bookmarks\"]}]}<\/script>\n<!-- \/ Yoast SEO plugin. -->","yoast_head_json":{"title":"Connectivity - YachtProjects International","robots":{"index":"index","follow":"follow","max-snippet":"max-snippet:-1","max-image-preview":"max-image-preview:large","max-video-preview":"max-video-preview:-1"},"canonical":"https:\/\/yachtprojects.net\/es\/connectivity\/","og_locale":"es_ES","og_type":"article","og_title":"Connectivity - YachtProjects International","og_url":"https:\/\/yachtprojects.net\/es\/connectivity\/","og_site_name":"YachtProjects International","article_publisher":"https:\/\/www.facebook.com\/communicationprofessional\/?ref=bookmarks","article_modified_time":"2025-02-26T09:43:33+00:00","twitter_card":"summary_large_image","twitter_misc":{"Tiempo de lectura":"2 minutos"},"schema":{"@context":"https:\/\/schema.org","@graph":[{"@type":"WebPage","@id":"https:\/\/yachtprojects.net\/connectivity\/","url":"https:\/\/yachtprojects.net\/connectivity\/","name":"Connectivity - YachtProjects International","isPartOf":{"@id":"https:\/\/yachtprojects.net\/#website"},"datePublished":"2021-01-27T16:37:26+00:00","dateModified":"2025-02-26T09:43:33+00:00","breadcrumb":{"@id":"https:\/\/yachtprojects.net\/connectivity\/#breadcrumb"},"inLanguage":"es","potentialAction":[{"@type":"ReadAction","target":["https:\/\/yachtprojects.net\/connectivity\/"]}]},{"@type":"BreadcrumbList","@id":"https:\/\/yachtprojects.net\/connectivity\/#breadcrumb","itemListElement":[{"@type":"ListItem","position":1,"name":"Home","item":"https:\/\/yachtprojects.net\/"},{"@type":"ListItem","position":2,"name":"Connectivity"}]},{"@type":"WebSite","@id":"https:\/\/yachtprojects.net\/#website","url":"https:\/\/yachtprojects.net\/","name":"YachtProjects International","description":"","publisher":{"@id":"https:\/\/yachtprojects.net\/#organization"},"potentialAction":[{"@type":"SearchAction","target":{"@type":"EntryPoint","urlTemplate":"https:\/\/yachtprojects.net\/?s={search_term_string}"},"query-input":{"@type":"PropertyValueSpecification","valueRequired":true,"valueName":"search_term_string"}}],"inLanguage":"es"},{"@type":"Organization","@id":"https:\/\/yachtprojects.net\/#organization","name":"Yachtprojects International","url":"https:\/\/yachtprojects.net\/","logo":{"@type":"ImageObject","inLanguage":"es","@id":"https:\/\/yachtprojects.net\/#\/schema\/logo\/image\/","url":"https:\/\/yachtprojects.net\/wp-content\/uploads\/2017\/11\/SEO_Logo_v2.png","contentUrl":"https:\/\/yachtprojects.net\/wp-content\/uploads\/2017\/11\/SEO_Logo_v2.png","width":260,"height":80,"caption":"Yachtprojects International"},"image":{"@id":"https:\/\/yachtprojects.net\/#\/schema\/logo\/image\/"},"sameAs":["https:\/\/www.facebook.com\/communicationprofessional\/?ref=bookmarks"]}]}},"_links":{"self":[{"href":"https:\/\/yachtprojects.net\/es\/wp-json\/wp\/v2\/pages\/13767","targetHints":{"allow":["GET"]}}],"collection":[{"href":"https:\/\/yachtprojects.net\/es\/wp-json\/wp\/v2\/pages"}],"about":[{"href":"https:\/\/yachtprojects.net\/es\/wp-json\/wp\/v2\/types\/page"}],"author":[{"embeddable":true,"href":"https:\/\/yachtprojects.net\/es\/wp-json\/wp\/v2\/users\/1"}],"replies":[{"embeddable":true,"href":"https:\/\/yachtprojects.net\/es\/wp-json\/wp\/v2\/comments?post=13767"}],"version-history":[{"count":21,"href":"https:\/\/yachtprojects.net\/es\/wp-json\/wp\/v2\/pages\/13767\/revisions"}],"predecessor-version":[{"id":14814,"href":"https:\/\/yachtprojects.net\/es\/wp-json\/wp\/v2\/pages\/13767\/revisions\/14814"}],"wp:attachment":[{"href":"https:\/\/yachtprojects.net\/es\/wp-json\/wp\/v2\/media?parent=13767"}],"curies":[{"name":"wp","href":"https:\/\/api.w.org\/{rel}","templated":true}]}}