{"id":135,"date":"2017-11-15T12:34:25","date_gmt":"2017-11-15T12:34:25","guid":{"rendered":"https:\/\/yachtprojects.net\/?page_id=135"},"modified":"2020-12-08T10:12:11","modified_gmt":"2020-12-08T10:12:11","slug":"network-solutions","status":"publish","type":"page","link":"https:\/\/yachtprojects.net\/es\/network-solutions\/","title":{"rendered":"Soluciones de Red"},"content":{"rendered":"<div id=\"fws_69e4d69b2ca07\"  data-midnight=\"dark\" data-bg-mobile-hidden=\"\" class=\"wpb_row vc_row-fluid vc_row standard_section\"  style=\"padding-top: 0px; padding-bottom: 0px; \"><div class=\"row-bg-wrap\"><div class=\"inner-wrap\"> <div class=\"row-bg\"  style=\"\" data-color_overlay=\"\" data-color_overlay_2=\"\" data-gradient_direction=\"\" data-overlay_strength=\"0.3\" data-enable_gradient=\"false\"><\/div><\/div> <\/div><div class=\"col span_12 dark left\">\n\t<div  class=\"vc_col-sm-3 wpb_column column_container vc_column_container col no-extra-padding\"  data-shadow=\"none\" data-border-animation=\"\" data-border-animation-delay=\"\" data-border-width=\"none\" data-border-style=\"solid\" data-border-color=\"\" data-bg-cover=\"\" data-padding-pos=\"all\" data-has-bg-color=\"false\" data-bg-color=\"\" data-bg-opacity=\"1\" data-hover-bg=\"\" data-hover-bg-opacity=\"1\" data-animation=\"\" data-delay=\"0\">\n\t\t<div class=\"vc_column-inner\">\n\t\t\t<div class=\"wpb_wrapper\">\n\t\t\t\t\r\n\t<div class=\"wpb_text_column wpb_content_element\" >\r\n\t\t<div class=\"wpb_wrapper\">\r\n\t\t\t<h4 class=\"dark-blue\">Comunicaciones IT<\/h4>\n<div class=\"ypmenu\"><ul id=\"menu-comms\" class=\"menu\"><li id=\"menu-item-1587\" class=\"menu-item menu-item-type-post_type menu-item-object-page menu-item-1587\"><a href=\"https:\/\/yachtprojects.net\/es\/network-solutions\/\">Soluciones de Red<\/a><\/li>\n<li id=\"menu-item-14124\" class=\"menu-item menu-item-type-post_type menu-item-object-page menu-item-14124\"><a href=\"https:\/\/yachtprojects.net\/es\/seawall\/\">Seawall<\/a><\/li>\n<li id=\"menu-item-14601\" class=\"menu-item menu-item-type-post_type menu-item-object-page menu-item-14601\"><a href=\"https:\/\/yachtprojects.net\/es\/vsat\/\">VSAT<\/a><\/li>\n<li id=\"menu-item-14705\" class=\"menu-item menu-item-type-post_type menu-item-object-page menu-item-14705\"><a href=\"https:\/\/yachtprojects.net\/es\/vsat-pricing\/\">Precios VSAT<\/a><\/li>\n<li id=\"menu-item-14602\" class=\"menu-item menu-item-type-post_type menu-item-object-page menu-item-14602\"><a href=\"https:\/\/yachtprojects.net\/es\/connectivity\/\">Conectividad<\/a><\/li>\n<li id=\"menu-item-14704\" class=\"menu-item menu-item-type-post_type menu-item-object-page menu-item-14704\"><a href=\"https:\/\/yachtprojects.net\/es\/starlink\/\">Starlink<\/a><\/li>\n<\/ul><\/div>\n<p><a class=\"nectar-button small regular extra-color-1 regular-button\" style=\"visibility: visible;\" href=\"https:\/\/yachtprojects.net\/es\/contact\/\" data-color-override=\"false\" data-hover-color-override=\"false\" data-hover-text-color-override=\"#fff\">Hacer consulta<\/a><\/p>\n\r\n\t\t<\/div>\r\n\t<\/div>\r\n\n\t\t\t<\/div> \n\t\t<\/div>\n\t<\/div> \n\n\t<div style=\"\" class=\"vc_col-sm-9 wpb_column column_container vc_column_container col no-extra-padding\" data-using-bg=\"true\" data-shadow=\"none\" data-border-animation=\"\" data-border-animation-delay=\"\" data-border-width=\"none\" data-border-style=\"solid\" data-border-color=\"\" data-bg-cover=\"\" data-padding-pos=\"all\" data-has-bg-color=\"true\" data-bg-color=\"#eef8fc\" data-bg-opacity=\"1\" data-hover-bg=\"\" data-hover-bg-opacity=\"1\" data-animation=\"\" data-delay=\"0\">\n\t\t<div class=\"vc_column-inner\">\n\t\t\t<div class=\"wpb_wrapper\">\n\t\t\t\t\r\n\t<div id=\"fws_69e4d69b2e1da\" data-midnight=\"\" data-column-margin=\"default\" data-bg-mobile-hidden=\"\" class=\"wpb_row vc_row-fluid vc_row standard_section\"  style=\"padding-top: 0px; padding-bottom: 0px; \"><div class=\"row-bg-wrap\"> <div class=\"row-bg\"  style=\"\"><\/div> <\/div><div class=\"col span_12  left\">\n\t<div  class=\"vc_col-sm-6 wpb_column column_container vc_column_container col no-extra-padding\"   data-border-animation=\"\" data-border-animation-delay=\"\" data-border-width=\"none\" data-border-style=\"solid\" data-border-color=\"\" data-bg-cover=\"\" data-padding-pos=\"all\" data-has-bg-color=\"false\" data-bg-color=\"\" data-bg-opacity=\"1\" data-hover-bg=\"\" data-hover-bg-opacity=\"1\" data-animation=\"\" data-delay=\"0\">\n\t\t<div class=\"vc_column-inner\">\n\t\t<div class=\"wpb_wrapper\">\n\t\t\t<div class=\"img-with-aniamtion-wrap center\" data-max-width=\"100%\"><div class=\"inner\"><img loading=\"lazy\" decoding=\"async\" data-shadow=\"none\" data-shadow-direction=\"middle\" class=\"img-with-animation\" data-delay=\"0\" height=\"400\" width=\"300\" data-animation=\"fade-in\" src=\"https:\/\/yachtprojects.net\/wp-content\/uploads\/2020\/12\/Rack-e1607421927220.jpg\"  alt=\"\" \/><\/div><\/div>\n\t\t<\/div> \n\t<\/div>\n\t<\/div> \n\n\t<div  class=\"vc_col-sm-6 wpb_column column_container vc_column_container col no-extra-padding\"   data-border-animation=\"\" data-border-animation-delay=\"\" data-border-width=\"none\" data-border-style=\"solid\" data-border-color=\"\" data-bg-cover=\"\" data-padding-pos=\"all\" data-has-bg-color=\"false\" data-bg-color=\"\" data-bg-opacity=\"1\" data-hover-bg=\"\" data-hover-bg-opacity=\"1\" data-animation=\"\" data-delay=\"0\">\n\t\t<div class=\"vc_column-inner\">\n\t\t<div class=\"wpb_wrapper\">\n\t\t\t<div class=\"img-with-aniamtion-wrap center\" data-max-width=\"100%\"><div class=\"inner\"><img loading=\"lazy\" decoding=\"async\" data-shadow=\"none\" data-shadow-direction=\"middle\" class=\"img-with-animation\" data-delay=\"0\" height=\"381\" width=\"231\" data-animation=\"fade-in\" src=\"https:\/\/yachtprojects.net\/wp-content\/uploads\/2020\/12\/Rack2-1.jpg\" srcset=\"https:\/\/yachtprojects.net\/wp-content\/uploads\/2020\/12\/Rack2-1.jpg 231w, https:\/\/yachtprojects.net\/wp-content\/uploads\/2020\/12\/Rack2-1-182x300.jpg 182w, https:\/\/yachtprojects.net\/wp-content\/uploads\/2020\/12\/Rack2-1-64x106.jpg 64w\" sizes=\"auto, 100vw\" alt=\"\" \/><\/div><\/div>\n\t\t<\/div> \n\t<\/div>\n\t<\/div> \n<\/div><\/div>\r\n\t<div class=\"wpb_text_column wpb_content_element  vc_custom_1591739038413\" >\r\n\t\t<div class=\"wpb_wrapper\">\r\n\t\t\t<div class=\"container white-container\">\n<div class=\"row\">\n<div class=\"col-sm-9\">\n<div class=\"blue-container\">\n<p>Yachtprojects International y nuestra empresa hermana Procom365 han completado durante \nlos \u00faltimos 6 a\u00f1os muchas grandes soluciones de redes en mar\u00edtimo, ambos en yates y sectores comerciales. Junto a las conexiones a internet \u201csiempre encendidas\u201d somos capaces de proporcionar los siguientes servicios de red:<\/p>\n<ul>\n<li>Dise\u00f1o inicial y consultor\u00eda para toda la red.<\/li>\n<li>Instalaci\u00f3n de cable, terminaci\u00f3n y pruebas.<\/li>\n<li>Instalaci\u00f3n del hardware incluyendo el servidor, firewall (a medida), gesti\u00f3n de red, SIP\/PBX\/, Wifi.<\/li>\n<li>Gesti\u00f3n y servicios software para POS \/ inventario \/ compra \/ sistemas de seguridad de puertas.<\/li>\n<li>Gesti\u00f3n Remota<\/li>\n<li>Entrenamiento de la tripulaci\u00f3n y apoyo de oficiales cualificados<\/li>\n<\/ul>\n<p>Nos enorgullecemos de estar al frente en la nueva tecnolog\u00eda y su integraci\u00f3n en nuestras operaciones de suministro y servicio. Tenemos alta experiencia en actualizar sistemas antiguos e integrar perfectamente la nueva tecnolog\u00eda con la antigua. Nuestros costos son invariablemente los m\u00e1s competitivos de la industria y como se puede ver en nuestros testimonios, tenemos clientes que han estado con nosotros por muchos a\u00f1os, lo que es indicativo de un servicio superior.<\/p>\n<p><a class=\"nectar-button small regular extra-color-1 regular-button\" style=\"visibility: visible;\" href=\"https:\/\/yachtprojects.net\/es\/contact\/\" data-color-override=\"false\" data-hover-color-override=\"false\" data-hover-text-color-override=\"#fff\">Hacer consulta<\/a><\/p>\n<\/div>\n<\/div>\n<\/div>\n<\/div>\n\r\n\t\t<\/div>\r\n\t<\/div>\r\n\n\t\t\t<\/div> \n\t\t<\/div>\n\t<\/div> \n<\/div><\/div>","protected":false},"excerpt":{"rendered":"Communications IT Network Solutions Seawall VSAT VSAT pricing Connectivity Starlink MAKE ENQUIRY Yachtprojects International and our sister company Procom365\u00a0 have over the past six\u00a0 years completed many\u00a0 large on board...","protected":false},"author":1,"featured_media":0,"parent":0,"menu_order":0,"comment_status":"closed","ping_status":"closed","template":"","meta":{"footnotes":""},"class_list":["post-135","page","type-page","status-publish","hentry"],"yoast_head":"<!-- This site is optimized with the Yoast SEO plugin v25.4 - https:\/\/yoast.com\/wordpress\/plugins\/seo\/ -->\n<title>Network Solutions - YachtProjects International<\/title>\n<meta name=\"robots\" content=\"index, follow, max-snippet:-1, max-image-preview:large, max-video-preview:-1\" \/>\n<link rel=\"canonical\" href=\"https:\/\/yachtprojects.net\/es\/network-solutions\/\" \/>\n<meta property=\"og:locale\" content=\"es_ES\" \/>\n<meta property=\"og:type\" content=\"article\" \/>\n<meta property=\"og:title\" content=\"Network Solutions - YachtProjects International\" \/>\n<meta property=\"og:url\" content=\"https:\/\/yachtprojects.net\/es\/network-solutions\/\" \/>\n<meta property=\"og:site_name\" content=\"YachtProjects International\" \/>\n<meta property=\"article:publisher\" content=\"https:\/\/www.facebook.com\/communicationprofessional\/?ref=bookmarks\" \/>\n<meta property=\"article:modified_time\" content=\"2020-12-08T10:12:11+00:00\" \/>\n<meta name=\"twitter:card\" content=\"summary_large_image\" \/>\n<meta name=\"twitter:label1\" content=\"Tiempo de lectura\" \/>\n\t<meta name=\"twitter:data1\" content=\"2 minutos\" \/>\n<script type=\"application\/ld+json\" class=\"yoast-schema-graph\">{\"@context\":\"https:\/\/schema.org\",\"@graph\":[{\"@type\":\"WebPage\",\"@id\":\"https:\/\/yachtprojects.net\/network-solutions\/\",\"url\":\"https:\/\/yachtprojects.net\/network-solutions\/\",\"name\":\"Network Solutions - YachtProjects International\",\"isPartOf\":{\"@id\":\"https:\/\/yachtprojects.net\/#website\"},\"datePublished\":\"2017-11-15T12:34:25+00:00\",\"dateModified\":\"2020-12-08T10:12:11+00:00\",\"breadcrumb\":{\"@id\":\"https:\/\/yachtprojects.net\/network-solutions\/#breadcrumb\"},\"inLanguage\":\"es\",\"potentialAction\":[{\"@type\":\"ReadAction\",\"target\":[\"https:\/\/yachtprojects.net\/network-solutions\/\"]}]},{\"@type\":\"BreadcrumbList\",\"@id\":\"https:\/\/yachtprojects.net\/network-solutions\/#breadcrumb\",\"itemListElement\":[{\"@type\":\"ListItem\",\"position\":1,\"name\":\"Home\",\"item\":\"https:\/\/yachtprojects.net\/\"},{\"@type\":\"ListItem\",\"position\":2,\"name\":\"Network Solutions\"}]},{\"@type\":\"WebSite\",\"@id\":\"https:\/\/yachtprojects.net\/#website\",\"url\":\"https:\/\/yachtprojects.net\/\",\"name\":\"YachtProjects International\",\"description\":\"\",\"publisher\":{\"@id\":\"https:\/\/yachtprojects.net\/#organization\"},\"potentialAction\":[{\"@type\":\"SearchAction\",\"target\":{\"@type\":\"EntryPoint\",\"urlTemplate\":\"https:\/\/yachtprojects.net\/?s={search_term_string}\"},\"query-input\":{\"@type\":\"PropertyValueSpecification\",\"valueRequired\":true,\"valueName\":\"search_term_string\"}}],\"inLanguage\":\"es\"},{\"@type\":\"Organization\",\"@id\":\"https:\/\/yachtprojects.net\/#organization\",\"name\":\"Yachtprojects International\",\"url\":\"https:\/\/yachtprojects.net\/\",\"logo\":{\"@type\":\"ImageObject\",\"inLanguage\":\"es\",\"@id\":\"https:\/\/yachtprojects.net\/#\/schema\/logo\/image\/\",\"url\":\"https:\/\/yachtprojects.net\/wp-content\/uploads\/2017\/11\/SEO_Logo_v2.png\",\"contentUrl\":\"https:\/\/yachtprojects.net\/wp-content\/uploads\/2017\/11\/SEO_Logo_v2.png\",\"width\":260,\"height\":80,\"caption\":\"Yachtprojects International\"},\"image\":{\"@id\":\"https:\/\/yachtprojects.net\/#\/schema\/logo\/image\/\"},\"sameAs\":[\"https:\/\/www.facebook.com\/communicationprofessional\/?ref=bookmarks\"]}]}<\/script>\n<!-- \/ Yoast SEO plugin. -->","yoast_head_json":{"title":"Network Solutions - YachtProjects International","robots":{"index":"index","follow":"follow","max-snippet":"max-snippet:-1","max-image-preview":"max-image-preview:large","max-video-preview":"max-video-preview:-1"},"canonical":"https:\/\/yachtprojects.net\/es\/network-solutions\/","og_locale":"es_ES","og_type":"article","og_title":"Network Solutions - YachtProjects International","og_url":"https:\/\/yachtprojects.net\/es\/network-solutions\/","og_site_name":"YachtProjects International","article_publisher":"https:\/\/www.facebook.com\/communicationprofessional\/?ref=bookmarks","article_modified_time":"2020-12-08T10:12:11+00:00","twitter_card":"summary_large_image","twitter_misc":{"Tiempo de lectura":"2 minutos"},"schema":{"@context":"https:\/\/schema.org","@graph":[{"@type":"WebPage","@id":"https:\/\/yachtprojects.net\/network-solutions\/","url":"https:\/\/yachtprojects.net\/network-solutions\/","name":"Network Solutions - YachtProjects International","isPartOf":{"@id":"https:\/\/yachtprojects.net\/#website"},"datePublished":"2017-11-15T12:34:25+00:00","dateModified":"2020-12-08T10:12:11+00:00","breadcrumb":{"@id":"https:\/\/yachtprojects.net\/network-solutions\/#breadcrumb"},"inLanguage":"es","potentialAction":[{"@type":"ReadAction","target":["https:\/\/yachtprojects.net\/network-solutions\/"]}]},{"@type":"BreadcrumbList","@id":"https:\/\/yachtprojects.net\/network-solutions\/#breadcrumb","itemListElement":[{"@type":"ListItem","position":1,"name":"Home","item":"https:\/\/yachtprojects.net\/"},{"@type":"ListItem","position":2,"name":"Network Solutions"}]},{"@type":"WebSite","@id":"https:\/\/yachtprojects.net\/#website","url":"https:\/\/yachtprojects.net\/","name":"YachtProjects International","description":"","publisher":{"@id":"https:\/\/yachtprojects.net\/#organization"},"potentialAction":[{"@type":"SearchAction","target":{"@type":"EntryPoint","urlTemplate":"https:\/\/yachtprojects.net\/?s={search_term_string}"},"query-input":{"@type":"PropertyValueSpecification","valueRequired":true,"valueName":"search_term_string"}}],"inLanguage":"es"},{"@type":"Organization","@id":"https:\/\/yachtprojects.net\/#organization","name":"Yachtprojects International","url":"https:\/\/yachtprojects.net\/","logo":{"@type":"ImageObject","inLanguage":"es","@id":"https:\/\/yachtprojects.net\/#\/schema\/logo\/image\/","url":"https:\/\/yachtprojects.net\/wp-content\/uploads\/2017\/11\/SEO_Logo_v2.png","contentUrl":"https:\/\/yachtprojects.net\/wp-content\/uploads\/2017\/11\/SEO_Logo_v2.png","width":260,"height":80,"caption":"Yachtprojects International"},"image":{"@id":"https:\/\/yachtprojects.net\/#\/schema\/logo\/image\/"},"sameAs":["https:\/\/www.facebook.com\/communicationprofessional\/?ref=bookmarks"]}]}},"_links":{"self":[{"href":"https:\/\/yachtprojects.net\/es\/wp-json\/wp\/v2\/pages\/135","targetHints":{"allow":["GET"]}}],"collection":[{"href":"https:\/\/yachtprojects.net\/es\/wp-json\/wp\/v2\/pages"}],"about":[{"href":"https:\/\/yachtprojects.net\/es\/wp-json\/wp\/v2\/types\/page"}],"author":[{"embeddable":true,"href":"https:\/\/yachtprojects.net\/es\/wp-json\/wp\/v2\/users\/1"}],"replies":[{"embeddable":true,"href":"https:\/\/yachtprojects.net\/es\/wp-json\/wp\/v2\/comments?post=135"}],"version-history":[{"count":19,"href":"https:\/\/yachtprojects.net\/es\/wp-json\/wp\/v2\/pages\/135\/revisions"}],"predecessor-version":[{"id":13708,"href":"https:\/\/yachtprojects.net\/es\/wp-json\/wp\/v2\/pages\/135\/revisions\/13708"}],"wp:attachment":[{"href":"https:\/\/yachtprojects.net\/es\/wp-json\/wp\/v2\/media?parent=135"}],"curies":[{"name":"wp","href":"https:\/\/api.w.org\/{rel}","templated":true}]}}