{"id":121,"date":"2017-11-14T16:07:13","date_gmt":"2017-11-14T16:07:13","guid":{"rendered":"https:\/\/yachtprojects.net\/?page_id=121"},"modified":"2023-06-05T14:46:15","modified_gmt":"2023-06-05T14:46:15","slug":"communications-intellian-hardware","status":"publish","type":"page","link":"https:\/\/yachtprojects.net\/es\/communications-intellian-hardware\/","title":{"rendered":"Communications: Intellian Hardware"},"content":{"rendered":"<div id=\"fws_69df17dbf2f9f\"  data-midnight=\"dark\" data-bg-mobile-hidden=\"\" class=\"wpb_row vc_row-fluid vc_row standard_section  yppadding\"  style=\"padding-top: 0px; padding-bottom: 0px; \"><div class=\"row-bg-wrap\"><div class=\"inner-wrap\"> <div class=\"row-bg  using-bg-color\"  style=\"background-color: #ffffff; \" data-color_overlay=\"\" data-color_overlay_2=\"\" data-gradient_direction=\"\" data-overlay_strength=\"0.3\" data-enable_gradient=\"false\"><\/div><\/div> <\/div><div class=\"col span_12 dark left\">\n\t<div style=\"\" class=\"vc_col-sm-12 wpb_column column_container vc_column_container col no-extra-padding\" data-using-bg=\"true\" data-shadow=\"none\" data-border-animation=\"\" data-border-animation-delay=\"\" data-border-width=\"none\" data-border-style=\"solid\" data-border-color=\"\" data-bg-cover=\"\" data-padding-pos=\"all\" data-has-bg-color=\"true\" data-bg-color=\"#eef8fc\" data-bg-opacity=\"1\" data-hover-bg=\"\" data-hover-bg-opacity=\"1\" data-animation=\"\" data-delay=\"0\">\n\t\t<div class=\"vc_column-inner\">\n\t\t\t<div class=\"wpb_wrapper\">\n\t\t\t\t\r\n\t<div id=\"fws_69df17dbf33a8\" data-midnight=\"\" data-column-margin=\"default\" data-bg-mobile-hidden=\"\" class=\"wpb_row vc_row-fluid vc_row  vc_row-o-content-bottom standard_section\"  style=\"padding-top: 25px; padding-bottom: 0px; \"><div class=\"row-bg-wrap\"> <div class=\"row-bg\"  style=\"\"><\/div> <\/div><div class=\"col span_12  left\">\n\t<div  class=\"vc_col-sm-3 wpb_column column_container vc_column_container col no-extra-padding\"   data-border-animation=\"\" data-border-animation-delay=\"\" data-border-width=\"none\" data-border-style=\"solid\" data-border-color=\"\" data-bg-cover=\"\" data-padding-pos=\"all\" data-has-bg-color=\"false\" data-bg-color=\"\" data-bg-opacity=\"1\" data-hover-bg=\"\" data-hover-bg-opacity=\"1\" data-animation=\"\" data-delay=\"0\">\n\t\t<div class=\"vc_column-inner\">\n\t\t<div class=\"wpb_wrapper\">\n\t\t\t<div class=\"img-with-aniamtion-wrap\" data-max-width=\"100%\"><div class=\"inner\"><img loading=\"lazy\" decoding=\"async\" data-shadow=\"none\" data-shadow-direction=\"middle\" class=\"img-with-animation\" data-delay=\"0\" height=\"294\" width=\"440\" data-animation=\"none\" src=\"https:\/\/yachtprojects.net\/wp-content\/uploads\/2021\/02\/intellian_logo-new-440.png\" srcset=\"https:\/\/yachtprojects.net\/wp-content\/uploads\/2021\/02\/intellian_logo-new-440.png 440w, https:\/\/yachtprojects.net\/wp-content\/uploads\/2021\/02\/intellian_logo-new-440-300x200.png 300w, https:\/\/yachtprojects.net\/wp-content\/uploads\/2021\/02\/intellian_logo-new-440-64x43.png 64w\" sizes=\"auto, 100vw\" alt=\"\" \/><\/div><\/div>\n\t\t<\/div> \n\t<\/div>\n\t<\/div> \n\n\t<div  class=\"vc_col-sm-9 wpb_column column_container vc_column_container col no-extra-padding\"   data-border-animation=\"\" data-border-animation-delay=\"\" data-border-width=\"none\" data-border-style=\"solid\" data-border-color=\"\" data-bg-cover=\"\" data-padding-pos=\"all\" data-has-bg-color=\"false\" data-bg-color=\"\" data-bg-opacity=\"1\" data-hover-bg=\"\" data-hover-bg-opacity=\"1\" data-animation=\"\" data-delay=\"0\">\n\t\t<div class=\"vc_column-inner\">\n\t\t<div class=\"wpb_wrapper\">\n\t\t\t\r\n\t<div class=\"wpb_text_column wpb_content_element\" >\r\n\t\t<div class=\"wpb_wrapper\">\r\n\t\t\t<h1 style=\"text-align: center;\"><span style=\"color: #0e4176;\">Intellian Hardware<\/span><\/h1>\n\r\n\t\t<\/div>\r\n\t<\/div>\r\n\n\t\t<\/div> \n\t<\/div>\n\t<\/div> \n<\/div><\/div>\r\n\t<div class=\"wpb_text_column wpb_content_element\" >\r\n\t\t<div class=\"wpb_wrapper\">\r\n\t\t\t<div class=\"container white-container\">\n<div class=\"row\">\n<div class=\"col-sm-9\">\n<div class=\"blue-container\">\n<p><img loading=\"lazy\" decoding=\"async\" class=\"img_fullWidth aligncenter wp-image-122 size-full\" src=\"https:\/\/yachtprojects.net\/wp-content\/uploads\/2017\/11\/intellian-hardware-gallery-1.jpg\" alt=\"\" width=\"683\" height=\"246\" srcset=\"https:\/\/yachtprojects.net\/wp-content\/uploads\/2017\/11\/intellian-hardware-gallery-1.jpg 683w, https:\/\/yachtprojects.net\/wp-content\/uploads\/2017\/11\/intellian-hardware-gallery-1-600x216.jpg 600w, https:\/\/yachtprojects.net\/wp-content\/uploads\/2017\/11\/intellian-hardware-gallery-1-300x108.jpg 300w\" sizes=\"auto, (max-width: 683px) 100vw, 683px\" \/><\/p>\n<div>Intellian, nuestro proveedor preferido, es el proveedor l\u00edder global en sistemas de antenas de sat\u00e9lite estabilizadas. Construido sobre un RF patentado, tecnolog\u00eda de estabilizaci\u00f3n y de seguimiento, sus productos apoyan a un amplio rango de industrias, incluyendo Commercial Maritime, Offshore Energy, Defense &amp; Intelligence y Luxury Yachting. El rango comprensivo de sistemas de antena incluye soluciones para Satellite TV, VSAT, Global Xpress e Iridium Certus.<\/div>\n<p>Ya sea entregando bienes por medio del oc\u00e9ano, explorando para aceite &amp; gas en regiones remotas, o simplemente disfrutando los mejores destinos de cruceros del mundo, la necesidad de conectividad fiable est\u00e1 siempre presente y siempre tiene una demanda en aumento. Intellian fue fundado con la premisa de hacer la conectividad remota simple podr\u00eda aumentar la rentabilidad para las empresas y mejorar las vidas para todos. Eso significa usted hoy.<\/p>\n<p>&nbsp;<\/p>\n<\/div>\n<\/div>\n<\/div>\n<\/div>\n\r\n\t\t<\/div>\r\n\t<\/div>\r\n<div class=\"toggles\" data-style=\"default\"><div class=\"toggle default\"><h3><a href=\"#\"><i class=\"icon-plus-sign\"><\/i>SOLUCIONES VSAT INTELLIAN<\/a><\/h3><div>\r\n\t<div class=\"wpb_text_column wpb_content_element\" >\r\n\t\t<div class=\"wpb_wrapper\">\r\n\t\t\t<p>Por mucho tiempo, VSAT ha sido una compleja y pesada tecnolog\u00eda para adoptar. Muchos segmentos de industrias fuera de la costa han aplazado la actualizaci\u00f3n de sus comunicaciones en embarcaciones, prefiriendo la simplicidad de soluciones heredadas, incluso sufriendo de menor banda ancha.<\/p>\n<p>Intellian ha jugado un rol p\u00edvot en cambiar la percepci\u00f3n de la industria de VSAT como una soluci\u00f3n de comunicaci\u00f3n viable y conveniente. No solamente hemos acortado el tiempo de instalaci\u00f3n, sino que tambi\u00e9n somos pioneros en la disponibilidad de gesti\u00f3n remota, control y sistemas de apoyo alrededor del mundo. De desarrollar el primer LNB mundial, para abrir camino en la actualizaci\u00f3n de banda Ku- a Ka-, las antenas Intellian hacen que VSAT sea f\u00e1cil.<\/p>\n\r\n\t\t<\/div>\r\n\t<\/div>\r\n<\/div><\/div><div class=\"toggle default\"><h3><a href=\"#\"><i class=\"icon-plus-sign\"><\/i>SERVICIO INTELLIAN GLOBAL XPRESS (GX)<\/a><\/h3><div>\r\n\t<div class=\"wpb_text_column wpb_content_element\" >\r\n\t\t<div class=\"wpb_wrapper\">\r\n\t\t\t<p class=\"translation-block\">La velocidad de Inmarsat, el servicio Global Xpress (GX), ha proporcionado a los operadores de embarcaciones una soluci\u00f3n alternativa viable para una conectividad de banda ancha asequible y mundial, con alta velocidad. Los V100GX y V60GX de Intellian fueron los sistemas de antenas GX m\u00e1s impresionantes y la introducci\u00f3n del V60NX es la pr\u00f3xima generaci\u00f3n de capacidad, proporcionando un rendimiento inigualable hoy en d\u00eda en el servicio de banda Ka- con la habilidad de adaptarse a las pr\u00f3ximas consultas de LEO y MEO cuando est\u00e9n comercialmente disponibles. El servicio original, conocido como GX en el mundo comercial, se ha convertido en el servicio FX con una conmutaci\u00f3n autom\u00e1tica a un servicio de banda ancha de flota gratuito en caso de que la antena principal tenga un error operativo poco probable.<\/p>\n<p><a href=\"https:\/\/yachtprojects.net\/wp-content\/uploads\/2017\/11\/GX_coverage.pdf\" target=\"_blank\" rel=\"noopener noreferrer\">GX coverage factsheet pdf &gt;<\/a><br \/>\n<a href=\"https:\/\/yachtprojects.net\/wp-content\/uploads\/2017\/11\/GX_Intellian.pdf\" target=\"_blank\" rel=\"noopener noreferrer\">GX Intellian factsheet pdf &gt;<\/a><br \/>\n<a href=\"https:\/\/yachtprojects.net\/wp-content\/uploads\/2017\/11\/GX_introductory_pricing-1.pdf\" target=\"_blank\" rel=\"noopener noreferrer\">GX introductory pricing pdf &gt;<\/a><\/p>\n\r\n\t\t<\/div>\r\n\t<\/div>\r\n<\/div><\/div><div class=\"toggle default\"><h3><a href=\"#\"><i class=\"icon-plus-sign\"><\/i>SERIES INTELLIAN\u2019S TVRO<\/a><\/h3><div>\r\n\t<div class=\"wpb_text_column wpb_content_element\" >\r\n\t\t<div class=\"wpb_wrapper\">\r\n\t\t\t<p>La gama completa de sistemas de televisi\u00f3n por sat\u00e9lite marino Intellian permite la visualizaci\u00f3n ininterrumpida de TV HD o SD a bordo. Estos productos confiables han desarrollado para los propietarios de embarcaciones que van al mar en todas las condiciones o para aquellos a lo que les gusta anclar en una cala tranquila en alg\u00fan lugar. Intellian fabrica antenas con menos piezas m\u00f3viles, a lo que hace que los productos sean m\u00e1s peque\u00f1os, m\u00e1s silenciosos, y m\u00e1s f\u00e1ciles de instalar y operar.<\/p>\n<p>\u2022 i-SERIES<\/p>\n<p>El i-Series proporciona un rango completo de las antenas de televisi\u00f3n por sat\u00e9lite marina de 2 ejes m\u00e1s vers\u00e1tiles y confiables del mundo. Ambos potentes y compactos, nuestras antenas i-Series proporcionan una percepci\u00f3n de televisi\u00f3n excepcional, desde barcos peque\u00f1os de 7 metros (20ft) hasta los yates m\u00e1s lujosos. Solo Intellian ofrece exclusividad y tecnolog\u00edas patentadas que consiguen que ver televisi\u00f3n a bordo sea m\u00e1s f\u00e1cil y agradable de lo que nunca se ha podido imaginar.<\/p>\n<p>\u2022 s-SERIES<\/p>\n<p>El s-Series permite a los clientes tener cobertura ininterrumpida DirecTV y \ncapacidades WorldView alrededor del globo para la experiencia Ultimate \nDirecTV HD. Con recepci\u00f3n simult\u00e1nea de los tres sat\u00e9lites DirectTV, los s-Series proporciona recepci\u00f3n HDTV y compatibilidad DVR para tener una experiencia verdaderamente \u201ccomo en casa\u201d. Adicionalmente, todos a bordo de la embarcaci\u00f3n pueden ver diferentes canales en m\u00faltiples receptores al mismo tiempo. \u00a1Sus pasajeros pueden ver sus programas preferidos mientras usted disfruta un partido - sin m\u00e1s compromiso!<\/p>\n<p>\u2022 t-SERIES<\/p>\n<p>El t-Series es el verdadero primer sat\u00e9lite global del mundo, con recepci\u00f3n de servicio TV para entretenimiento ininterrumpido. Ideal para embarcaciones grandes fuera de la costa, megayates y barcos comerciales, las antenas habilitadas de Intellian\u2019s WorldView cuentan con un innovador dise\u00f1o estabilizado de 3 ejes para todas las regiones del mundo.<\/p>\n\r\n\t\t<\/div>\r\n\t<\/div>\r\n<\/div><\/div><div class=\"toggle default\"><h3><a href=\"#\"><i class=\"icon-plus-sign\"><\/i>Iridium Certus<\/a><\/h3><div>\r\n\t<div class=\"wpb_text_column wpb_content_element\" >\r\n\t\t<div class=\"wpb_wrapper\">\r\n\t\t\t<div>El t-Series es el verdadero primer sat\u00e9lite global del mundo, con recepci\u00f3n de servicio TV para entretenimiento ininterrumpido. Ideal para embarcaciones grandes fuera de la costa, megayates y barcos comerciales, las antenas habilitadas de Intellian\u2019s WorldView cuentan con un innovador dise\u00f1o estabilizado de 3 ejes para todas las regiones del mundo.<\/div>\n<div><\/div>\n<div>\n<p>Mant\u00e9ngase conectado con la terminal m\u00e1s potente disponible, Iridium \nCertus.<\/p>\n<p>La terminal de sat\u00e9lite mar\u00edtima Intellian C700 utiliza la red de Iridium Certus \nde 66 sat\u00e9lites de \u00f3rbita terrestres baja (LEO), proporcionando verdadera \ncomunicaci\u00f3n global polo a polo.<\/p>\n<div>Con el mejor rendimiento RF en su clase, el C700 puede ofrecer velocidades \nde enlace ascendente de 352 Kbps y velocidades de enlaces descendentes \nde 704 Kps, igualmente con una impresionante eficiencia de RF con un bajo\n\u00e1ngulo de elevaci\u00f3n gracias a su dise\u00f1o \u00fanico de antena de matriz en fase\nde 12 parches. Soportar\u00e1 tres l\u00edneas de tel\u00e9fono de alta calidad y baja latencia simult\u00e1neamente; al ser una antena sin partes m\u00f3viles en su interior, el C700 es especialmente robusto, sin requerir un mantenimiento \nprogramado durante su vida \u00fatil.<\/div>\n<\/div>\n\r\n\t\t<\/div>\r\n\t<\/div>\r\n<\/div><\/div><\/div>\r\n\t<div class=\"wpb_text_column wpb_content_element\" >\r\n\t\t<div class=\"wpb_wrapper\">\r\n\t\t\t<h6><span style=\"color: #004a80;\">SOPORTE<\/span><\/h6>\n<p>Intellian tiene una red de soporte global entrenada con los mismos est\u00e1ndares que a los propios ingenieros de Intellian. Incluso los productos mejores dise\u00f1ados y probados puede que a veces requieran soporte una vez desplegado en el campo, y cuando ese tiempo llegue, la embarcaci\u00f3n podr\u00eda estar en una parte del mundo muy lejana. Intellian comunica estas realidades operarias proporcionando una red altamente capacitada de instalaciones de soporte y log\u00edstica en todo el mundo.<\/p>\n<p>Los clientes de Intellian est\u00e1n seguros sabiendo que, sea donde el viaje les lleve, Intellian GSN altamente entrenado y totalmente equipado, est\u00e1 cerca de ellos.<\/p>\n<p>Los t\u00e9cnicos de YachtProjects International est\u00e1n todos certificados en Intellian y est\u00e1n entrenados para la operaci\u00f3n de todo rango de antenas.<\/p>\n<p><b>Tecnolog\u00edas Intellian. Conecta con lo mejor.<\/b><\/p>\n<p><a class=\"nectar-button small regular extra-color-1 regular-button\" style=\"visibility: visible;\" href=\"https:\/\/yachtprojects.net\/es\/contact\/\" data-color-override=\"false\" data-hover-color-override=\"false\" data-hover-text-color-override=\"#fff\">Hacer consulta<\/a><\/p>\n\r\n\t\t<\/div>\r\n\t<\/div>\r\n\n\t\t\t<\/div> \n\t\t<\/div>\n\t<\/div> \n<\/div><\/div>","protected":false},"excerpt":{"rendered":"Intellian Hardware Intellian, our preferred provider, \u00a0is the leading global provider of stabilized satellite antenna systems. Built upon a patented RF, stabilization and tracking technology, their products support a wide...","protected":false},"author":1,"featured_media":0,"parent":0,"menu_order":0,"comment_status":"closed","ping_status":"closed","template":"","meta":{"footnotes":""},"class_list":["post-121","page","type-page","status-publish","hentry"],"yoast_head":"<!-- This site is optimized with the Yoast SEO plugin v25.4 - https:\/\/yoast.com\/wordpress\/plugins\/seo\/ -->\n<title>Communications: Intellian Hardware - YachtProjects International<\/title>\n<meta name=\"robots\" content=\"index, follow, max-snippet:-1, max-image-preview:large, max-video-preview:-1\" \/>\n<link rel=\"canonical\" href=\"https:\/\/yachtprojects.net\/es\/communications-intellian-hardware\/\" \/>\n<meta property=\"og:locale\" content=\"es_ES\" \/>\n<meta property=\"og:type\" content=\"article\" \/>\n<meta property=\"og:title\" content=\"Communications: Intellian Hardware - YachtProjects International\" \/>\n<meta property=\"og:url\" content=\"https:\/\/yachtprojects.net\/es\/communications-intellian-hardware\/\" \/>\n<meta property=\"og:site_name\" content=\"YachtProjects International\" \/>\n<meta property=\"article:publisher\" content=\"https:\/\/www.facebook.com\/communicationprofessional\/?ref=bookmarks\" \/>\n<meta property=\"article:modified_time\" content=\"2023-06-05T14:46:15+00:00\" \/>\n<meta property=\"og:image\" content=\"https:\/\/yachtprojects.net\/wp-content\/uploads\/2017\/11\/intellian-hardware-gallery-1.jpg\" \/>\n<meta name=\"twitter:card\" content=\"summary_large_image\" \/>\n<meta name=\"twitter:label1\" content=\"Tiempo de lectura\" \/>\n\t<meta name=\"twitter:data1\" content=\"5 minutos\" \/>\n<script type=\"application\/ld+json\" class=\"yoast-schema-graph\">{\"@context\":\"https:\/\/schema.org\",\"@graph\":[{\"@type\":\"WebPage\",\"@id\":\"https:\/\/yachtprojects.net\/communications-intellian-hardware\/\",\"url\":\"https:\/\/yachtprojects.net\/communications-intellian-hardware\/\",\"name\":\"Communications: Intellian Hardware - YachtProjects International\",\"isPartOf\":{\"@id\":\"https:\/\/yachtprojects.net\/#website\"},\"primaryImageOfPage\":{\"@id\":\"https:\/\/yachtprojects.net\/communications-intellian-hardware\/#primaryimage\"},\"image\":{\"@id\":\"https:\/\/yachtprojects.net\/communications-intellian-hardware\/#primaryimage\"},\"thumbnailUrl\":\"https:\/\/yachtprojects.net\/wp-content\/uploads\/2017\/11\/intellian-hardware-gallery-1.jpg\",\"datePublished\":\"2017-11-14T16:07:13+00:00\",\"dateModified\":\"2023-06-05T14:46:15+00:00\",\"breadcrumb\":{\"@id\":\"https:\/\/yachtprojects.net\/communications-intellian-hardware\/#breadcrumb\"},\"inLanguage\":\"es\",\"potentialAction\":[{\"@type\":\"ReadAction\",\"target\":[\"https:\/\/yachtprojects.net\/communications-intellian-hardware\/\"]}]},{\"@type\":\"ImageObject\",\"inLanguage\":\"es\",\"@id\":\"https:\/\/yachtprojects.net\/communications-intellian-hardware\/#primaryimage\",\"url\":\"https:\/\/yachtprojects.net\/wp-content\/uploads\/2017\/11\/intellian-hardware-gallery-1.jpg\",\"contentUrl\":\"https:\/\/yachtprojects.net\/wp-content\/uploads\/2017\/11\/intellian-hardware-gallery-1.jpg\"},{\"@type\":\"BreadcrumbList\",\"@id\":\"https:\/\/yachtprojects.net\/communications-intellian-hardware\/#breadcrumb\",\"itemListElement\":[{\"@type\":\"ListItem\",\"position\":1,\"name\":\"Home\",\"item\":\"https:\/\/yachtprojects.net\/\"},{\"@type\":\"ListItem\",\"position\":2,\"name\":\"Communications: Intellian Hardware\"}]},{\"@type\":\"WebSite\",\"@id\":\"https:\/\/yachtprojects.net\/#website\",\"url\":\"https:\/\/yachtprojects.net\/\",\"name\":\"YachtProjects International\",\"description\":\"\",\"publisher\":{\"@id\":\"https:\/\/yachtprojects.net\/#organization\"},\"potentialAction\":[{\"@type\":\"SearchAction\",\"target\":{\"@type\":\"EntryPoint\",\"urlTemplate\":\"https:\/\/yachtprojects.net\/?s={search_term_string}\"},\"query-input\":{\"@type\":\"PropertyValueSpecification\",\"valueRequired\":true,\"valueName\":\"search_term_string\"}}],\"inLanguage\":\"es\"},{\"@type\":\"Organization\",\"@id\":\"https:\/\/yachtprojects.net\/#organization\",\"name\":\"Yachtprojects International\",\"url\":\"https:\/\/yachtprojects.net\/\",\"logo\":{\"@type\":\"ImageObject\",\"inLanguage\":\"es\",\"@id\":\"https:\/\/yachtprojects.net\/#\/schema\/logo\/image\/\",\"url\":\"https:\/\/yachtprojects.net\/wp-content\/uploads\/2017\/11\/SEO_Logo_v2.png\",\"contentUrl\":\"https:\/\/yachtprojects.net\/wp-content\/uploads\/2017\/11\/SEO_Logo_v2.png\",\"width\":260,\"height\":80,\"caption\":\"Yachtprojects International\"},\"image\":{\"@id\":\"https:\/\/yachtprojects.net\/#\/schema\/logo\/image\/\"},\"sameAs\":[\"https:\/\/www.facebook.com\/communicationprofessional\/?ref=bookmarks\"]}]}<\/script>\n<!-- \/ Yoast SEO plugin. -->","yoast_head_json":{"title":"Communications: Intellian Hardware - YachtProjects International","robots":{"index":"index","follow":"follow","max-snippet":"max-snippet:-1","max-image-preview":"max-image-preview:large","max-video-preview":"max-video-preview:-1"},"canonical":"https:\/\/yachtprojects.net\/es\/communications-intellian-hardware\/","og_locale":"es_ES","og_type":"article","og_title":"Communications: Intellian Hardware - YachtProjects International","og_url":"https:\/\/yachtprojects.net\/es\/communications-intellian-hardware\/","og_site_name":"YachtProjects International","article_publisher":"https:\/\/www.facebook.com\/communicationprofessional\/?ref=bookmarks","article_modified_time":"2023-06-05T14:46:15+00:00","og_image":[{"url":"https:\/\/yachtprojects.net\/wp-content\/uploads\/2017\/11\/intellian-hardware-gallery-1.jpg","type":"","width":"","height":""}],"twitter_card":"summary_large_image","twitter_misc":{"Tiempo de lectura":"5 minutos"},"schema":{"@context":"https:\/\/schema.org","@graph":[{"@type":"WebPage","@id":"https:\/\/yachtprojects.net\/communications-intellian-hardware\/","url":"https:\/\/yachtprojects.net\/communications-intellian-hardware\/","name":"Communications: Intellian Hardware - YachtProjects International","isPartOf":{"@id":"https:\/\/yachtprojects.net\/#website"},"primaryImageOfPage":{"@id":"https:\/\/yachtprojects.net\/communications-intellian-hardware\/#primaryimage"},"image":{"@id":"https:\/\/yachtprojects.net\/communications-intellian-hardware\/#primaryimage"},"thumbnailUrl":"https:\/\/yachtprojects.net\/wp-content\/uploads\/2017\/11\/intellian-hardware-gallery-1.jpg","datePublished":"2017-11-14T16:07:13+00:00","dateModified":"2023-06-05T14:46:15+00:00","breadcrumb":{"@id":"https:\/\/yachtprojects.net\/communications-intellian-hardware\/#breadcrumb"},"inLanguage":"es","potentialAction":[{"@type":"ReadAction","target":["https:\/\/yachtprojects.net\/communications-intellian-hardware\/"]}]},{"@type":"ImageObject","inLanguage":"es","@id":"https:\/\/yachtprojects.net\/communications-intellian-hardware\/#primaryimage","url":"https:\/\/yachtprojects.net\/wp-content\/uploads\/2017\/11\/intellian-hardware-gallery-1.jpg","contentUrl":"https:\/\/yachtprojects.net\/wp-content\/uploads\/2017\/11\/intellian-hardware-gallery-1.jpg"},{"@type":"BreadcrumbList","@id":"https:\/\/yachtprojects.net\/communications-intellian-hardware\/#breadcrumb","itemListElement":[{"@type":"ListItem","position":1,"name":"Home","item":"https:\/\/yachtprojects.net\/"},{"@type":"ListItem","position":2,"name":"Communications: Intellian Hardware"}]},{"@type":"WebSite","@id":"https:\/\/yachtprojects.net\/#website","url":"https:\/\/yachtprojects.net\/","name":"YachtProjects International","description":"","publisher":{"@id":"https:\/\/yachtprojects.net\/#organization"},"potentialAction":[{"@type":"SearchAction","target":{"@type":"EntryPoint","urlTemplate":"https:\/\/yachtprojects.net\/?s={search_term_string}"},"query-input":{"@type":"PropertyValueSpecification","valueRequired":true,"valueName":"search_term_string"}}],"inLanguage":"es"},{"@type":"Organization","@id":"https:\/\/yachtprojects.net\/#organization","name":"Yachtprojects International","url":"https:\/\/yachtprojects.net\/","logo":{"@type":"ImageObject","inLanguage":"es","@id":"https:\/\/yachtprojects.net\/#\/schema\/logo\/image\/","url":"https:\/\/yachtprojects.net\/wp-content\/uploads\/2017\/11\/SEO_Logo_v2.png","contentUrl":"https:\/\/yachtprojects.net\/wp-content\/uploads\/2017\/11\/SEO_Logo_v2.png","width":260,"height":80,"caption":"Yachtprojects International"},"image":{"@id":"https:\/\/yachtprojects.net\/#\/schema\/logo\/image\/"},"sameAs":["https:\/\/www.facebook.com\/communicationprofessional\/?ref=bookmarks"]}]}},"_links":{"self":[{"href":"https:\/\/yachtprojects.net\/es\/wp-json\/wp\/v2\/pages\/121","targetHints":{"allow":["GET"]}}],"collection":[{"href":"https:\/\/yachtprojects.net\/es\/wp-json\/wp\/v2\/pages"}],"about":[{"href":"https:\/\/yachtprojects.net\/es\/wp-json\/wp\/v2\/types\/page"}],"author":[{"embeddable":true,"href":"https:\/\/yachtprojects.net\/es\/wp-json\/wp\/v2\/users\/1"}],"replies":[{"embeddable":true,"href":"https:\/\/yachtprojects.net\/es\/wp-json\/wp\/v2\/comments?post=121"}],"version-history":[{"count":46,"href":"https:\/\/yachtprojects.net\/es\/wp-json\/wp\/v2\/pages\/121\/revisions"}],"predecessor-version":[{"id":14707,"href":"https:\/\/yachtprojects.net\/es\/wp-json\/wp\/v2\/pages\/121\/revisions\/14707"}],"wp:attachment":[{"href":"https:\/\/yachtprojects.net\/es\/wp-json\/wp\/v2\/media?parent=121"}],"curies":[{"name":"wp","href":"https:\/\/api.w.org\/{rel}","templated":true}]}}